

{"id":8119,"date":"2019-06-20T14:09:04","date_gmt":"2019-06-20T12:09:04","guid":{"rendered":"https:\/\/support.wallbox.com\/kontakta-oss\/"},"modified":"2026-04-02T08:45:34","modified_gmt":"2026-04-02T06:45:34","slug":"kontakta-oss","status":"publish","type":"page","link":"https:\/\/support.wallbox.com\/sv\/kontakta-oss\/","title":{"rendered":"Kontakta oss"},"content":{"rendered":"\t\t<div data-elementor-type=\"wp-post\" data-elementor-id=\"8119\" class=\"elementor elementor-8119 elementor-18\" data-elementor-post-type=\"page\">\n\t\t\t\t\t\t<section class=\"elementor-section elementor-top-section elementor-element elementor-element-ab4814e newWeb elementor-section-boxed elementor-section-height-default elementor-section-height-default\" data-id=\"ab4814e\" data-element_type=\"section\">\n\t\t\t\t\t\t<div class=\"elementor-container elementor-column-gap-default\">\n\t\t\t\t\t<div class=\"elementor-column elementor-col-100 elementor-top-column elementor-element elementor-element-394e73d\" data-id=\"394e73d\" data-element_type=\"column\">\n\t\t\t<div class=\"elementor-widget-wrap elementor-element-populated\">\n\t\t\t\t\t\t<div class=\"elementor-element elementor-element-e2e1c13 h2 elementor-widget elementor-widget-heading\" data-id=\"e2e1c13\" data-element_type=\"widget\" data-widget_type=\"heading.default\">\n\t\t\t\t<div class=\"elementor-widget-container\">\n\t\t\t<h2 class=\"elementor-heading-title elementor-size-default\">Kontakta oss<\/h2>\t\t<\/div>\n\t\t\t\t<\/div>\n\t\t\t\t\t<\/div>\n\t\t<\/div>\n\t\t\t\t\t<\/div>\n\t\t<\/section>\n\t\t\t\t<section class=\"elementor-section elementor-top-section elementor-element elementor-element-a18a76e newWeb elementor-section-boxed elementor-section-height-default elementor-section-height-default\" data-id=\"a18a76e\" data-element_type=\"section\">\n\t\t\t\t\t\t<div class=\"elementor-container elementor-column-gap-default\">\n\t\t\t\t\t<div class=\"elementor-column elementor-col-100 elementor-top-column elementor-element elementor-element-d19fde7\" data-id=\"d19fde7\" data-element_type=\"column\">\n\t\t\t<div class=\"elementor-widget-wrap elementor-element-populated\">\n\t\t\t\t\t\t<div class=\"elementor-element elementor-element-be0a211 elementor-tabs-view-horizontal elementor-widget elementor-widget-tabs\" data-id=\"be0a211\" data-element_type=\"widget\" data-widget_type=\"tabs.default\">\n\t\t\t\t<div class=\"elementor-widget-container\">\n\t\t\t\t\t<div class=\"elementor-tabs\">\n\t\t\t<div class=\"elementor-tabs-wrapper\" role=\"tablist\" >\n\t\t\t\t\t\t\t\t\t<div id=\"elementor-tab-title-1991\" class=\"elementor-tab-title elementor-tab-desktop-title\" aria-selected=\"true\" data-tab=\"1\" role=\"tab\" tabindex=\"0\" aria-controls=\"elementor-tab-content-1991\" aria-expanded=\"false\">Kundtj\u00e4nst\/f\u00f6rfr\u00e5gan<\/div>\n\t\t\t\t\t\t\t<\/div>\n\t\t\t<div class=\"elementor-tabs-content-wrapper\" role=\"tablist\" aria-orientation=\"vertical\">\n\t\t\t\t\t\t\t\t\t<div class=\"elementor-tab-title elementor-tab-mobile-title\" aria-selected=\"true\" data-tab=\"1\" role=\"tab\" tabindex=\"0\" aria-controls=\"elementor-tab-content-1991\" aria-expanded=\"false\">Kundtj\u00e4nst\/f\u00f6rfr\u00e5gan<\/div>\n\t\t\t\t\t<div id=\"elementor-tab-content-1991\" class=\"elementor-tab-content elementor-clearfix\" data-tab=\"1\" role=\"tabpanel\" aria-labelledby=\"elementor-tab-title-1991\" tabindex=\"0\" hidden=\"false\"><p><strong>Vi finns h\u00e4r f\u00f6r dig!<\/strong><\/p><p>F\u00f6r att behandla din f\u00f6rfr\u00e5gan s\u00e5 snabbt som m\u00f6jligt har vi optimerat v\u00e5r serviceprocess.<br \/><strong>Fr\u00e5n och med nu kan support\u00e4renden endast skapas via v\u00e5r chatbot.<\/strong><\/p><p>Det \u00e4r enkelt:<\/p><p><strong>Klicka p\u00e5 chattikonen l\u00e4ngst ner till v\u00e4nster.<\/strong> V\u00e5r chatbot v\u00e4gleder dig genom de viktigaste fr\u00e5gorna s\u00e5 att ditt \u00e4rende g\u00e5r direkt till r\u00e4tt expert. Detta sparar tid och s\u00e4kerst\u00e4ller en snabbare l\u00f6sning.<\/p><p>N\u00e4r ditt \u00e4rende har skapats kommer v\u00e5rt serviceteam att kontakta dig s\u00e5 snart som m\u00f6jligt.<\/p><p>Tack f\u00f6r ditt st\u00f6d!<\/p><p><strong>Ditt ABL- och Wallbox-team<\/strong><\/p><\/div>\n\t\t\t\t\t\t\t<\/div>\n\t\t<\/div>\n\t\t\t\t<\/div>\n\t\t\t\t<\/div>\n\t\t\t\t\t<\/div>\n\t\t<\/div>\n\t\t\t\t\t<\/div>\n\t\t<\/section>\n\t\t\t\t<\/div>\n\t\t","protected":false},"excerpt":{"rendered":"<p>Kontakta oss Kundtj\u00e4nst\/f\u00f6rfr\u00e5gan Kundtj\u00e4nst\/f\u00f6rfr\u00e5gan Vi finns h\u00e4r f\u00f6r dig! F\u00f6r att behandla din f\u00f6rfr\u00e5gan s\u00e5 snabbt som m\u00f6jligt har vi&#8230;<\/p>\n","protected":false},"author":23,"featured_media":0,"parent":0,"menu_order":0,"comment_status":"closed","ping_status":"closed","template":"elementor_header_footer","meta":{"inline_featured_image":false,"footnotes":""},"class_list":["post-8119","page","type-page","status-publish","hentry"],"acf":[],"yoast_head":"<!-- This site is optimized with the Yoast SEO plugin v18.6 - https:\/\/yoast.com\/wordpress\/plugins\/seo\/ -->\n<title>Kontakta oss - Wallbox Help Center<\/title>\n<meta name=\"robots\" content=\"index, follow, max-snippet:-1, max-image-preview:large, max-video-preview:-1\" \/>\n<link rel=\"canonical\" href=\"https:\/\/support.wallbox.com\/sv\/kontakta-oss\/\" \/>\n<meta property=\"og:locale\" content=\"sv_SE\" \/>\n<meta property=\"og:type\" content=\"article\" \/>\n<meta property=\"og:title\" content=\"Kontakta oss - Wallbox Help Center\" \/>\n<meta property=\"og:description\" content=\"Kontakta oss Kundtj\u00e4nst\/f\u00f6rfr\u00e5gan Kundtj\u00e4nst\/f\u00f6rfr\u00e5gan Vi finns h\u00e4r f\u00f6r dig! F\u00f6r att behandla din f\u00f6rfr\u00e5gan s\u00e5 snabbt som m\u00f6jligt har vi...\" \/>\n<meta property=\"og:url\" content=\"https:\/\/support.wallbox.com\/sv\/kontakta-oss\/\" \/>\n<meta property=\"og:site_name\" content=\"Wallbox Help Center\" \/>\n<meta property=\"article:modified_time\" content=\"2026-04-02T06:45:34+00:00\" \/>\n<meta name=\"twitter:card\" content=\"summary_large_image\" \/>\n<meta name=\"twitter:label1\" content=\"Est. reading time\" \/>\n\t<meta name=\"twitter:data1\" content=\"1 minute\" \/>\n<script type=\"application\/ld+json\" class=\"yoast-schema-graph\">{\"@context\":\"https:\/\/schema.org\",\"@graph\":[{\"@type\":\"WebSite\",\"@id\":\"https:\/\/support.wallbox.com\/sv\/#website\",\"url\":\"https:\/\/support.wallbox.com\/sv\/\",\"name\":\"Wallbox Help Center\",\"description\":\"Get help for our products &amp; digital solutions\",\"potentialAction\":[{\"@type\":\"SearchAction\",\"target\":{\"@type\":\"EntryPoint\",\"urlTemplate\":\"https:\/\/support.wallbox.com\/sv\/?s={search_term_string}\"},\"query-input\":\"required name=search_term_string\"}],\"inLanguage\":\"sv-SE\"},{\"@type\":\"WebPage\",\"@id\":\"https:\/\/support.wallbox.com\/sv\/kontakta-oss\/#webpage\",\"url\":\"https:\/\/support.wallbox.com\/sv\/kontakta-oss\/\",\"name\":\"Kontakta oss - Wallbox Help Center\",\"isPartOf\":{\"@id\":\"https:\/\/support.wallbox.com\/sv\/#website\"},\"datePublished\":\"2019-06-20T12:09:04+00:00\",\"dateModified\":\"2026-04-02T06:45:34+00:00\",\"breadcrumb\":{\"@id\":\"https:\/\/support.wallbox.com\/sv\/kontakta-oss\/#breadcrumb\"},\"inLanguage\":\"sv-SE\",\"potentialAction\":[{\"@type\":\"ReadAction\",\"target\":[\"https:\/\/support.wallbox.com\/sv\/kontakta-oss\/\"]}]},{\"@type\":\"BreadcrumbList\",\"@id\":\"https:\/\/support.wallbox.com\/sv\/kontakta-oss\/#breadcrumb\",\"itemListElement\":[{\"@type\":\"ListItem\",\"position\":1,\"name\":\"Home\",\"item\":\"https:\/\/support.wallbox.com\/sv\/\"},{\"@type\":\"ListItem\",\"position\":2,\"name\":\"Kontakta oss\"}]}]}<\/script>\n<!-- \/ Yoast SEO plugin. -->","yoast_head_json":{"title":"Kontakta oss - Wallbox Help Center","robots":{"index":"index","follow":"follow","max-snippet":"max-snippet:-1","max-image-preview":"max-image-preview:large","max-video-preview":"max-video-preview:-1"},"canonical":"https:\/\/support.wallbox.com\/sv\/kontakta-oss\/","og_locale":"sv_SE","og_type":"article","og_title":"Kontakta oss - Wallbox Help Center","og_description":"Kontakta oss Kundtj\u00e4nst\/f\u00f6rfr\u00e5gan Kundtj\u00e4nst\/f\u00f6rfr\u00e5gan Vi finns h\u00e4r f\u00f6r dig! F\u00f6r att behandla din f\u00f6rfr\u00e5gan s\u00e5 snabbt som m\u00f6jligt har vi...","og_url":"https:\/\/support.wallbox.com\/sv\/kontakta-oss\/","og_site_name":"Wallbox Help Center","article_modified_time":"2026-04-02T06:45:34+00:00","twitter_card":"summary_large_image","twitter_misc":{"Est. reading time":"1 minute"},"schema":{"@context":"https:\/\/schema.org","@graph":[{"@type":"WebSite","@id":"https:\/\/support.wallbox.com\/sv\/#website","url":"https:\/\/support.wallbox.com\/sv\/","name":"Wallbox Help Center","description":"Get help for our products &amp; digital solutions","potentialAction":[{"@type":"SearchAction","target":{"@type":"EntryPoint","urlTemplate":"https:\/\/support.wallbox.com\/sv\/?s={search_term_string}"},"query-input":"required name=search_term_string"}],"inLanguage":"sv-SE"},{"@type":"WebPage","@id":"https:\/\/support.wallbox.com\/sv\/kontakta-oss\/#webpage","url":"https:\/\/support.wallbox.com\/sv\/kontakta-oss\/","name":"Kontakta oss - Wallbox Help Center","isPartOf":{"@id":"https:\/\/support.wallbox.com\/sv\/#website"},"datePublished":"2019-06-20T12:09:04+00:00","dateModified":"2026-04-02T06:45:34+00:00","breadcrumb":{"@id":"https:\/\/support.wallbox.com\/sv\/kontakta-oss\/#breadcrumb"},"inLanguage":"sv-SE","potentialAction":[{"@type":"ReadAction","target":["https:\/\/support.wallbox.com\/sv\/kontakta-oss\/"]}]},{"@type":"BreadcrumbList","@id":"https:\/\/support.wallbox.com\/sv\/kontakta-oss\/#breadcrumb","itemListElement":[{"@type":"ListItem","position":1,"name":"Home","item":"https:\/\/support.wallbox.com\/sv\/"},{"@type":"ListItem","position":2,"name":"Kontakta oss"}]}]}},"_links":{"self":[{"href":"https:\/\/support.wallbox.com\/sv\/wp-json\/wp\/v2\/pages\/8119","targetHints":{"allow":["GET"]}}],"collection":[{"href":"https:\/\/support.wallbox.com\/sv\/wp-json\/wp\/v2\/pages"}],"about":[{"href":"https:\/\/support.wallbox.com\/sv\/wp-json\/wp\/v2\/types\/page"}],"author":[{"embeddable":true,"href":"https:\/\/support.wallbox.com\/sv\/wp-json\/wp\/v2\/users\/23"}],"replies":[{"embeddable":true,"href":"https:\/\/support.wallbox.com\/sv\/wp-json\/wp\/v2\/comments?post=8119"}],"version-history":[{"count":3,"href":"https:\/\/support.wallbox.com\/sv\/wp-json\/wp\/v2\/pages\/8119\/revisions"}],"predecessor-version":[{"id":207373,"href":"https:\/\/support.wallbox.com\/sv\/wp-json\/wp\/v2\/pages\/8119\/revisions\/207373"}],"wp:attachment":[{"href":"https:\/\/support.wallbox.com\/sv\/wp-json\/wp\/v2\/media?parent=8119"}],"curies":[{"name":"wp","href":"https:\/\/api.w.org\/{rel}","templated":true}]}}