

{"id":207045,"date":"2025-10-23T08:51:01","date_gmt":"2025-10-23T06:51:01","guid":{"rendered":"https:\/\/support.wallbox.com\/en-ny-utbildningsplattform-ar-pa-vag\/"},"modified":"2025-10-23T09:12:07","modified_gmt":"2025-10-23T07:12:07","slug":"en-ny-utbildningsplattform-ar-pa-vag","status":"publish","type":"page","link":"https:\/\/support.wallbox.com\/sv\/en-ny-utbildningsplattform-ar-pa-vag\/","title":{"rendered":"En ny utbildningsplattform \u00e4r p\u00e5 v\u00e4g"},"content":{"rendered":"\n<h2 class=\"wp-block-heading\">Vi g\u00e5r \u00f6ver till ett enklare s\u00e4tt att f\u00e5 tillg\u00e5ng till din utbildning och dina certifieringar.<\/h2>\n\n<p>Som en del av v\u00e5r system\u00f6verg\u00e5ng \u00e4r utbildningsplattformen tillf\u00e4lligt offline. Denna planerade f\u00f6r\u00e4ndring kommer att g\u00f6ra det enklare att f\u00e5 tillg\u00e5ng till utbildningsmaterial och hantera certifieringar. <br\/><\/p>\n\n<p><strong>Vad detta inneb\u00e4r f\u00f6r dig:<\/strong><\/p>\n\n<ul class=\"wp-block-list\">\n<li><strong>Dina certifieringar \u00e4r s\u00e4kra:<\/strong> Alla register f\u00f6rblir giltiga och s\u00e4kra.<\/li>\n\n\n\n<li><strong>Din tr\u00e4ningshistorik sparas:<\/strong> Inget kommer att g\u00e5 f\u00f6rlorat.<\/li>\n\n\n\n<li><strong>En enklare upplevelse v\u00e4ntar:<\/strong> Tillg\u00e5ngen kommer att vara mer direkt och effektiv.<\/li>\n<\/ul>\n\n<p><\/p>\n\n<p><strong>Vad h\u00e4nder h\u00e4rn\u00e4st?<\/strong><br\/><\/p>\n\n<p>Vi kommer snart att kontakta dig med tydliga instruktioner f\u00f6r att f\u00e5 tillg\u00e5ng till den nya plattformen och dina resurser.<br\/>Om du har en br\u00e5dskande fr\u00e5ga om din certifieringsstatus, v\u00e4nligen kontakta oss p\u00e5 <strong>training@wallbox.com.<\/strong><br\/><\/p>\n\n<p>Tack f\u00f6r ert t\u00e5lamod under denna \u00f6verg\u00e5ngsperiod.<\/p>\n","protected":false},"excerpt":{"rendered":"<p>Vi g\u00e5r \u00f6ver till ett enklare s\u00e4tt att f\u00e5 tillg\u00e5ng till din utbildning och dina certifieringar. Som en del av&#8230;<\/p>\n","protected":false},"author":33,"featured_media":0,"parent":0,"menu_order":0,"comment_status":"closed","ping_status":"closed","template":"","meta":{"inline_featured_image":false,"footnotes":""},"class_list":["post-207045","page","type-page","status-publish","hentry"],"acf":[],"yoast_head":"<!-- This site is optimized with the Yoast SEO plugin v18.6 - https:\/\/yoast.com\/wordpress\/plugins\/seo\/ -->\n<title>En ny utbildningsplattform \u00e4r p\u00e5 v\u00e4g - Wallbox Help Center<\/title>\n<meta name=\"robots\" content=\"index, follow, max-snippet:-1, max-image-preview:large, max-video-preview:-1\" \/>\n<link rel=\"canonical\" href=\"https:\/\/support.wallbox.com\/sv\/en-ny-utbildningsplattform-ar-pa-vag\/\" \/>\n<meta property=\"og:locale\" content=\"sv_SE\" \/>\n<meta property=\"og:type\" content=\"article\" \/>\n<meta property=\"og:title\" content=\"En ny utbildningsplattform \u00e4r p\u00e5 v\u00e4g - Wallbox Help Center\" \/>\n<meta property=\"og:description\" content=\"Vi g\u00e5r \u00f6ver till ett enklare s\u00e4tt att f\u00e5 tillg\u00e5ng till din utbildning och dina certifieringar. Som en del av...\" \/>\n<meta property=\"og:url\" content=\"https:\/\/support.wallbox.com\/sv\/en-ny-utbildningsplattform-ar-pa-vag\/\" \/>\n<meta property=\"og:site_name\" content=\"Wallbox Help Center\" \/>\n<meta property=\"article:modified_time\" content=\"2025-10-23T07:12:07+00:00\" \/>\n<meta name=\"twitter:card\" content=\"summary_large_image\" \/>\n<meta name=\"twitter:label1\" content=\"Est. reading time\" \/>\n\t<meta name=\"twitter:data1\" content=\"1 minute\" \/>\n<script type=\"application\/ld+json\" class=\"yoast-schema-graph\">{\"@context\":\"https:\/\/schema.org\",\"@graph\":[{\"@type\":\"WebSite\",\"@id\":\"https:\/\/support.wallbox.com\/sv\/#website\",\"url\":\"https:\/\/support.wallbox.com\/sv\/\",\"name\":\"Wallbox Help Center\",\"description\":\"Get help for our products &amp; digital solutions\",\"potentialAction\":[{\"@type\":\"SearchAction\",\"target\":{\"@type\":\"EntryPoint\",\"urlTemplate\":\"https:\/\/support.wallbox.com\/sv\/?s={search_term_string}\"},\"query-input\":\"required name=search_term_string\"}],\"inLanguage\":\"sv-SE\"},{\"@type\":\"WebPage\",\"@id\":\"https:\/\/support.wallbox.com\/sv\/en-ny-utbildningsplattform-ar-pa-vag\/#webpage\",\"url\":\"https:\/\/support.wallbox.com\/sv\/en-ny-utbildningsplattform-ar-pa-vag\/\",\"name\":\"En ny utbildningsplattform \u00e4r p\u00e5 v\u00e4g - Wallbox Help Center\",\"isPartOf\":{\"@id\":\"https:\/\/support.wallbox.com\/sv\/#website\"},\"datePublished\":\"2025-10-23T06:51:01+00:00\",\"dateModified\":\"2025-10-23T07:12:07+00:00\",\"breadcrumb\":{\"@id\":\"https:\/\/support.wallbox.com\/sv\/en-ny-utbildningsplattform-ar-pa-vag\/#breadcrumb\"},\"inLanguage\":\"sv-SE\",\"potentialAction\":[{\"@type\":\"ReadAction\",\"target\":[\"https:\/\/support.wallbox.com\/sv\/en-ny-utbildningsplattform-ar-pa-vag\/\"]}]},{\"@type\":\"BreadcrumbList\",\"@id\":\"https:\/\/support.wallbox.com\/sv\/en-ny-utbildningsplattform-ar-pa-vag\/#breadcrumb\",\"itemListElement\":[{\"@type\":\"ListItem\",\"position\":1,\"name\":\"Home\",\"item\":\"https:\/\/support.wallbox.com\/sv\/\"},{\"@type\":\"ListItem\",\"position\":2,\"name\":\"En ny utbildningsplattform \u00e4r p\u00e5 v\u00e4g\"}]}]}<\/script>\n<!-- \/ Yoast SEO plugin. -->","yoast_head_json":{"title":"En ny utbildningsplattform \u00e4r p\u00e5 v\u00e4g - Wallbox Help Center","robots":{"index":"index","follow":"follow","max-snippet":"max-snippet:-1","max-image-preview":"max-image-preview:large","max-video-preview":"max-video-preview:-1"},"canonical":"https:\/\/support.wallbox.com\/sv\/en-ny-utbildningsplattform-ar-pa-vag\/","og_locale":"sv_SE","og_type":"article","og_title":"En ny utbildningsplattform \u00e4r p\u00e5 v\u00e4g - Wallbox Help Center","og_description":"Vi g\u00e5r \u00f6ver till ett enklare s\u00e4tt att f\u00e5 tillg\u00e5ng till din utbildning och dina certifieringar. Som en del av...","og_url":"https:\/\/support.wallbox.com\/sv\/en-ny-utbildningsplattform-ar-pa-vag\/","og_site_name":"Wallbox Help Center","article_modified_time":"2025-10-23T07:12:07+00:00","twitter_card":"summary_large_image","twitter_misc":{"Est. reading time":"1 minute"},"schema":{"@context":"https:\/\/schema.org","@graph":[{"@type":"WebSite","@id":"https:\/\/support.wallbox.com\/sv\/#website","url":"https:\/\/support.wallbox.com\/sv\/","name":"Wallbox Help Center","description":"Get help for our products &amp; digital solutions","potentialAction":[{"@type":"SearchAction","target":{"@type":"EntryPoint","urlTemplate":"https:\/\/support.wallbox.com\/sv\/?s={search_term_string}"},"query-input":"required name=search_term_string"}],"inLanguage":"sv-SE"},{"@type":"WebPage","@id":"https:\/\/support.wallbox.com\/sv\/en-ny-utbildningsplattform-ar-pa-vag\/#webpage","url":"https:\/\/support.wallbox.com\/sv\/en-ny-utbildningsplattform-ar-pa-vag\/","name":"En ny utbildningsplattform \u00e4r p\u00e5 v\u00e4g - Wallbox Help Center","isPartOf":{"@id":"https:\/\/support.wallbox.com\/sv\/#website"},"datePublished":"2025-10-23T06:51:01+00:00","dateModified":"2025-10-23T07:12:07+00:00","breadcrumb":{"@id":"https:\/\/support.wallbox.com\/sv\/en-ny-utbildningsplattform-ar-pa-vag\/#breadcrumb"},"inLanguage":"sv-SE","potentialAction":[{"@type":"ReadAction","target":["https:\/\/support.wallbox.com\/sv\/en-ny-utbildningsplattform-ar-pa-vag\/"]}]},{"@type":"BreadcrumbList","@id":"https:\/\/support.wallbox.com\/sv\/en-ny-utbildningsplattform-ar-pa-vag\/#breadcrumb","itemListElement":[{"@type":"ListItem","position":1,"name":"Home","item":"https:\/\/support.wallbox.com\/sv\/"},{"@type":"ListItem","position":2,"name":"En ny utbildningsplattform \u00e4r p\u00e5 v\u00e4g"}]}]}},"_links":{"self":[{"href":"https:\/\/support.wallbox.com\/sv\/wp-json\/wp\/v2\/pages\/207045","targetHints":{"allow":["GET"]}}],"collection":[{"href":"https:\/\/support.wallbox.com\/sv\/wp-json\/wp\/v2\/pages"}],"about":[{"href":"https:\/\/support.wallbox.com\/sv\/wp-json\/wp\/v2\/types\/page"}],"author":[{"embeddable":true,"href":"https:\/\/support.wallbox.com\/sv\/wp-json\/wp\/v2\/users\/33"}],"replies":[{"embeddable":true,"href":"https:\/\/support.wallbox.com\/sv\/wp-json\/wp\/v2\/comments?post=207045"}],"version-history":[{"count":1,"href":"https:\/\/support.wallbox.com\/sv\/wp-json\/wp\/v2\/pages\/207045\/revisions"}],"predecessor-version":[{"id":207046,"href":"https:\/\/support.wallbox.com\/sv\/wp-json\/wp\/v2\/pages\/207045\/revisions\/207046"}],"wp:attachment":[{"href":"https:\/\/support.wallbox.com\/sv\/wp-json\/wp\/v2\/media?parent=207045"}],"curies":[{"name":"wp","href":"https:\/\/api.w.org\/{rel}","templated":true}]}}