

{"id":10076,"date":"2019-06-20T14:09:04","date_gmt":"2019-06-20T12:09:04","guid":{"rendered":"https:\/\/support.wallbox.com\/contacte-nos\/"},"modified":"2026-04-01T11:58:32","modified_gmt":"2026-04-01T09:58:32","slug":"contacte-nos","status":"publish","type":"page","link":"https:\/\/support.wallbox.com\/pt-pt\/contacte-nos\/","title":{"rendered":"Contacte-nos"},"content":{"rendered":"\t\t<div data-elementor-type=\"wp-post\" data-elementor-id=\"10076\" class=\"elementor elementor-10076 elementor-18\" data-elementor-post-type=\"page\">\n\t\t\t\t\t\t<section class=\"elementor-section elementor-top-section elementor-element elementor-element-6cf8249 newWeb elementor-section-boxed elementor-section-height-default elementor-section-height-default\" data-id=\"6cf8249\" data-element_type=\"section\">\n\t\t\t\t\t\t<div class=\"elementor-container elementor-column-gap-default\">\n\t\t\t\t\t<div class=\"elementor-column elementor-col-100 elementor-top-column elementor-element elementor-element-cbbec43\" data-id=\"cbbec43\" data-element_type=\"column\">\n\t\t\t<div class=\"elementor-widget-wrap elementor-element-populated\">\n\t\t\t\t\t\t<div class=\"elementor-element elementor-element-49a1195 h2 elementor-widget elementor-widget-heading\" data-id=\"49a1195\" data-element_type=\"widget\" data-widget_type=\"heading.default\">\n\t\t\t\t<div class=\"elementor-widget-container\">\n\t\t\t<h2 class=\"elementor-heading-title elementor-size-default\">Contate-nos<\/h2>\t\t<\/div>\n\t\t\t\t<\/div>\n\t\t\t\t\t<\/div>\n\t\t<\/div>\n\t\t\t\t\t<\/div>\n\t\t<\/section>\n\t\t\t\t<section class=\"elementor-section elementor-top-section elementor-element elementor-element-cc3cd25 newWeb elementor-section-boxed elementor-section-height-default elementor-section-height-default\" data-id=\"cc3cd25\" data-element_type=\"section\">\n\t\t\t\t\t\t<div class=\"elementor-container elementor-column-gap-default\">\n\t\t\t\t\t<div class=\"elementor-column elementor-col-100 elementor-top-column elementor-element elementor-element-794bfec\" data-id=\"794bfec\" data-element_type=\"column\">\n\t\t\t<div class=\"elementor-widget-wrap elementor-element-populated\">\n\t\t\t\t\t\t<div class=\"elementor-element elementor-element-fc6e4c1 elementor-tabs-view-horizontal elementor-widget elementor-widget-tabs\" data-id=\"fc6e4c1\" data-element_type=\"widget\" data-widget_type=\"tabs.default\">\n\t\t\t\t<div class=\"elementor-widget-container\">\n\t\t\t\t\t<div class=\"elementor-tabs\">\n\t\t\t<div class=\"elementor-tabs-wrapper\" role=\"tablist\" >\n\t\t\t\t\t\t\t\t\t<div id=\"elementor-tab-title-2641\" class=\"elementor-tab-title elementor-tab-desktop-title\" aria-selected=\"true\" data-tab=\"1\" role=\"tab\" tabindex=\"0\" aria-controls=\"elementor-tab-content-2641\" aria-expanded=\"false\">Atendimento ao cliente\/consulta<\/div>\n\t\t\t\t\t\t\t<\/div>\n\t\t\t<div class=\"elementor-tabs-content-wrapper\" role=\"tablist\" aria-orientation=\"vertical\">\n\t\t\t\t\t\t\t\t\t<div class=\"elementor-tab-title elementor-tab-mobile-title\" aria-selected=\"true\" data-tab=\"1\" role=\"tab\" tabindex=\"0\" aria-controls=\"elementor-tab-content-2641\" aria-expanded=\"false\">Atendimento ao cliente\/consulta<\/div>\n\t\t\t\t\t<div id=\"elementor-tab-content-2641\" class=\"elementor-tab-content elementor-clearfix\" data-tab=\"1\" role=\"tabpanel\" aria-labelledby=\"elementor-tab-title-2641\" tabindex=\"0\" hidden=\"false\"><p><strong>Estamos aqui para ajudar!<\/strong><\/p><p>Para processar o seu pedido o mais rapidamente poss\u00edvel, otimizamos o nosso processo de atendimento. <br \/><strong>A partir de agora, os chamados de suporte s\u00f3 podem ser criados atrav\u00e9s do nosso chatbot.<\/strong><\/p><p>\u00c9 f\u00e1cil:<\/p><p><strong>Clique no \u00edcone de chat no canto inferior esquerdo.<\/strong> O nosso chatbot ir\u00e1 gui\u00e1-lo pelas perguntas mais importantes para que o seu chamado seja encaminhado diretamente para o especialista certo. Isto poupa tempo e garante uma resolu\u00e7\u00e3o mais r\u00e1pida.<\/p><p>Assim que o seu chamado for criado, a nossa equipa de atendimento entrar\u00e1 em contacto consigo o mais breve poss\u00edvel.<\/p><p>Agradecemos o seu apoio!<\/p><p><strong>A sua equipa ABL e Wallbox<\/strong><\/p><\/div>\n\t\t\t\t\t\t\t<\/div>\n\t\t<\/div>\n\t\t\t\t<\/div>\n\t\t\t\t<\/div>\n\t\t\t\t\t<\/div>\n\t\t<\/div>\n\t\t\t\t\t<\/div>\n\t\t<\/section>\n\t\t\t\t<\/div>\n\t\t","protected":false},"excerpt":{"rendered":"<p>Contate-nos Atendimento ao cliente\/consulta Atendimento ao cliente\/consulta Estamos aqui para ajudar! Para processar o seu pedido o mais rapidamente poss\u00edvel,&#8230;<\/p>\n","protected":false},"author":23,"featured_media":0,"parent":0,"menu_order":0,"comment_status":"closed","ping_status":"closed","template":"elementor_header_footer","meta":{"inline_featured_image":false,"footnotes":""},"class_list":["post-10076","page","type-page","status-publish","hentry"],"acf":[],"yoast_head":"<!-- This site is optimized with the Yoast SEO plugin v18.6 - https:\/\/yoast.com\/wordpress\/plugins\/seo\/ -->\n<title>Contacte-nos - Wallbox Help Center<\/title>\n<meta name=\"robots\" content=\"index, follow, max-snippet:-1, max-image-preview:large, max-video-preview:-1\" \/>\n<link rel=\"canonical\" href=\"https:\/\/support.wallbox.com\/pt-pt\/contacte-nos\/\" \/>\n<meta property=\"og:locale\" content=\"pt_PT\" \/>\n<meta property=\"og:type\" content=\"article\" \/>\n<meta property=\"og:title\" content=\"Contacte-nos - Wallbox Help Center\" \/>\n<meta property=\"og:description\" content=\"Contate-nos Atendimento ao cliente\/consulta Atendimento ao cliente\/consulta Estamos aqui para ajudar! Para processar o seu pedido o mais rapidamente poss\u00edvel,...\" \/>\n<meta property=\"og:url\" content=\"https:\/\/support.wallbox.com\/pt-pt\/contacte-nos\/\" \/>\n<meta property=\"og:site_name\" content=\"Wallbox Help Center\" \/>\n<meta property=\"article:modified_time\" content=\"2026-04-01T09:58:32+00:00\" \/>\n<meta name=\"twitter:card\" content=\"summary_large_image\" \/>\n<meta name=\"twitter:label1\" content=\"Est. reading time\" \/>\n\t<meta name=\"twitter:data1\" content=\"1 minute\" \/>\n<script type=\"application\/ld+json\" class=\"yoast-schema-graph\">{\"@context\":\"https:\/\/schema.org\",\"@graph\":[{\"@type\":\"WebSite\",\"@id\":\"https:\/\/support.wallbox.com\/pt-pt\/#website\",\"url\":\"https:\/\/support.wallbox.com\/pt-pt\/\",\"name\":\"Wallbox Help Center\",\"description\":\"Get help for our products &amp; digital solutions\",\"potentialAction\":[{\"@type\":\"SearchAction\",\"target\":{\"@type\":\"EntryPoint\",\"urlTemplate\":\"https:\/\/support.wallbox.com\/pt-pt\/?s={search_term_string}\"},\"query-input\":\"required name=search_term_string\"}],\"inLanguage\":\"pt-PT\"},{\"@type\":\"WebPage\",\"@id\":\"https:\/\/support.wallbox.com\/pt-pt\/contacte-nos\/#webpage\",\"url\":\"https:\/\/support.wallbox.com\/pt-pt\/contacte-nos\/\",\"name\":\"Contacte-nos - Wallbox Help Center\",\"isPartOf\":{\"@id\":\"https:\/\/support.wallbox.com\/pt-pt\/#website\"},\"datePublished\":\"2019-06-20T12:09:04+00:00\",\"dateModified\":\"2026-04-01T09:58:32+00:00\",\"breadcrumb\":{\"@id\":\"https:\/\/support.wallbox.com\/pt-pt\/contacte-nos\/#breadcrumb\"},\"inLanguage\":\"pt-PT\",\"potentialAction\":[{\"@type\":\"ReadAction\",\"target\":[\"https:\/\/support.wallbox.com\/pt-pt\/contacte-nos\/\"]}]},{\"@type\":\"BreadcrumbList\",\"@id\":\"https:\/\/support.wallbox.com\/pt-pt\/contacte-nos\/#breadcrumb\",\"itemListElement\":[{\"@type\":\"ListItem\",\"position\":1,\"name\":\"Home\",\"item\":\"https:\/\/support.wallbox.com\/pt-pt\/\"},{\"@type\":\"ListItem\",\"position\":2,\"name\":\"Contacte-nos\"}]}]}<\/script>\n<!-- \/ Yoast SEO plugin. -->","yoast_head_json":{"title":"Contacte-nos - Wallbox Help Center","robots":{"index":"index","follow":"follow","max-snippet":"max-snippet:-1","max-image-preview":"max-image-preview:large","max-video-preview":"max-video-preview:-1"},"canonical":"https:\/\/support.wallbox.com\/pt-pt\/contacte-nos\/","og_locale":"pt_PT","og_type":"article","og_title":"Contacte-nos - Wallbox Help Center","og_description":"Contate-nos Atendimento ao cliente\/consulta Atendimento ao cliente\/consulta Estamos aqui para ajudar! Para processar o seu pedido o mais rapidamente poss\u00edvel,...","og_url":"https:\/\/support.wallbox.com\/pt-pt\/contacte-nos\/","og_site_name":"Wallbox Help Center","article_modified_time":"2026-04-01T09:58:32+00:00","twitter_card":"summary_large_image","twitter_misc":{"Est. reading time":"1 minute"},"schema":{"@context":"https:\/\/schema.org","@graph":[{"@type":"WebSite","@id":"https:\/\/support.wallbox.com\/pt-pt\/#website","url":"https:\/\/support.wallbox.com\/pt-pt\/","name":"Wallbox Help Center","description":"Get help for our products &amp; digital solutions","potentialAction":[{"@type":"SearchAction","target":{"@type":"EntryPoint","urlTemplate":"https:\/\/support.wallbox.com\/pt-pt\/?s={search_term_string}"},"query-input":"required name=search_term_string"}],"inLanguage":"pt-PT"},{"@type":"WebPage","@id":"https:\/\/support.wallbox.com\/pt-pt\/contacte-nos\/#webpage","url":"https:\/\/support.wallbox.com\/pt-pt\/contacte-nos\/","name":"Contacte-nos - Wallbox Help Center","isPartOf":{"@id":"https:\/\/support.wallbox.com\/pt-pt\/#website"},"datePublished":"2019-06-20T12:09:04+00:00","dateModified":"2026-04-01T09:58:32+00:00","breadcrumb":{"@id":"https:\/\/support.wallbox.com\/pt-pt\/contacte-nos\/#breadcrumb"},"inLanguage":"pt-PT","potentialAction":[{"@type":"ReadAction","target":["https:\/\/support.wallbox.com\/pt-pt\/contacte-nos\/"]}]},{"@type":"BreadcrumbList","@id":"https:\/\/support.wallbox.com\/pt-pt\/contacte-nos\/#breadcrumb","itemListElement":[{"@type":"ListItem","position":1,"name":"Home","item":"https:\/\/support.wallbox.com\/pt-pt\/"},{"@type":"ListItem","position":2,"name":"Contacte-nos"}]}]}},"_links":{"self":[{"href":"https:\/\/support.wallbox.com\/pt-pt\/wp-json\/wp\/v2\/pages\/10076","targetHints":{"allow":["GET"]}}],"collection":[{"href":"https:\/\/support.wallbox.com\/pt-pt\/wp-json\/wp\/v2\/pages"}],"about":[{"href":"https:\/\/support.wallbox.com\/pt-pt\/wp-json\/wp\/v2\/types\/page"}],"author":[{"embeddable":true,"href":"https:\/\/support.wallbox.com\/pt-pt\/wp-json\/wp\/v2\/users\/23"}],"replies":[{"embeddable":true,"href":"https:\/\/support.wallbox.com\/pt-pt\/wp-json\/wp\/v2\/comments?post=10076"}],"version-history":[{"count":3,"href":"https:\/\/support.wallbox.com\/pt-pt\/wp-json\/wp\/v2\/pages\/10076\/revisions"}],"predecessor-version":[{"id":207355,"href":"https:\/\/support.wallbox.com\/pt-pt\/wp-json\/wp\/v2\/pages\/10076\/revisions\/207355"}],"wp:attachment":[{"href":"https:\/\/support.wallbox.com\/pt-pt\/wp-json\/wp\/v2\/media?parent=10076"}],"curies":[{"name":"wp","href":"https:\/\/api.w.org\/{rel}","templated":true}]}}