

{"id":50554,"date":"2019-06-20T14:09:04","date_gmt":"2019-06-20T12:09:04","guid":{"rendered":"https:\/\/support.wallbox.com\/skontaktuj-sie-z-nami\/"},"modified":"2026-04-02T08:34:34","modified_gmt":"2026-04-02T06:34:34","slug":"skontaktuj-sie-z-nami","status":"publish","type":"page","link":"https:\/\/support.wallbox.com\/pl\/skontaktuj-sie-z-nami\/","title":{"rendered":"Skontaktuj si\u0119 z nami"},"content":{"rendered":"\t\t<div data-elementor-type=\"wp-post\" data-elementor-id=\"50554\" class=\"elementor elementor-50554 elementor-18\" data-elementor-post-type=\"page\">\n\t\t\t\t\t\t<section class=\"elementor-section elementor-top-section elementor-element elementor-element-01dcc05 newWeb elementor-section-boxed elementor-section-height-default elementor-section-height-default\" data-id=\"01dcc05\" data-element_type=\"section\">\n\t\t\t\t\t\t<div class=\"elementor-container elementor-column-gap-default\">\n\t\t\t\t\t<div class=\"elementor-column elementor-col-100 elementor-top-column elementor-element elementor-element-cbbd6e6\" data-id=\"cbbd6e6\" data-element_type=\"column\">\n\t\t\t<div class=\"elementor-widget-wrap elementor-element-populated\">\n\t\t\t\t\t\t<div class=\"elementor-element elementor-element-7a8dcf5 h2 elementor-widget elementor-widget-heading\" data-id=\"7a8dcf5\" data-element_type=\"widget\" data-widget_type=\"heading.default\">\n\t\t\t\t<div class=\"elementor-widget-container\">\n\t\t\t<h2 class=\"elementor-heading-title elementor-size-default\">Skontaktuj si\u0119 z nami<\/h2>\t\t<\/div>\n\t\t\t\t<\/div>\n\t\t\t\t\t<\/div>\n\t\t<\/div>\n\t\t\t\t\t<\/div>\n\t\t<\/section>\n\t\t\t\t<section class=\"elementor-section elementor-top-section elementor-element elementor-element-4bdd0b4 newWeb elementor-section-boxed elementor-section-height-default elementor-section-height-default\" data-id=\"4bdd0b4\" data-element_type=\"section\">\n\t\t\t\t\t\t<div class=\"elementor-container elementor-column-gap-default\">\n\t\t\t\t\t<div class=\"elementor-column elementor-col-100 elementor-top-column elementor-element elementor-element-927f575\" data-id=\"927f575\" data-element_type=\"column\">\n\t\t\t<div class=\"elementor-widget-wrap elementor-element-populated\">\n\t\t\t\t\t\t<div class=\"elementor-element elementor-element-d89dbf5 elementor-tabs-view-horizontal elementor-widget elementor-widget-tabs\" data-id=\"d89dbf5\" data-element_type=\"widget\" data-widget_type=\"tabs.default\">\n\t\t\t\t<div class=\"elementor-widget-container\">\n\t\t\t\t\t<div class=\"elementor-tabs\">\n\t\t\t<div class=\"elementor-tabs-wrapper\" role=\"tablist\" >\n\t\t\t\t\t\t\t\t\t<div id=\"elementor-tab-title-2271\" class=\"elementor-tab-title elementor-tab-desktop-title\" aria-selected=\"true\" data-tab=\"1\" role=\"tab\" tabindex=\"0\" aria-controls=\"elementor-tab-content-2271\" aria-expanded=\"false\">Obs\u0142uga klienta\/zapytanie<\/div>\n\t\t\t\t\t\t\t<\/div>\n\t\t\t<div class=\"elementor-tabs-content-wrapper\" role=\"tablist\" aria-orientation=\"vertical\">\n\t\t\t\t\t\t\t\t\t<div class=\"elementor-tab-title elementor-tab-mobile-title\" aria-selected=\"true\" data-tab=\"1\" role=\"tab\" tabindex=\"0\" aria-controls=\"elementor-tab-content-2271\" aria-expanded=\"false\">Obs\u0142uga klienta\/zapytanie<\/div>\n\t\t\t\t\t<div id=\"elementor-tab-content-2271\" class=\"elementor-tab-content elementor-clearfix\" data-tab=\"1\" role=\"tabpanel\" aria-labelledby=\"elementor-tab-title-2271\" tabindex=\"0\" hidden=\"false\"><p><strong>Jeste\u015bmy tu dla Ciebie!<\/strong><\/p><p>Aby jak najszybciej przetworzy\u0107 Twoje zg\u0142oszenie, zoptymalizowali\u015bmy nasz proces obs\u0142ugi.<br \/><strong>Od teraz zg\u0142oszenia do pomocy technicznej mo\u017cna tworzy\u0107 tylko za po\u015brednictwem naszego chatbota.<\/strong><\/p><p>To proste:<\/p><p><strong>Kliknij ikon\u0119 czatu w lewym dolnym rogu.<\/strong> Nasz chatbot przeprowadzi Ci\u0119 przez najwa\u017cniejsze pytania,<br \/>aby Twoje zg\u0142oszenie trafi\u0142o bezpo\u015brednio do odpowiedniego eksperta. To oszcz\u0119dza czas i zapewnia szybsze rozwi\u0105zanie.<\/p><p>Po utworzeniu zg\u0142oszenia nasz zesp\u00f3\u0142 skontaktuje si\u0119 z Tob\u0105 najszybciej, jak to mo\u017cliwe.<\/p><p>Dzi\u0119kujemy za wsparcie!<\/p><p><strong>Zesp\u00f3\u0142 ABL i Wallbox<\/strong><\/p><\/div>\n\t\t\t\t\t\t\t<\/div>\n\t\t<\/div>\n\t\t\t\t<\/div>\n\t\t\t\t<\/div>\n\t\t\t\t\t<\/div>\n\t\t<\/div>\n\t\t\t\t\t<\/div>\n\t\t<\/section>\n\t\t\t\t<\/div>\n\t\t","protected":false},"excerpt":{"rendered":"<p>Skontaktuj si\u0119 z nami Obs\u0142uga klienta\/zapytanie Obs\u0142uga klienta\/zapytanie Jeste\u015bmy tu dla Ciebie! Aby jak najszybciej przetworzy\u0107 Twoje zg\u0142oszenie, zoptymalizowali\u015bmy nasz&#8230;<\/p>\n","protected":false},"author":23,"featured_media":0,"parent":0,"menu_order":0,"comment_status":"closed","ping_status":"closed","template":"elementor_header_footer","meta":{"inline_featured_image":false,"footnotes":""},"class_list":["post-50554","page","type-page","status-publish","hentry"],"acf":[],"yoast_head":"<!-- This site is optimized with the Yoast SEO plugin v18.6 - https:\/\/yoast.com\/wordpress\/plugins\/seo\/ -->\n<title>Skontaktuj si\u0119 z nami - Wallbox Help Center<\/title>\n<meta name=\"robots\" content=\"index, follow, max-snippet:-1, max-image-preview:large, max-video-preview:-1\" \/>\n<link rel=\"canonical\" href=\"https:\/\/support.wallbox.com\/pl\/skontaktuj-sie-z-nami\/\" \/>\n<meta property=\"og:locale\" content=\"pl_PL\" \/>\n<meta property=\"og:type\" content=\"article\" \/>\n<meta property=\"og:title\" content=\"Skontaktuj si\u0119 z nami - Wallbox Help Center\" \/>\n<meta property=\"og:description\" content=\"Skontaktuj si\u0119 z nami Obs\u0142uga klienta\/zapytanie Obs\u0142uga klienta\/zapytanie Jeste\u015bmy tu dla Ciebie! Aby jak najszybciej przetworzy\u0107 Twoje zg\u0142oszenie, zoptymalizowali\u015bmy nasz...\" \/>\n<meta property=\"og:url\" content=\"https:\/\/support.wallbox.com\/pl\/skontaktuj-sie-z-nami\/\" \/>\n<meta property=\"og:site_name\" content=\"Wallbox Help Center\" \/>\n<meta property=\"article:modified_time\" content=\"2026-04-02T06:34:34+00:00\" \/>\n<meta name=\"twitter:card\" content=\"summary_large_image\" \/>\n<meta name=\"twitter:label1\" content=\"Est. reading time\" \/>\n\t<meta name=\"twitter:data1\" content=\"1 minute\" \/>\n<script type=\"application\/ld+json\" class=\"yoast-schema-graph\">{\"@context\":\"https:\/\/schema.org\",\"@graph\":[{\"@type\":\"WebSite\",\"@id\":\"https:\/\/support.wallbox.com\/pl\/#website\",\"url\":\"https:\/\/support.wallbox.com\/pl\/\",\"name\":\"Wallbox Help Center\",\"description\":\"Get help for our products &amp; digital solutions\",\"potentialAction\":[{\"@type\":\"SearchAction\",\"target\":{\"@type\":\"EntryPoint\",\"urlTemplate\":\"https:\/\/support.wallbox.com\/pl\/?s={search_term_string}\"},\"query-input\":\"required name=search_term_string\"}],\"inLanguage\":\"pl-PL\"},{\"@type\":\"WebPage\",\"@id\":\"https:\/\/support.wallbox.com\/pl\/skontaktuj-sie-z-nami\/#webpage\",\"url\":\"https:\/\/support.wallbox.com\/pl\/skontaktuj-sie-z-nami\/\",\"name\":\"Skontaktuj si\u0119 z nami - Wallbox Help Center\",\"isPartOf\":{\"@id\":\"https:\/\/support.wallbox.com\/pl\/#website\"},\"datePublished\":\"2019-06-20T12:09:04+00:00\",\"dateModified\":\"2026-04-02T06:34:34+00:00\",\"breadcrumb\":{\"@id\":\"https:\/\/support.wallbox.com\/pl\/skontaktuj-sie-z-nami\/#breadcrumb\"},\"inLanguage\":\"pl-PL\",\"potentialAction\":[{\"@type\":\"ReadAction\",\"target\":[\"https:\/\/support.wallbox.com\/pl\/skontaktuj-sie-z-nami\/\"]}]},{\"@type\":\"BreadcrumbList\",\"@id\":\"https:\/\/support.wallbox.com\/pl\/skontaktuj-sie-z-nami\/#breadcrumb\",\"itemListElement\":[{\"@type\":\"ListItem\",\"position\":1,\"name\":\"Home\",\"item\":\"https:\/\/support.wallbox.com\/pl\/\"},{\"@type\":\"ListItem\",\"position\":2,\"name\":\"Skontaktuj si\u0119 z nami\"}]}]}<\/script>\n<!-- \/ Yoast SEO plugin. -->","yoast_head_json":{"title":"Skontaktuj si\u0119 z nami - Wallbox Help Center","robots":{"index":"index","follow":"follow","max-snippet":"max-snippet:-1","max-image-preview":"max-image-preview:large","max-video-preview":"max-video-preview:-1"},"canonical":"https:\/\/support.wallbox.com\/pl\/skontaktuj-sie-z-nami\/","og_locale":"pl_PL","og_type":"article","og_title":"Skontaktuj si\u0119 z nami - Wallbox Help Center","og_description":"Skontaktuj si\u0119 z nami Obs\u0142uga klienta\/zapytanie Obs\u0142uga klienta\/zapytanie Jeste\u015bmy tu dla Ciebie! Aby jak najszybciej przetworzy\u0107 Twoje zg\u0142oszenie, zoptymalizowali\u015bmy nasz...","og_url":"https:\/\/support.wallbox.com\/pl\/skontaktuj-sie-z-nami\/","og_site_name":"Wallbox Help Center","article_modified_time":"2026-04-02T06:34:34+00:00","twitter_card":"summary_large_image","twitter_misc":{"Est. reading time":"1 minute"},"schema":{"@context":"https:\/\/schema.org","@graph":[{"@type":"WebSite","@id":"https:\/\/support.wallbox.com\/pl\/#website","url":"https:\/\/support.wallbox.com\/pl\/","name":"Wallbox Help Center","description":"Get help for our products &amp; digital solutions","potentialAction":[{"@type":"SearchAction","target":{"@type":"EntryPoint","urlTemplate":"https:\/\/support.wallbox.com\/pl\/?s={search_term_string}"},"query-input":"required name=search_term_string"}],"inLanguage":"pl-PL"},{"@type":"WebPage","@id":"https:\/\/support.wallbox.com\/pl\/skontaktuj-sie-z-nami\/#webpage","url":"https:\/\/support.wallbox.com\/pl\/skontaktuj-sie-z-nami\/","name":"Skontaktuj si\u0119 z nami - Wallbox Help Center","isPartOf":{"@id":"https:\/\/support.wallbox.com\/pl\/#website"},"datePublished":"2019-06-20T12:09:04+00:00","dateModified":"2026-04-02T06:34:34+00:00","breadcrumb":{"@id":"https:\/\/support.wallbox.com\/pl\/skontaktuj-sie-z-nami\/#breadcrumb"},"inLanguage":"pl-PL","potentialAction":[{"@type":"ReadAction","target":["https:\/\/support.wallbox.com\/pl\/skontaktuj-sie-z-nami\/"]}]},{"@type":"BreadcrumbList","@id":"https:\/\/support.wallbox.com\/pl\/skontaktuj-sie-z-nami\/#breadcrumb","itemListElement":[{"@type":"ListItem","position":1,"name":"Home","item":"https:\/\/support.wallbox.com\/pl\/"},{"@type":"ListItem","position":2,"name":"Skontaktuj si\u0119 z nami"}]}]}},"_links":{"self":[{"href":"https:\/\/support.wallbox.com\/pl\/wp-json\/wp\/v2\/pages\/50554","targetHints":{"allow":["GET"]}}],"collection":[{"href":"https:\/\/support.wallbox.com\/pl\/wp-json\/wp\/v2\/pages"}],"about":[{"href":"https:\/\/support.wallbox.com\/pl\/wp-json\/wp\/v2\/types\/page"}],"author":[{"embeddable":true,"href":"https:\/\/support.wallbox.com\/pl\/wp-json\/wp\/v2\/users\/23"}],"replies":[{"embeddable":true,"href":"https:\/\/support.wallbox.com\/pl\/wp-json\/wp\/v2\/comments?post=50554"}],"version-history":[{"count":3,"href":"https:\/\/support.wallbox.com\/pl\/wp-json\/wp\/v2\/pages\/50554\/revisions"}],"predecessor-version":[{"id":207370,"href":"https:\/\/support.wallbox.com\/pl\/wp-json\/wp\/v2\/pages\/50554\/revisions\/207370"}],"wp:attachment":[{"href":"https:\/\/support.wallbox.com\/pl\/wp-json\/wp\/v2\/media?parent=50554"}],"curies":[{"name":"wp","href":"https:\/\/api.w.org\/{rel}","templated":true}]}}