

{"id":43100,"date":"2020-06-09T17:28:33","date_gmt":"2020-06-09T15:28:33","guid":{"rendered":"https:\/\/support.wallbox.com\/dziekujemy\/"},"modified":"2021-11-18T12:29:56","modified_gmt":"2021-11-18T11:29:56","slug":"thank-you","status":"publish","type":"page","link":"https:\/\/support.wallbox.com\/pl\/thank-you\/","title":{"rendered":"Dzi\u0119kujemy"},"content":{"rendered":"\t\t<div data-elementor-type=\"wp-page\" data-elementor-id=\"43100\" class=\"elementor elementor-43100 elementor-18313\" data-elementor-post-type=\"page\">\n\t\t\t\t\t\t<section class=\"elementor-section elementor-top-section elementor-element elementor-element-a9642aa elementor-section-boxed elementor-section-height-default elementor-section-height-default\" data-id=\"a9642aa\" data-element_type=\"section\">\n\t\t\t\t\t\t<div class=\"elementor-container elementor-column-gap-default\">\n\t\t\t\t\t<div class=\"elementor-column elementor-col-100 elementor-top-column elementor-element elementor-element-a0ce28e\" data-id=\"a0ce28e\" data-element_type=\"column\">\n\t\t\t<div class=\"elementor-widget-wrap elementor-element-populated\">\n\t\t\t\t\t\t<div class=\"elementor-element elementor-element-9c41155 elementor-widget elementor-widget-text-editor\" data-id=\"9c41155\" data-element_type=\"widget\" data-widget_type=\"text-editor.default\">\n\t\t\t\t<div class=\"elementor-widget-container\">\n\t\t\t\t\t\t\t<p>Dzi\u0119kujemy za skontaktowanie si\u0119 z dzia\u0142em obs\u0142ugi Wallbox Service!<\/p><p>Analizujemy przes\u0142ane informacje i wr\u00f3cimy do Ciebie wkr\u00f3tce.<\/p><p>Wi\u0119cej informacji znajdziesz w \u00a0<a class=\"c-link\" href=\"https:\/\/support.pre.wallbox.com\/pl\/article-tags\/artykuly-pl\/\" target=\"_blank\" rel=\"noopener noreferrer\" data-sk=\"tooltip_parent\" aria-describedby=\"sk-tooltip-55159\">sekcji Artyku\u0142y<\/a>\u00a0 w Wallbox Academy<\/p>\t\t\t\t\t\t<\/div>\n\t\t\t\t<\/div>\n\t\t\t\t\t<\/div>\n\t\t<\/div>\n\t\t\t\t\t<\/div>\n\t\t<\/section>\n\t\t\t\t<\/div>\n\t\t","protected":false},"excerpt":{"rendered":"<p>Dzi\u0119kujemy za skontaktowanie si\u0119 z dzia\u0142em obs\u0142ugi Wallbox Service! Analizujemy przes\u0142ane informacje i wr\u00f3cimy do Ciebie wkr\u00f3tce. Wi\u0119cej informacji znajdziesz&#8230;<\/p>\n","protected":false},"author":23,"featured_media":0,"parent":0,"menu_order":0,"comment_status":"closed","ping_status":"closed","template":"","meta":{"inline_featured_image":false,"footnotes":""},"class_list":["post-43100","page","type-page","status-publish","hentry"],"acf":[],"yoast_head":"<!-- This site is optimized with the Yoast SEO plugin v18.6 - https:\/\/yoast.com\/wordpress\/plugins\/seo\/ -->\n<title>Dzi\u0119kujemy - Wallbox Help Center<\/title>\n<meta name=\"robots\" content=\"index, follow, max-snippet:-1, max-image-preview:large, max-video-preview:-1\" \/>\n<link rel=\"canonical\" href=\"https:\/\/support.wallbox.com\/pl\/thank-you\/\" \/>\n<meta property=\"og:locale\" content=\"pl_PL\" \/>\n<meta property=\"og:type\" content=\"article\" \/>\n<meta property=\"og:title\" content=\"Dzi\u0119kujemy - Wallbox Help Center\" \/>\n<meta property=\"og:description\" content=\"Dzi\u0119kujemy za skontaktowanie si\u0119 z dzia\u0142em obs\u0142ugi Wallbox Service! Analizujemy przes\u0142ane informacje i wr\u00f3cimy do Ciebie wkr\u00f3tce. Wi\u0119cej informacji znajdziesz...\" \/>\n<meta property=\"og:url\" content=\"https:\/\/support.wallbox.com\/pl\/thank-you\/\" \/>\n<meta property=\"og:site_name\" content=\"Wallbox Help Center\" \/>\n<meta property=\"article:modified_time\" content=\"2021-11-18T11:29:56+00:00\" \/>\n<meta name=\"twitter:card\" content=\"summary_large_image\" \/>\n<meta name=\"twitter:label1\" content=\"Est. reading time\" \/>\n\t<meta name=\"twitter:data1\" content=\"1 minute\" \/>\n<script type=\"application\/ld+json\" class=\"yoast-schema-graph\">{\"@context\":\"https:\/\/schema.org\",\"@graph\":[{\"@type\":\"WebSite\",\"@id\":\"https:\/\/support.wallbox.com\/pl\/#website\",\"url\":\"https:\/\/support.wallbox.com\/pl\/\",\"name\":\"Wallbox Help Center\",\"description\":\"Get help for our products &amp; digital solutions\",\"potentialAction\":[{\"@type\":\"SearchAction\",\"target\":{\"@type\":\"EntryPoint\",\"urlTemplate\":\"https:\/\/support.wallbox.com\/pl\/?s={search_term_string}\"},\"query-input\":\"required name=search_term_string\"}],\"inLanguage\":\"pl-PL\"},{\"@type\":\"WebPage\",\"@id\":\"https:\/\/support.wallbox.com\/pl\/thank-you\/#webpage\",\"url\":\"https:\/\/support.wallbox.com\/pl\/thank-you\/\",\"name\":\"Dzi\u0119kujemy - Wallbox Help Center\",\"isPartOf\":{\"@id\":\"https:\/\/support.wallbox.com\/pl\/#website\"},\"datePublished\":\"2020-06-09T15:28:33+00:00\",\"dateModified\":\"2021-11-18T11:29:56+00:00\",\"breadcrumb\":{\"@id\":\"https:\/\/support.wallbox.com\/pl\/thank-you\/#breadcrumb\"},\"inLanguage\":\"pl-PL\",\"potentialAction\":[{\"@type\":\"ReadAction\",\"target\":[\"https:\/\/support.wallbox.com\/pl\/thank-you\/\"]}]},{\"@type\":\"BreadcrumbList\",\"@id\":\"https:\/\/support.wallbox.com\/pl\/thank-you\/#breadcrumb\",\"itemListElement\":[{\"@type\":\"ListItem\",\"position\":1,\"name\":\"Home\",\"item\":\"https:\/\/support.wallbox.com\/pl\/\"},{\"@type\":\"ListItem\",\"position\":2,\"name\":\"Dzi\u0119kujemy\"}]}]}<\/script>\n<!-- \/ Yoast SEO plugin. -->","yoast_head_json":{"title":"Dzi\u0119kujemy - Wallbox Help Center","robots":{"index":"index","follow":"follow","max-snippet":"max-snippet:-1","max-image-preview":"max-image-preview:large","max-video-preview":"max-video-preview:-1"},"canonical":"https:\/\/support.wallbox.com\/pl\/thank-you\/","og_locale":"pl_PL","og_type":"article","og_title":"Dzi\u0119kujemy - Wallbox Help Center","og_description":"Dzi\u0119kujemy za skontaktowanie si\u0119 z dzia\u0142em obs\u0142ugi Wallbox Service! Analizujemy przes\u0142ane informacje i wr\u00f3cimy do Ciebie wkr\u00f3tce. Wi\u0119cej informacji znajdziesz...","og_url":"https:\/\/support.wallbox.com\/pl\/thank-you\/","og_site_name":"Wallbox Help Center","article_modified_time":"2021-11-18T11:29:56+00:00","twitter_card":"summary_large_image","twitter_misc":{"Est. reading time":"1 minute"},"schema":{"@context":"https:\/\/schema.org","@graph":[{"@type":"WebSite","@id":"https:\/\/support.wallbox.com\/pl\/#website","url":"https:\/\/support.wallbox.com\/pl\/","name":"Wallbox Help Center","description":"Get help for our products &amp; digital solutions","potentialAction":[{"@type":"SearchAction","target":{"@type":"EntryPoint","urlTemplate":"https:\/\/support.wallbox.com\/pl\/?s={search_term_string}"},"query-input":"required name=search_term_string"}],"inLanguage":"pl-PL"},{"@type":"WebPage","@id":"https:\/\/support.wallbox.com\/pl\/thank-you\/#webpage","url":"https:\/\/support.wallbox.com\/pl\/thank-you\/","name":"Dzi\u0119kujemy - Wallbox Help Center","isPartOf":{"@id":"https:\/\/support.wallbox.com\/pl\/#website"},"datePublished":"2020-06-09T15:28:33+00:00","dateModified":"2021-11-18T11:29:56+00:00","breadcrumb":{"@id":"https:\/\/support.wallbox.com\/pl\/thank-you\/#breadcrumb"},"inLanguage":"pl-PL","potentialAction":[{"@type":"ReadAction","target":["https:\/\/support.wallbox.com\/pl\/thank-you\/"]}]},{"@type":"BreadcrumbList","@id":"https:\/\/support.wallbox.com\/pl\/thank-you\/#breadcrumb","itemListElement":[{"@type":"ListItem","position":1,"name":"Home","item":"https:\/\/support.wallbox.com\/pl\/"},{"@type":"ListItem","position":2,"name":"Dzi\u0119kujemy"}]}]}},"_links":{"self":[{"href":"https:\/\/support.wallbox.com\/pl\/wp-json\/wp\/v2\/pages\/43100","targetHints":{"allow":["GET"]}}],"collection":[{"href":"https:\/\/support.wallbox.com\/pl\/wp-json\/wp\/v2\/pages"}],"about":[{"href":"https:\/\/support.wallbox.com\/pl\/wp-json\/wp\/v2\/types\/page"}],"author":[{"embeddable":true,"href":"https:\/\/support.wallbox.com\/pl\/wp-json\/wp\/v2\/users\/23"}],"replies":[{"embeddable":true,"href":"https:\/\/support.wallbox.com\/pl\/wp-json\/wp\/v2\/comments?post=43100"}],"version-history":[{"count":0,"href":"https:\/\/support.wallbox.com\/pl\/wp-json\/wp\/v2\/pages\/43100\/revisions"}],"wp:attachment":[{"href":"https:\/\/support.wallbox.com\/pl\/wp-json\/wp\/v2\/media?parent=43100"}],"curies":[{"name":"wp","href":"https:\/\/api.w.org\/{rel}","templated":true}]}}