

{"id":9925,"date":"2019-07-24T11:07:41","date_gmt":"2019-07-24T09:07:41","guid":{"rendered":"https:\/\/support.wallbox.com\/bruksvilkar\/"},"modified":"2019-12-30T12:53:32","modified_gmt":"2019-12-30T11:53:32","slug":"bruksvilkar","status":"publish","type":"page","link":"https:\/\/support.wallbox.com\/no\/bruksvilkar\/","title":{"rendered":"Bruksvilk\u00e5r"},"content":{"rendered":"\n<p>Ikrafttredelsesdato:\u00a0\u00a01. juli 2019<\/p>\n\n<p>Wallbox ladere SL. (\u00abWallbox\u00bb) tilbyr en ladel\u00f8sning for elektriske kj\u00f8ret\u00f8y for hjemme- og bedriftsbrukere med maskinvare og en elektronisk tjeneste for kontroll av ladefunksjonene til intelligente ladeenheter som er tilgjengelig lokalt p\u00e5 et nettverk og eksternt via Internet via dette nettstedet og en mobilapplikasjon.<\/p>\n\n<p>DISSE BRUKSVILK\u00c5RENE INNEHOLDER EN BINDENDE VOLDGIFTSKLAUSUL OG EN FRASKRIVELSE AV RETTIGHETER TIL GRUPPES\u00d8KSM\u00c5L I PUNKT 18.\u00a0\u00a0VILK\u00c5RENE I PUNKT 18 P\u00c5VIRKER RETTIGHETENE DINE I FORBINDELSE MED TVISTEL\u00d8SNING MED WALLBOX.\u00a0\u00a0F\u00d8LGELIG B\u00d8R DU LESE N\u00d8YE IGJENNOM DISSE.\u00a0\u00a0HVIS DU IKKE ER ENIG MED DISSE BRUKSVILK\u00c5RENE, HAR DU IKKE LOV TIL \u00c5 BRUKE WALLBOX SINE TJENESTER<\/p>\n\n<h3 class=\"wp-block-heading\">1. Tjenesten og dens eier<\/h3>\n\n<p>Dette dokumentet (sammen med alle dokumentene nevnt deri) fastsetter betingelsene som regulerer bruken av dette nettstedet (<a href=\"https:\/\/support.wallbox.com\/\">support.wallbox.com<\/a>) (\u00abnettstedet\u00bb) og Wallbox Academy (\u00abtjenesten\u00bb) med informasjonsbehandlingsfasiliteter som st\u00f8tter kontroll av ladeenheter for elektroniske kj\u00f8ret\u00f8y, som er tilgjengelig via Wallbox-portalen p\u00e5 denne nettsiden (\u00abWallbox-portalen\u00bb), den mobile appen, WALLBOX app, (\u00abapp\u00bb), og eventuelle andre n\u00e5v\u00e6rende eller fremtidige applikasjoner, st\u00f8tte eller enheter som tjenesten kan n\u00e5s gjennom.<\/p>\n\n<p>Ved \u00e5 bruke dette nettstedet, appen eller tjenesten, godtar du som brukeren (\u00abdu\u00bb eller \u00abbrukeren\u00bb) \u00e5 bindes av disse bruksvilk\u00e5rene og v\u00e5re retningslinjer for personvern, som er innlemmet ved henvisning i disse bruksvilk\u00e5rene.\u00a0\u00a0S\u00e5 hvis du ikke er enig med alle vilk\u00e5rene og betingelsene i disse bruksvilk\u00e5rene og retningslinjene for personvern, b\u00f8r du ikke bruke dette nettstedet.<\/p>\n\n<h3 class=\"wp-block-heading\">2. Brukere<\/h3>\n\n<p><strong>2.1.\u00a0<\/strong>Tilgangen til visse funksjoner i tjenesten krever forh\u00e5ndsregistrering av brukeren og opprettelsen av en \u00abWallbox\u00bb-konto, med uttrykkelig samtykke til disse bruksvilk\u00e5rene. Opprettelsen av kontoen vil tillate brukeren \u00e5 dra nytte av intelligente datastyringsfunksjoner i henhold til den valgte tjenestepakken blant de som tilbys av WALLBOX.<\/p>\n\n<p><strong>2.2.\u00a0<\/strong>Under forh\u00e5ndsregistrering m\u00e5 brukeren fylle ut de relevante skjemaene p\u00e5 nettstedet eller i appen. Dataene som oppgis av brukeren m\u00e5 v\u00e6re korrekte, sanne, oppdaterte og fullstendige, og det er brukerens ansvar \u00e5 holde slike data oppdatert. Brukeren er ansvarlig for hemmeligholdelse av passordet sitt og er ansvarlig for eventuelle skader som f\u00f8lge av uautorisert bruk, tilgang, utlevering eller tap derav. Enhver bruk av en brukerkonto med brukerens korrekte brukernavn og passord vil anses \u00e5 ha blitt gjort av brukeren som innehar en slik konto, som i alle tilfeller skal v\u00e6re ansvarlig for denne bruken og tilgangen.<\/p>\n\n<p><strong>2.3.\u00a0<\/strong>\u00abMyWallbox\u00bb-kontoen brukeren har rett til \u00e5 autorisere tredjeparter til \u00e5 bruke tjenesten via brukerens konto, ved \u00e5 opprette underbrukere som slike tredjeparter kan bruke. Slike tredjeparter skal anses, for alle form\u00e5l og hensikter, som brukere av tjenesten, og er bundet av disse bruksvilk\u00e5rene. Bare innehaveren av en \u00abWallbox\u00bb-hovedkonto kan opprette slike underkontoer, og dermed forplikter han\/hun seg til \u00e5 informere alle autoriserte personer om samsvarskravene i forbindelse med disse bruksvilk\u00e5rene, og han\/hun er eneansvarlig for overholdelse all bruk av tjenesten.<\/p>\n\n<p><strong>2.4.\u00a0<\/strong>Brukeren skal v\u00e6re ansvarlig for bruken av tjenesten eller andres bruk av tjenesten med hans\/hennes brukernavn og passord.<\/p>\n\n<p><strong>2.5.\u00a0<\/strong>P\u00e5 samme m\u00e5te vil brukeren overholde disse bruksvilk\u00e5rene og andre varsler, regler for bruk og anvisninger utstedt av Wallbox til brukere.<\/p>\n\n<h3 class=\"wp-block-heading\">3. Mindre\u00e5rige brukere<\/h3>\n\n<p><strong>3.1.\u00a0<\/strong>Nettstedet, appen og tjenesten er for voksne.\u00a0\u00a0Mindre\u00e5rige anses kun som bruker, da som underbruker, med godkjenning av en forelder eller foresatt.<\/p>\n\n<p><strong>3.2.\u00a0<\/strong>WALLBOX skal ikke under noen omstendighet holdes ansvarlig for skader som oppst\u00e5r som f\u00f8lge av mindre\u00e5riges bruk av tjenesten som er autorisert til \u00e5 bruke tjenesten av en bruker.<\/p>\n\n<h3 class=\"wp-block-heading\">4. Tilgang til tjenesten via appen<\/h3>\n\n<p><strong>4.1.\u00a0<\/strong>WALLBOX gj\u00f8r en app tilgjengelig for brukerne for \u00e5 f\u00e5 tilgang til og bruke tjenesten p\u00e5 smarttelefoner, nettbrett, smartklokker og andre typer mobile enheter (heretter kalt \u00abmobile enheter\u00bb). Android-og iOS-versjoner av appen skal v\u00e6re tilgjengelig for nedlasting p\u00e5 den aktuelle app store, som gir informasjon om tjenesten, inkludert beskrivelse, funksjoner og funksjoner i appen og de tekniske kravene for installasjon og bruk.<\/p>\n\n<p><strong>4.2.\u00a0<\/strong>Etter nedlasting av appen kan brukeren registrere og opprette sin \u00abWallbox\u00bb-konto som anvist, og dette gir tilgang til tjenestene som krever registrering.<\/p>\n\n<h3 class=\"wp-block-heading\">5. Tjenestefunksjonalitet<\/h3>\n\n<p><strong>5.1.\u00a0<\/strong>Tjenesten kan brukes gjennom hvilken som helst av enhetene som Wallbox tilbyr appen til. Enhetene er utformet for \u00e5 samle inn data og informasjon som tar sikte p\u00e5 \u00e5 optimere styringen av den elektriske ladingen fra brukerne av tjenesten, men bare brukere som er registrert i henhold til disse bruksvilk\u00e5rene kan benytte seg av tjenesten og det intelligente ladestyringssystemet fra Wallbox.<\/p>\n\n<p><strong>5.2.\u00a0<\/strong>For \u00e5 forbedre tjenesten kan WALLBOX-ladestasjonen endre komponent og\/eller deler av nettstedet, Wallbox portal, app, tjeneste, eller drift n\u00e5r som helst, uten forvarsel, eller tekniske og bruksforhold. For \u00e5 forbedre tjenesten, kan brukere foresl\u00e5 eventuelle endringer for WALLBOX som de anser som nyttige, samt innhente tilleggsinformasjon eller oppklare tvil, l\u00f8se klager eller forslag, ved \u00e5 kontakte WALLBOX p\u00e5 e-postadressen i overskriften til disse bruksvilk\u00e5rene.\u00a0\u00a0Wallbox tar imot forslag, men det inneb\u00e6rer ingen forpliktelse for selskapet.\u00a0\u00a0Videre, hvis en bruker gir ideer, forslag eller anbefalinger til Wallbox (\u00abtilbakemelding\u00bb), skal Wallbox ha en evigvarende verdensomspennende lisens til \u00e5 kopiere, beholde, bruke og innlemme slik tilbakemelding i sine tjenester eller produkter, uten betaling av royalties eller andre hensyn til brukeren.<\/p>\n\n<h3 class=\"wp-block-heading\">6. Bruk av tjenesten<\/h3>\n\n<p><strong>6.1.\u00a0<\/strong>Brukerne forplikter seg til \u00e5 ikke bruke tjenesten til ulovlige form\u00e5l, som strider med disse bruksvilk\u00e5rene, skader interessene til tredjeparter eller WALLBOX, eller som kan skade eller svekke WALLBOX p\u00e5 noen m\u00e5te, eller forhindre normal bruk eller opplevelse av tjenesten.<\/p>\n\n<p><strong>6.2.\u00a0<\/strong>Brukeren kan bare benytte tjenesten til personlige form\u00e5l og innenfor det omfang som er angitt i disse bruksvilk\u00e5rene. Brukeren skal ikke utf\u00f8re aktivitet som kan skade tjenesten og\/eller dens drift eller utvikling.<\/p>\n\n<p><strong>6.3.\u00a0<\/strong>I tillegg til ovennevnte, og spesielt men ikke begrenset til, skal brukeren avst\u00e5 fra \u00e5 bruke tjenesten til \u00e5:<\/p>\n\n<p>a)\u00a0Laste opp eller overf\u00f8re brukerinnhold til Wallbox eller engasjere seg i atferd p\u00e5 nettstedet, ved hjelp av appen eller med tjenesten som utgj\u00f8r et brudd p\u00e5, eller trussel mot, sikkerheten til nettstedet, Wallbox portal, appen eller tjenesten, inkludert men ikke begrenset til noen elektronisk informasjon som inneholder programvare som er utviklet for \u00e5 skade eller forstyrre et system, for eksempel et virus, en orm eller en trojansk hest.<\/p>\n\n<p>b)\u00a0Skaffe deg eller fors\u00f8ke \u00e5 f\u00e5 uautorisert tilgang til andres konto<\/p>\n\n<p>c)\u00a0Bruke nettstedet, Wallbox portal, appen eller tjenesten til \u00e5 bryte gjeldende lover. Denne avtalen er ugyldig der det er forbudt<\/p>\n\n<p>d)\u00a0Trakassere eller forstyrre tredjeparter og\/eller krenke deres personvern<\/p>\n\n<p>e) Etterligne identiteten til andre brukere eller tredjeparter<\/p>\n\n<p>f) Spionere p\u00e5 andre brukere eller tredjeparter<\/p>\n\n<p>g) Informere tredjeparter om plasseringen av andre brukere<\/p>\n\n<p>h) Skade omd\u00f8mmet, bildet og det gode navnet til andre brukere eller tredjeparter, og<\/p>\n\n<p>i) Markedsf\u00f8re produkter, tjenester eller aktiviteter av sine egne eller tredjeparter for reklame eller markedsf\u00f8ringsform\u00e5l.<\/p>\n\n<p><strong>6.4.\u00a0<\/strong>WALLBOX forbeholder seg retten til \u00e5 blokkere tilgangen til brukeren eller slette hans\/hennes konto, samt \u00e5 iverksette eventuelle rettslige handlinger som kan v\u00e6re hensiktsmessig, i tilfelle brukeren bryter bestemmelsene i disse bruksvilk\u00e5rene.<\/p>\n\n<h3 class=\"wp-block-heading\">7. Intellektuell og industriell eiendomsrett<\/h3>\n\n<p><strong>7.1.<\/strong>\u00a0Nettstedet, Wallbox portal, app, og service, samt alle komponenter og\/eller konstituerende deler av det samme, inkludert men ikke begrenset til, enheter, teknologier, kildekode, design, tekst, varemerker, logoer, videoer og bilder, er beskyttet av immaterielle rettigheter. Wallbox og dets lisensgivere er eiere av relevante intellektuelle og industrielle eiendomsrettigheter i samme og\/eller har innhentet for deres bruk av relevante fullmakter eller tillatelser fra tredjeparter som er eiere av disse. Dermed skal brukere ikke iverksette tiltak for \u00e5 krenke den intellektuelle eiendomsretten til Wallbox eller dets lisensgivere eller \u00e5 utfordre, motsette seg eller forstyrre noen applikasjoner av Wallbox eller dets lisensgivere for beskyttelse av intellektuell eiendom i noen av de samme.<\/p>\n\n<p><strong>7.2.<\/strong>\u00a0Brukeren m\u00e5 ikke omg\u00e5 noen tiltak eller enhet som er implementert for \u00e5 beskytte de immaterielle rettighetene til nettstedet, Wallbox portal, appen, tjeneste og\/eller noen av deres komponenter og\/eller elementer.<\/p>\n\n<h3 class=\"wp-block-heading\">8. Personvern<\/h3>\n\n<p><strong>8.1.\u00a0<\/strong>Alle personopplysninger som innhentes ved registrering av brukeren og\/eller under bruk av tjenesten, er underlagt\u00a0Wallbox retningslinjer for personvern, som er innlemmet ved henvisning heri. Brukeren samtykker uttrykkelig til behandling av hans\/hennes personlige data for innsamling og bruk av personopplysninger for de form\u00e5l som er beskrevet i retningslinjene for personvern.\u00a0\u00a0Hvis du ber om at vi sletter alle dine personlige data, vil foresp\u00f8rselen din avslutte kontoen din og avtalen mellom deg og Wallbox.<\/p>\n\n<p><strong>8.2.\u00a0<\/strong>Ved opph\u00f8r av din \u00abWallbox\u00bb-konto, vil vi slette alle dine personlige data uten ytterligere varsel, med mindre du uttrykkelig godkjenner oppbevaring av personopplysninger med det form\u00e5l \u00e5 sende markedsf\u00f8ring, reklame og\/eller reklamekommunikasjon.<\/p>\n\n<h3 class=\"wp-block-heading\">9.\u00a0Endringer<\/h3>\n\n<p>Wallbox kan, fra tid til annen, endre bruksvilk\u00e5rene ved \u00e5 legge ut en ny versjon til nettstedet.\u00a0\u00a0Det er brukerens ansvar \u00e5 regelmessig se etter endringer i bruksvilk\u00e5rene.\u00a0\u00a0Din fortsatte bruk av tjenesten, nettstedet eller appen etter kunngj\u00f8ring av de nye bruksvilk\u00e5rene utgj\u00f8r din aksept av endringene i bruksvilk\u00e5rene.\u00a0\u00a0Hvis du ikke godtar endringer i bruksvilk\u00e5rene, m\u00e5 du avslutte kontoen din og avslutte bruken av tjenesten, nettstedet og appen.<\/p>\n\n<h3 class=\"wp-block-heading\">10.\u00a0Sende konfidensiell informasjon gjennom tjenesten<\/h3>\n\n<p>All informasjon som sendes av brukeren gjennom tjenesten, skal behandles som konfidensiell informasjon. Til tross for dette har Wallbox rett til \u00e5 slette slik informasjon hvis den anses som st\u00f8tende eller upassende, samt \u00e5 reagere p\u00e5 administrativ eller rettslig prosess og gi kompetente myndigheter tilgang til slik informasjon om n\u00f8dvendig, forutsatt i samsvar med gjeldende lov.<\/p>\n\n<h3 class=\"wp-block-heading\">11.\u00a0Teknologiske begrensninger<\/h3>\n\n<p>Fra tid til annen opprettholder Wallbox Academy tjenesten og m\u00e5 midlertidig avbryte tilgjengeligheten av tjenesten for vedlikehold. I tillegg erkjenner du at i tillegg til de nevnte avbrudd, er det mange elementer som kan p\u00e5virke driften av tjenesten beyong Wallbox Academy, for eksempel, men ikke begrenset til, Internet eller andre nedetid p\u00e5 nettverket, milj\u00f8forhold, overbelastning av nettverket, tap av tilkobling, handlinger av tredjeparters programvare osv.\u00a0\u00a0Wallbox er ikke ansvarlig for at tjenesten er utilgjengelig p\u00e5 grunn av disse hendelsene.<\/p>\n\n<h3 class=\"wp-block-heading\">12.\u00a0Begrenset garanti, ansvarsfraskrivelse og ansvarsbegrensninger<\/h3>\n\n<p><strong>12.1.<\/strong>\u00a0WALLBOX er ikke ansvarlig for avgj\u00f8relser tatt av brukerne som et resultat av informasjonen som tilbys av tjenesten, uavhengig av dens opprinnelse, eller for skaden p\u00e5f\u00f8rt brukerne eller tredjeparter ved bruk av tjenesten.<\/p>\n\n<p><strong>12.2.<\/strong>\u00a0Wallbox Academy er ikke ansvarlig for hastigheten, surfe kvaliteten og bruken av og tilgangen til tjenesten av brukeren, som avhenger av de tekniske vilk\u00e5rene som brukeren har inng\u00e5tt med tilgangsleverand\u00f8ren sin. Derfor er Wallbox Academy ikke ansvarlig for utilgjengelighet, suspensjon eller kansellering av tilgangen til tjenesten p\u00e5 grunn av generelle tilkoblingsproblemer med hensyn til Internet eller tilkoblingsproblemer i det lokale nettverket som brukes for \u00e5 f\u00e5 tilgang til tjenesten og forstyrrelser p\u00e5 grunn til tredjeparter. Wallbox Academy er ikke ansvarlig for kontinuitet og tilgjengelighet for tjenesten n\u00e5r den ikke kan garanteres av \u00e5rsaker som er utenfor Wallbox Academy.<\/p>\n\n<p><strong>12.3<\/strong>\u00a0Wallbox garanterer for deg, mens du har en registrert konto hos den, at nettstedet og tjenesten utf\u00f8rer i samsvar med publiserte spesifikasjoner p\u00e5 nettstedet.<\/p>\n\n<p><strong>12.4<\/strong>\u00a0MED UNNTAK AV DET SOM GARANTERES I AVSNITT 12.3, VIL TJENESTEN, NETTSTEDET, MYWALLBOX-PORTALEN OG APPEN LEVERES \u00abSOM DEN ER\u00bb, UTEN NOEN FORM FOR GARANTI, OG, I DEN GRAD DET ER TILLATT I HENHOLD TIL GJELDENDE LOV, FRASKRIVER WALLBOX OG DETS LISENSGIVERE SEG HERVED ALLE GARANTIER, REPRESENTASJONER ELLER VILK\u00c5R, UTTRYKT ELLER UNDERFORST\u00c5TT, INKLUDERT UTEN BEGRENSNING ENHVER GARANTI FOR SALGBARHET, EGNETHET FOR ET BESTEMT FORM\u00c5L, ELLER IKKE-KRENKELSE.\u00a0\u00a0DU ER ANSVARLIG FOR \u00c5 AVGJ\u00d8RE AT TJENESTEN, NETTSIDEN, MYWALLBOX-PORTALEN OG APPEN OPPFYLLER DINE KRAV, OG HAR DEN KVALITETEN DU TRENGER, OG WALLBOX FRASKRIVER SEG ETHVERT ANSVAR.\u00a0\u00a0NOEN JURISDIKSJONER TILLATER IKKE UNNTAK AV EN UNDERFORST\u00c5TT GARANTI, S\u00c5 DENNE ANSVARSFRASKRIVELSEN KAN IKKE GJELDE FOR DEG, OG DU KAN HA ANDRE JURIDISKE RETTIGHETER SOM VARIERER ETTER JURISDIKSJON.<\/p>\n\n<h3 class=\"wp-block-heading\">13. Ansvarsfraskrivelse<\/h3>\n\n<p><strong>13.1.\u00a0<\/strong>WALLBOX er ikke ansvarlig for avgj\u00f8relser tatt av brukerne som et resultat av informasjonen som tilbys av tjenesten, uavhengig av dens opprinnelse, eller for skaden p\u00e5f\u00f8rt brukerne eller tredjeparter ved bruk av tjenesten.<\/p>\n\n<p><strong>13.2.\u00a0<\/strong>WALLBOX er ikke ansvarlig for hastigheten, nettleserkvaliteten og bruken av og tilgangen til tjenesten av brukeren, som avhenger av de tekniske vilk\u00e5rene som brukeren har inng\u00e5tt med tilgangsleverand\u00f8ren sin. Derfor er WALLBOX ikke ansvarlig for det umulige, suspensjon eller kansellering av tilgangen til tjenesten eller tilkoblingsproblemer i nettverket som brukes for \u00e5 f\u00e5 tilgang til tjenesten og avbrudd p\u00e5 grunn av tredjeparter. WALLBOX er ikke ansvarlig for kontinuitet og tilgjengelighet for tjenesten n\u00e5r den ikke kan garanteres av \u00e5rsaker som er utenfor WALLBOX.<\/p>\n\n<h3 class=\"wp-block-heading\">14. L\u00f8petid<\/h3>\n\n<p><strong>14.1.<\/strong>\u00a0Disse bruksvilk\u00e5rene vil v\u00e6re i kraft s\u00e5 lenge brukeren holder sin \u00abWallbox\u00bb aktiv og\/eller gj\u00f8re bruk av tjenesten.<\/p>\n\n<p><strong>14.2<\/strong>\u00a0Hvis kontoen din har v\u00e6rt inaktiv i over 12 m\u00e5neder, har Wallbox rett til \u00e5 si opp kontoen din og avtalen med deg ved \u00e5 varsle deg p\u00e5 din siste kjente adresse.<\/p>\n\n<h3 class=\"wp-block-heading\">15.\u00a0Skriftlig kommunikasjon<\/h3>\n\n<p>Ved \u00e5 godta disse bruksvilk\u00e5rene aksepterer brukeren at det meste av kommunikasjonen med Wallbox vil v\u00e6re elektronisk. Wallbox Academy vil kontakte brukeren med elektronisk post eller ved \u00e5 vise meldinger i tjenesten. Brukeren aksepterer bruken av disse elektroniske kommunikasjonsmidlene, og erkjenner at eventuelle varsel, informasjon og annen kommunikasjon elektronisk sendt av Wallbox overholder lovp\u00e5lagte eller andre juridiske krav om \u00e5 v\u00e6re skriftlig.<\/p>\n\n<h3 class=\"wp-block-heading\">16. Kundest\u00f8tte<\/h3>\n\n<p><strong>16.1.<\/strong>\u00a0Hvis brukeren \u00f8nsker \u00e5 kontakte kundeservice for \u00e5 f\u00e5 hjelp, kan han\/hun bruke f\u00f8lgende metoder:<\/p>\n\n<p>Elektronisk post<\/p>\n\n<p>Sende en elektronisk post til adressen <a href=\"mailto:service@wallbox.com\">service@wallbox.com<\/a>.<\/p>\n\n<p>Post<\/p>\n\n<p>Sende e-post til C\/Anabel Segura 7, planta Baja H, 28108 Alcobendas, Madrid, Spania<\/p>\n\n<h3 class=\"wp-block-heading\">17. Gjeldende lover og jurisdiksjon<\/h3>\n\n<p><strong>17.1.\u00a0<\/strong>Disse bruksvilk\u00e5rene skal styres av lovene i Spania uten at det ber\u00f8rer forbrukerne og brukernes beskyttelseslover som, saken er, kan v\u00e6re aktuelt.<\/p>\n\n<p><strong>17.2.\u00a0<\/strong>I tilfelle en tvist som oppst\u00e5r som f\u00f8lge av levering av tjenesten, fraskriver partene seg uttrykkelig retten til ethvert annet sted eller jurisdiksjon som de kan ha rett til og godtar \u00e5 underkaste seg domstolene i Barcelona.<\/p>\n","protected":false},"excerpt":{"rendered":"<p>Ikrafttredelsesdato:\u00a0\u00a01. juli 2019 Wallbox ladere SL. (\u00abWallbox\u00bb) tilbyr en ladel\u00f8sning for elektriske kj\u00f8ret\u00f8y for hjemme- og bedriftsbrukere med maskinvare og&#8230;<\/p>\n","protected":false},"author":23,"featured_media":0,"parent":0,"menu_order":0,"comment_status":"closed","ping_status":"closed","template":"","meta":{"inline_featured_image":false,"footnotes":""},"class_list":["post-9925","page","type-page","status-publish","hentry"],"acf":[],"yoast_head":"<!-- This site is optimized with the Yoast SEO plugin v18.6 - https:\/\/yoast.com\/wordpress\/plugins\/seo\/ -->\n<title>Bruksvilk\u00e5r - Wallbox Help Center<\/title>\n<meta name=\"robots\" content=\"index, follow, max-snippet:-1, max-image-preview:large, max-video-preview:-1\" \/>\n<link rel=\"canonical\" href=\"https:\/\/support.wallbox.com\/no\/bruksvilkar\/\" \/>\n<meta property=\"og:locale\" content=\"nb_NO\" \/>\n<meta property=\"og:type\" content=\"article\" \/>\n<meta property=\"og:title\" content=\"Bruksvilk\u00e5r - Wallbox Help Center\" \/>\n<meta property=\"og:description\" content=\"Ikrafttredelsesdato:\u00a0\u00a01. juli 2019 Wallbox ladere SL. (\u00abWallbox\u00bb) tilbyr en ladel\u00f8sning for elektriske kj\u00f8ret\u00f8y for hjemme- og bedriftsbrukere med maskinvare og...\" \/>\n<meta property=\"og:url\" content=\"https:\/\/support.wallbox.com\/no\/bruksvilkar\/\" \/>\n<meta property=\"og:site_name\" content=\"Wallbox Help Center\" \/>\n<meta property=\"article:modified_time\" content=\"2019-12-30T11:53:32+00:00\" \/>\n<meta name=\"twitter:card\" content=\"summary_large_image\" \/>\n<meta name=\"twitter:label1\" content=\"Est. reading time\" \/>\n\t<meta name=\"twitter:data1\" content=\"11 minutes\" \/>\n<script type=\"application\/ld+json\" class=\"yoast-schema-graph\">{\"@context\":\"https:\/\/schema.org\",\"@graph\":[{\"@type\":\"WebSite\",\"@id\":\"https:\/\/support.wallbox.com\/no\/#website\",\"url\":\"https:\/\/support.wallbox.com\/no\/\",\"name\":\"Wallbox Help Center\",\"description\":\"Get help for our products &amp; digital solutions\",\"potentialAction\":[{\"@type\":\"SearchAction\",\"target\":{\"@type\":\"EntryPoint\",\"urlTemplate\":\"https:\/\/support.wallbox.com\/no\/?s={search_term_string}\"},\"query-input\":\"required name=search_term_string\"}],\"inLanguage\":\"nb-NO\"},{\"@type\":\"WebPage\",\"@id\":\"https:\/\/support.wallbox.com\/no\/bruksvilkar\/#webpage\",\"url\":\"https:\/\/support.wallbox.com\/no\/bruksvilkar\/\",\"name\":\"Bruksvilk\u00e5r - Wallbox Help Center\",\"isPartOf\":{\"@id\":\"https:\/\/support.wallbox.com\/no\/#website\"},\"datePublished\":\"2019-07-24T09:07:41+00:00\",\"dateModified\":\"2019-12-30T11:53:32+00:00\",\"breadcrumb\":{\"@id\":\"https:\/\/support.wallbox.com\/no\/bruksvilkar\/#breadcrumb\"},\"inLanguage\":\"nb-NO\",\"potentialAction\":[{\"@type\":\"ReadAction\",\"target\":[\"https:\/\/support.wallbox.com\/no\/bruksvilkar\/\"]}]},{\"@type\":\"BreadcrumbList\",\"@id\":\"https:\/\/support.wallbox.com\/no\/bruksvilkar\/#breadcrumb\",\"itemListElement\":[{\"@type\":\"ListItem\",\"position\":1,\"name\":\"Home\",\"item\":\"https:\/\/support.wallbox.com\/no\/\"},{\"@type\":\"ListItem\",\"position\":2,\"name\":\"Bruksvilk\u00e5r\"}]}]}<\/script>\n<!-- \/ Yoast SEO plugin. -->","yoast_head_json":{"title":"Bruksvilk\u00e5r - Wallbox Help Center","robots":{"index":"index","follow":"follow","max-snippet":"max-snippet:-1","max-image-preview":"max-image-preview:large","max-video-preview":"max-video-preview:-1"},"canonical":"https:\/\/support.wallbox.com\/no\/bruksvilkar\/","og_locale":"nb_NO","og_type":"article","og_title":"Bruksvilk\u00e5r - Wallbox Help Center","og_description":"Ikrafttredelsesdato:\u00a0\u00a01. juli 2019 Wallbox ladere SL. (\u00abWallbox\u00bb) tilbyr en ladel\u00f8sning for elektriske kj\u00f8ret\u00f8y for hjemme- og bedriftsbrukere med maskinvare og...","og_url":"https:\/\/support.wallbox.com\/no\/bruksvilkar\/","og_site_name":"Wallbox Help Center","article_modified_time":"2019-12-30T11:53:32+00:00","twitter_card":"summary_large_image","twitter_misc":{"Est. reading time":"11 minutes"},"schema":{"@context":"https:\/\/schema.org","@graph":[{"@type":"WebSite","@id":"https:\/\/support.wallbox.com\/no\/#website","url":"https:\/\/support.wallbox.com\/no\/","name":"Wallbox Help Center","description":"Get help for our products &amp; digital solutions","potentialAction":[{"@type":"SearchAction","target":{"@type":"EntryPoint","urlTemplate":"https:\/\/support.wallbox.com\/no\/?s={search_term_string}"},"query-input":"required name=search_term_string"}],"inLanguage":"nb-NO"},{"@type":"WebPage","@id":"https:\/\/support.wallbox.com\/no\/bruksvilkar\/#webpage","url":"https:\/\/support.wallbox.com\/no\/bruksvilkar\/","name":"Bruksvilk\u00e5r - Wallbox Help Center","isPartOf":{"@id":"https:\/\/support.wallbox.com\/no\/#website"},"datePublished":"2019-07-24T09:07:41+00:00","dateModified":"2019-12-30T11:53:32+00:00","breadcrumb":{"@id":"https:\/\/support.wallbox.com\/no\/bruksvilkar\/#breadcrumb"},"inLanguage":"nb-NO","potentialAction":[{"@type":"ReadAction","target":["https:\/\/support.wallbox.com\/no\/bruksvilkar\/"]}]},{"@type":"BreadcrumbList","@id":"https:\/\/support.wallbox.com\/no\/bruksvilkar\/#breadcrumb","itemListElement":[{"@type":"ListItem","position":1,"name":"Home","item":"https:\/\/support.wallbox.com\/no\/"},{"@type":"ListItem","position":2,"name":"Bruksvilk\u00e5r"}]}]}},"_links":{"self":[{"href":"https:\/\/support.wallbox.com\/no\/wp-json\/wp\/v2\/pages\/9925","targetHints":{"allow":["GET"]}}],"collection":[{"href":"https:\/\/support.wallbox.com\/no\/wp-json\/wp\/v2\/pages"}],"about":[{"href":"https:\/\/support.wallbox.com\/no\/wp-json\/wp\/v2\/types\/page"}],"author":[{"embeddable":true,"href":"https:\/\/support.wallbox.com\/no\/wp-json\/wp\/v2\/users\/23"}],"replies":[{"embeddable":true,"href":"https:\/\/support.wallbox.com\/no\/wp-json\/wp\/v2\/comments?post=9925"}],"version-history":[{"count":0,"href":"https:\/\/support.wallbox.com\/no\/wp-json\/wp\/v2\/pages\/9925\/revisions"}],"wp:attachment":[{"href":"https:\/\/support.wallbox.com\/no\/wp-json\/wp\/v2\/media?parent=9925"}],"curies":[{"name":"wp","href":"https:\/\/api.w.org\/{rel}","templated":true}]}}