

{"id":9077,"date":"2019-06-20T14:09:04","date_gmt":"2019-06-20T12:09:04","guid":{"rendered":"https:\/\/support.wallbox.com\/contattaci\/"},"modified":"2026-04-01T12:04:51","modified_gmt":"2026-04-01T10:04:51","slug":"contattaci","status":"publish","type":"page","link":"https:\/\/support.wallbox.com\/it\/contattaci\/","title":{"rendered":"Contattaci"},"content":{"rendered":"\t\t<div data-elementor-type=\"wp-post\" data-elementor-id=\"9077\" class=\"elementor elementor-9077 elementor-18\" data-elementor-post-type=\"page\">\n\t\t\t\t\t\t<section class=\"elementor-section elementor-top-section elementor-element elementor-element-4f58237 newWeb elementor-section-boxed elementor-section-height-default elementor-section-height-default\" data-id=\"4f58237\" data-element_type=\"section\">\n\t\t\t\t\t\t<div class=\"elementor-container elementor-column-gap-default\">\n\t\t\t\t\t<div class=\"elementor-column elementor-col-100 elementor-top-column elementor-element elementor-element-9bd6e27\" data-id=\"9bd6e27\" data-element_type=\"column\">\n\t\t\t<div class=\"elementor-widget-wrap elementor-element-populated\">\n\t\t\t\t\t\t<div class=\"elementor-element elementor-element-027ef06 h2 elementor-widget elementor-widget-heading\" data-id=\"027ef06\" data-element_type=\"widget\" data-widget_type=\"heading.default\">\n\t\t\t\t<div class=\"elementor-widget-container\">\n\t\t\t<h2 class=\"elementor-heading-title elementor-size-default\">Contattaci<\/h2>\t\t<\/div>\n\t\t\t\t<\/div>\n\t\t\t\t\t<\/div>\n\t\t<\/div>\n\t\t\t\t\t<\/div>\n\t\t<\/section>\n\t\t\t\t<section class=\"elementor-section elementor-top-section elementor-element elementor-element-e7627f4 newWeb elementor-section-boxed elementor-section-height-default elementor-section-height-default\" data-id=\"e7627f4\" data-element_type=\"section\">\n\t\t\t\t\t\t<div class=\"elementor-container elementor-column-gap-default\">\n\t\t\t\t\t<div class=\"elementor-column elementor-col-100 elementor-top-column elementor-element elementor-element-a0b3ced\" data-id=\"a0b3ced\" data-element_type=\"column\">\n\t\t\t<div class=\"elementor-widget-wrap elementor-element-populated\">\n\t\t\t\t\t\t<div class=\"elementor-element elementor-element-fe116d7 elementor-tabs-view-horizontal elementor-widget elementor-widget-tabs\" data-id=\"fe116d7\" data-element_type=\"widget\" data-widget_type=\"tabs.default\">\n\t\t\t\t<div class=\"elementor-widget-container\">\n\t\t\t\t\t<div class=\"elementor-tabs\">\n\t\t\t<div class=\"elementor-tabs-wrapper\" role=\"tablist\" >\n\t\t\t\t\t\t\t\t\t<div id=\"elementor-tab-title-2661\" class=\"elementor-tab-title elementor-tab-desktop-title\" aria-selected=\"true\" data-tab=\"1\" role=\"tab\" tabindex=\"0\" aria-controls=\"elementor-tab-content-2661\" aria-expanded=\"false\">Servizio clienti\/richieste<\/div>\n\t\t\t\t\t\t\t<\/div>\n\t\t\t<div class=\"elementor-tabs-content-wrapper\" role=\"tablist\" aria-orientation=\"vertical\">\n\t\t\t\t\t\t\t\t\t<div class=\"elementor-tab-title elementor-tab-mobile-title\" aria-selected=\"true\" data-tab=\"1\" role=\"tab\" tabindex=\"0\" aria-controls=\"elementor-tab-content-2661\" aria-expanded=\"false\">Servizio clienti\/richieste<\/div>\n\t\t\t\t\t<div id=\"elementor-tab-content-2661\" class=\"elementor-tab-content elementor-clearfix\" data-tab=\"1\" role=\"tabpanel\" aria-labelledby=\"elementor-tab-title-2661\" tabindex=\"0\" hidden=\"false\"><p><strong>Siamo qui per te!<\/strong><\/p><p>Per elaborare la tua richiesta il pi\u00f9 rapidamente possibile, abbiamo ottimizzato il nostro processo di assistenza. <br \/><strong>D&#8217;ora in poi, i ticket di supporto possono essere creati solo tramite il nostro chatbot.<\/strong><\/p><p>\u00c8 semplice:<\/p><p><strong>Clicca sull&#8217;icona della chat in basso a sinistra.<\/strong> Il nostro chatbot ti guider\u00e0 attraverso le domande pi\u00f9 importanti in modo che il tuo ticket venga indirizzato direttamente all&#8217;esperto giusto. Questo ti far\u00e0 risparmiare tempo e garantir\u00e0 una risoluzione pi\u00f9 rapida.<\/p><p>Una volta creato il tuo ticket, il nostro team di assistenza ti contatter\u00e0 il prima possibile.<\/p><p>Grazie per il tuo supporto!<\/p><p><strong>Il team ABL e Wallbox<\/strong><\/p><\/div>\n\t\t\t\t\t\t\t<\/div>\n\t\t<\/div>\n\t\t\t\t<\/div>\n\t\t\t\t<\/div>\n\t\t\t\t\t<\/div>\n\t\t<\/div>\n\t\t\t\t\t<\/div>\n\t\t<\/section>\n\t\t\t\t<\/div>\n\t\t","protected":false},"excerpt":{"rendered":"<p>Contattaci Servizio clienti\/richieste Servizio clienti\/richieste Siamo qui per te! Per elaborare la tua richiesta il pi\u00f9 rapidamente possibile, abbiamo ottimizzato&#8230;<\/p>\n","protected":false},"author":23,"featured_media":0,"parent":0,"menu_order":0,"comment_status":"closed","ping_status":"closed","template":"elementor_header_footer","meta":{"inline_featured_image":false,"footnotes":""},"class_list":["post-9077","page","type-page","status-publish","hentry"],"acf":[],"yoast_head":"<!-- This site is optimized with the Yoast SEO plugin v18.6 - https:\/\/yoast.com\/wordpress\/plugins\/seo\/ -->\n<title>Contattaci - Wallbox Help Center<\/title>\n<meta name=\"robots\" content=\"index, follow, max-snippet:-1, max-image-preview:large, max-video-preview:-1\" \/>\n<link rel=\"canonical\" href=\"https:\/\/support.wallbox.com\/it\/contattaci\/\" \/>\n<meta property=\"og:locale\" content=\"it_IT\" \/>\n<meta property=\"og:type\" content=\"article\" \/>\n<meta property=\"og:title\" content=\"Contattaci - Wallbox Help Center\" \/>\n<meta property=\"og:description\" content=\"Contattaci Servizio clienti\/richieste Servizio clienti\/richieste Siamo qui per te! Per elaborare la tua richiesta il pi\u00f9 rapidamente possibile, abbiamo ottimizzato...\" \/>\n<meta property=\"og:url\" content=\"https:\/\/support.wallbox.com\/it\/contattaci\/\" \/>\n<meta property=\"og:site_name\" content=\"Wallbox Help Center\" \/>\n<meta property=\"article:modified_time\" content=\"2026-04-01T10:04:51+00:00\" \/>\n<meta name=\"twitter:card\" content=\"summary_large_image\" \/>\n<meta name=\"twitter:label1\" content=\"Est. reading time\" \/>\n\t<meta name=\"twitter:data1\" content=\"1 minute\" \/>\n<script type=\"application\/ld+json\" class=\"yoast-schema-graph\">{\"@context\":\"https:\/\/schema.org\",\"@graph\":[{\"@type\":\"WebSite\",\"@id\":\"https:\/\/support.wallbox.com\/it\/#website\",\"url\":\"https:\/\/support.wallbox.com\/it\/\",\"name\":\"Wallbox Help Center\",\"description\":\"Get help for our products &amp; digital solutions\",\"potentialAction\":[{\"@type\":\"SearchAction\",\"target\":{\"@type\":\"EntryPoint\",\"urlTemplate\":\"https:\/\/support.wallbox.com\/it\/?s={search_term_string}\"},\"query-input\":\"required name=search_term_string\"}],\"inLanguage\":\"it-IT\"},{\"@type\":\"WebPage\",\"@id\":\"https:\/\/support.wallbox.com\/it\/contattaci\/#webpage\",\"url\":\"https:\/\/support.wallbox.com\/it\/contattaci\/\",\"name\":\"Contattaci - Wallbox Help Center\",\"isPartOf\":{\"@id\":\"https:\/\/support.wallbox.com\/it\/#website\"},\"datePublished\":\"2019-06-20T12:09:04+00:00\",\"dateModified\":\"2026-04-01T10:04:51+00:00\",\"breadcrumb\":{\"@id\":\"https:\/\/support.wallbox.com\/it\/contattaci\/#breadcrumb\"},\"inLanguage\":\"it-IT\",\"potentialAction\":[{\"@type\":\"ReadAction\",\"target\":[\"https:\/\/support.wallbox.com\/it\/contattaci\/\"]}]},{\"@type\":\"BreadcrumbList\",\"@id\":\"https:\/\/support.wallbox.com\/it\/contattaci\/#breadcrumb\",\"itemListElement\":[{\"@type\":\"ListItem\",\"position\":1,\"name\":\"Home\",\"item\":\"https:\/\/support.wallbox.com\/it\/\"},{\"@type\":\"ListItem\",\"position\":2,\"name\":\"Contattaci\"}]}]}<\/script>\n<!-- \/ Yoast SEO plugin. -->","yoast_head_json":{"title":"Contattaci - Wallbox Help Center","robots":{"index":"index","follow":"follow","max-snippet":"max-snippet:-1","max-image-preview":"max-image-preview:large","max-video-preview":"max-video-preview:-1"},"canonical":"https:\/\/support.wallbox.com\/it\/contattaci\/","og_locale":"it_IT","og_type":"article","og_title":"Contattaci - Wallbox Help Center","og_description":"Contattaci Servizio clienti\/richieste Servizio clienti\/richieste Siamo qui per te! Per elaborare la tua richiesta il pi\u00f9 rapidamente possibile, abbiamo ottimizzato...","og_url":"https:\/\/support.wallbox.com\/it\/contattaci\/","og_site_name":"Wallbox Help Center","article_modified_time":"2026-04-01T10:04:51+00:00","twitter_card":"summary_large_image","twitter_misc":{"Est. reading time":"1 minute"},"schema":{"@context":"https:\/\/schema.org","@graph":[{"@type":"WebSite","@id":"https:\/\/support.wallbox.com\/it\/#website","url":"https:\/\/support.wallbox.com\/it\/","name":"Wallbox Help Center","description":"Get help for our products &amp; digital solutions","potentialAction":[{"@type":"SearchAction","target":{"@type":"EntryPoint","urlTemplate":"https:\/\/support.wallbox.com\/it\/?s={search_term_string}"},"query-input":"required name=search_term_string"}],"inLanguage":"it-IT"},{"@type":"WebPage","@id":"https:\/\/support.wallbox.com\/it\/contattaci\/#webpage","url":"https:\/\/support.wallbox.com\/it\/contattaci\/","name":"Contattaci - Wallbox Help Center","isPartOf":{"@id":"https:\/\/support.wallbox.com\/it\/#website"},"datePublished":"2019-06-20T12:09:04+00:00","dateModified":"2026-04-01T10:04:51+00:00","breadcrumb":{"@id":"https:\/\/support.wallbox.com\/it\/contattaci\/#breadcrumb"},"inLanguage":"it-IT","potentialAction":[{"@type":"ReadAction","target":["https:\/\/support.wallbox.com\/it\/contattaci\/"]}]},{"@type":"BreadcrumbList","@id":"https:\/\/support.wallbox.com\/it\/contattaci\/#breadcrumb","itemListElement":[{"@type":"ListItem","position":1,"name":"Home","item":"https:\/\/support.wallbox.com\/it\/"},{"@type":"ListItem","position":2,"name":"Contattaci"}]}]}},"_links":{"self":[{"href":"https:\/\/support.wallbox.com\/it\/wp-json\/wp\/v2\/pages\/9077","targetHints":{"allow":["GET"]}}],"collection":[{"href":"https:\/\/support.wallbox.com\/it\/wp-json\/wp\/v2\/pages"}],"about":[{"href":"https:\/\/support.wallbox.com\/it\/wp-json\/wp\/v2\/types\/page"}],"author":[{"embeddable":true,"href":"https:\/\/support.wallbox.com\/it\/wp-json\/wp\/v2\/users\/23"}],"replies":[{"embeddable":true,"href":"https:\/\/support.wallbox.com\/it\/wp-json\/wp\/v2\/comments?post=9077"}],"version-history":[{"count":3,"href":"https:\/\/support.wallbox.com\/it\/wp-json\/wp\/v2\/pages\/9077\/revisions"}],"predecessor-version":[{"id":207361,"href":"https:\/\/support.wallbox.com\/it\/wp-json\/wp\/v2\/pages\/9077\/revisions\/207361"}],"wp:attachment":[{"href":"https:\/\/support.wallbox.com\/it\/wp-json\/wp\/v2\/media?parent=9077"}],"curies":[{"name":"wp","href":"https:\/\/api.w.org\/{rel}","templated":true}]}}