

{"id":207041,"date":"2025-10-23T08:51:01","date_gmt":"2025-10-23T06:51:01","guid":{"rendered":"https:\/\/support.wallbox.com\/e-in-arrivo-una-nuova-piattaforma-di-formazione\/"},"modified":"2025-10-23T08:59:16","modified_gmt":"2025-10-23T06:59:16","slug":"e-in-arrivo-una-nuova-piattaforma-di-formazione","status":"publish","type":"page","link":"https:\/\/support.wallbox.com\/it\/e-in-arrivo-una-nuova-piattaforma-di-formazione\/","title":{"rendered":"\u00c8 in arrivo una nuova piattaforma di formazione"},"content":{"rendered":"\n<h2 class=\"wp-block-heading\">Stiamo passando a un modo pi\u00f9 semplice per accedere alla tua formazione e alle tue certificazioni.<\/h2>\n\n<p>Nell&#8217;ambito della transizione del nostro sistema, la piattaforma di formazione \u00e8 temporaneamente offline. Questo cambiamento previsto render\u00e0 pi\u00f9 facile l&#8217;accesso ai materiali di formazione e la gestione delle certificazioni. <br\/><\/p>\n\n<p><strong>Cosa significa per te:<\/strong><\/p>\n\n<ul class=\"wp-block-list\">\n<li><strong>Le tue certificazioni sono al sicuro:<\/strong> Tutti i record rimangono validi e sicuri.<\/li>\n\n\n\n<li><strong>La tua cronologia di allenamento viene memorizzata:<\/strong> Nulla andr\u00e0 perduto.<\/li>\n\n\n\n<li><strong>Un&#8217;esperienza pi\u00f9 semplice:<\/strong> L&#8217;accesso sar\u00e0 pi\u00f9 diretto ed efficiente.<\/li>\n<\/ul>\n\n<p><\/p>\n\n<p><strong>Il prossimo passo:<\/strong><br\/><\/p>\n\n<p>Ti contatteremo presto con istruzioni chiare per accedere alla nuova piattaforma e alle tue risorse.<br\/>Se hai una domanda urgente sullo stato della tua certificazione, contattaci all&#8217;indirizzo <strong>training@wallbox.com<\/strong>.<br\/><\/p>\n\n<p>Ti ringraziamo per la tua pazienza durante questa transizione.<\/p>\n","protected":false},"excerpt":{"rendered":"<p>Stiamo passando a un modo pi\u00f9 semplice per accedere alla tua formazione e alle tue certificazioni. Nell&#8217;ambito della transizione del&#8230;<\/p>\n","protected":false},"author":33,"featured_media":0,"parent":0,"menu_order":0,"comment_status":"closed","ping_status":"closed","template":"","meta":{"inline_featured_image":false,"footnotes":""},"class_list":["post-207041","page","type-page","status-publish","hentry"],"acf":[],"yoast_head":"<!-- This site is optimized with the Yoast SEO plugin v18.6 - https:\/\/yoast.com\/wordpress\/plugins\/seo\/ -->\n<title>\u00c8 in arrivo una nuova piattaforma di formazione - Wallbox Help Center<\/title>\n<meta name=\"robots\" content=\"index, follow, max-snippet:-1, max-image-preview:large, max-video-preview:-1\" \/>\n<link rel=\"canonical\" href=\"https:\/\/support.wallbox.com\/it\/e-in-arrivo-una-nuova-piattaforma-di-formazione\/\" \/>\n<meta property=\"og:locale\" content=\"it_IT\" \/>\n<meta property=\"og:type\" content=\"article\" \/>\n<meta property=\"og:title\" content=\"\u00c8 in arrivo una nuova piattaforma di formazione - Wallbox Help Center\" \/>\n<meta property=\"og:description\" content=\"Stiamo passando a un modo pi\u00f9 semplice per accedere alla tua formazione e alle tue certificazioni. Nell&#8217;ambito della transizione del...\" \/>\n<meta property=\"og:url\" content=\"https:\/\/support.wallbox.com\/it\/e-in-arrivo-una-nuova-piattaforma-di-formazione\/\" \/>\n<meta property=\"og:site_name\" content=\"Wallbox Help Center\" \/>\n<meta property=\"article:modified_time\" content=\"2025-10-23T06:59:16+00:00\" \/>\n<meta name=\"twitter:card\" content=\"summary_large_image\" \/>\n<meta name=\"twitter:label1\" content=\"Est. reading time\" \/>\n\t<meta name=\"twitter:data1\" content=\"1 minute\" \/>\n<script type=\"application\/ld+json\" class=\"yoast-schema-graph\">{\"@context\":\"https:\/\/schema.org\",\"@graph\":[{\"@type\":\"WebSite\",\"@id\":\"https:\/\/support.wallbox.com\/it\/#website\",\"url\":\"https:\/\/support.wallbox.com\/it\/\",\"name\":\"Wallbox Help Center\",\"description\":\"Get help for our products &amp; digital solutions\",\"potentialAction\":[{\"@type\":\"SearchAction\",\"target\":{\"@type\":\"EntryPoint\",\"urlTemplate\":\"https:\/\/support.wallbox.com\/it\/?s={search_term_string}\"},\"query-input\":\"required name=search_term_string\"}],\"inLanguage\":\"it-IT\"},{\"@type\":\"WebPage\",\"@id\":\"https:\/\/support.wallbox.com\/it\/e-in-arrivo-una-nuova-piattaforma-di-formazione\/#webpage\",\"url\":\"https:\/\/support.wallbox.com\/it\/e-in-arrivo-una-nuova-piattaforma-di-formazione\/\",\"name\":\"\u00c8 in arrivo una nuova piattaforma di formazione - Wallbox Help Center\",\"isPartOf\":{\"@id\":\"https:\/\/support.wallbox.com\/it\/#website\"},\"datePublished\":\"2025-10-23T06:51:01+00:00\",\"dateModified\":\"2025-10-23T06:59:16+00:00\",\"breadcrumb\":{\"@id\":\"https:\/\/support.wallbox.com\/it\/e-in-arrivo-una-nuova-piattaforma-di-formazione\/#breadcrumb\"},\"inLanguage\":\"it-IT\",\"potentialAction\":[{\"@type\":\"ReadAction\",\"target\":[\"https:\/\/support.wallbox.com\/it\/e-in-arrivo-una-nuova-piattaforma-di-formazione\/\"]}]},{\"@type\":\"BreadcrumbList\",\"@id\":\"https:\/\/support.wallbox.com\/it\/e-in-arrivo-una-nuova-piattaforma-di-formazione\/#breadcrumb\",\"itemListElement\":[{\"@type\":\"ListItem\",\"position\":1,\"name\":\"Home\",\"item\":\"https:\/\/support.wallbox.com\/it\/\"},{\"@type\":\"ListItem\",\"position\":2,\"name\":\"\u00c8 in arrivo una nuova piattaforma di formazione\"}]}]}<\/script>\n<!-- \/ Yoast SEO plugin. -->","yoast_head_json":{"title":"\u00c8 in arrivo una nuova piattaforma di formazione - Wallbox Help Center","robots":{"index":"index","follow":"follow","max-snippet":"max-snippet:-1","max-image-preview":"max-image-preview:large","max-video-preview":"max-video-preview:-1"},"canonical":"https:\/\/support.wallbox.com\/it\/e-in-arrivo-una-nuova-piattaforma-di-formazione\/","og_locale":"it_IT","og_type":"article","og_title":"\u00c8 in arrivo una nuova piattaforma di formazione - Wallbox Help Center","og_description":"Stiamo passando a un modo pi\u00f9 semplice per accedere alla tua formazione e alle tue certificazioni. Nell&#8217;ambito della transizione del...","og_url":"https:\/\/support.wallbox.com\/it\/e-in-arrivo-una-nuova-piattaforma-di-formazione\/","og_site_name":"Wallbox Help Center","article_modified_time":"2025-10-23T06:59:16+00:00","twitter_card":"summary_large_image","twitter_misc":{"Est. reading time":"1 minute"},"schema":{"@context":"https:\/\/schema.org","@graph":[{"@type":"WebSite","@id":"https:\/\/support.wallbox.com\/it\/#website","url":"https:\/\/support.wallbox.com\/it\/","name":"Wallbox Help Center","description":"Get help for our products &amp; digital solutions","potentialAction":[{"@type":"SearchAction","target":{"@type":"EntryPoint","urlTemplate":"https:\/\/support.wallbox.com\/it\/?s={search_term_string}"},"query-input":"required name=search_term_string"}],"inLanguage":"it-IT"},{"@type":"WebPage","@id":"https:\/\/support.wallbox.com\/it\/e-in-arrivo-una-nuova-piattaforma-di-formazione\/#webpage","url":"https:\/\/support.wallbox.com\/it\/e-in-arrivo-una-nuova-piattaforma-di-formazione\/","name":"\u00c8 in arrivo una nuova piattaforma di formazione - Wallbox Help Center","isPartOf":{"@id":"https:\/\/support.wallbox.com\/it\/#website"},"datePublished":"2025-10-23T06:51:01+00:00","dateModified":"2025-10-23T06:59:16+00:00","breadcrumb":{"@id":"https:\/\/support.wallbox.com\/it\/e-in-arrivo-una-nuova-piattaforma-di-formazione\/#breadcrumb"},"inLanguage":"it-IT","potentialAction":[{"@type":"ReadAction","target":["https:\/\/support.wallbox.com\/it\/e-in-arrivo-una-nuova-piattaforma-di-formazione\/"]}]},{"@type":"BreadcrumbList","@id":"https:\/\/support.wallbox.com\/it\/e-in-arrivo-una-nuova-piattaforma-di-formazione\/#breadcrumb","itemListElement":[{"@type":"ListItem","position":1,"name":"Home","item":"https:\/\/support.wallbox.com\/it\/"},{"@type":"ListItem","position":2,"name":"\u00c8 in arrivo una nuova piattaforma di formazione"}]}]}},"_links":{"self":[{"href":"https:\/\/support.wallbox.com\/it\/wp-json\/wp\/v2\/pages\/207041","targetHints":{"allow":["GET"]}}],"collection":[{"href":"https:\/\/support.wallbox.com\/it\/wp-json\/wp\/v2\/pages"}],"about":[{"href":"https:\/\/support.wallbox.com\/it\/wp-json\/wp\/v2\/types\/page"}],"author":[{"embeddable":true,"href":"https:\/\/support.wallbox.com\/it\/wp-json\/wp\/v2\/users\/33"}],"replies":[{"embeddable":true,"href":"https:\/\/support.wallbox.com\/it\/wp-json\/wp\/v2\/comments?post=207041"}],"version-history":[{"count":1,"href":"https:\/\/support.wallbox.com\/it\/wp-json\/wp\/v2\/pages\/207041\/revisions"}],"predecessor-version":[{"id":207042,"href":"https:\/\/support.wallbox.com\/it\/wp-json\/wp\/v2\/pages\/207041\/revisions\/207042"}],"wp:attachment":[{"href":"https:\/\/support.wallbox.com\/it\/wp-json\/wp\/v2\/media?parent=207041"}],"curies":[{"name":"wp","href":"https:\/\/api.w.org\/{rel}","templated":true}]}}