

{"id":207037,"date":"2025-10-23T08:51:01","date_gmt":"2025-10-23T06:51:01","guid":{"rendered":"https:\/\/support.wallbox.com\/une-nouvelle-plateforme-de-formation-est-en-preparation\/"},"modified":"2025-10-23T08:58:41","modified_gmt":"2025-10-23T06:58:41","slug":"une-nouvelle-plateforme-de-formation-est-en-preparation","status":"publish","type":"page","link":"https:\/\/support.wallbox.com\/fr\/une-nouvelle-plateforme-de-formation-est-en-preparation\/","title":{"rendered":"Une nouvelle plateforme de formation est en pr\u00e9paration"},"content":{"rendered":"\n<h2 class=\"wp-block-heading\">Nous sommes en train de simplifier l&#8217;acc\u00e8s \u00e0 vos formations et certifications.<\/h2>\n\n<p>Dans le cadre de la transition de notre syst\u00e8me, la plateforme de formation est temporairement hors ligne. Ce changement planifi\u00e9 facilitera l&#8217;acc\u00e8s au mat\u00e9riel de formation et la gestion des certifications. <br\/><\/p>\n\n<p><strong>Ce que cela signifie pour vous :<\/strong><\/p>\n\n<ul class=\"wp-block-list\">\n<li><strong>Vos certifications sont en s\u00e9curit\u00e9 :<\/strong> Tous les enregistrements restent valides et s\u00e9curis\u00e9s.<\/li>\n\n\n\n<li><strong>L&#8217;historique de votre formation est stock\u00e9 :<\/strong> Rien ne sera perdu.<\/li>\n\n\n\n<li><strong>Une exp\u00e9rience plus simple en perspective :<\/strong> L&#8217;acc\u00e8s sera plus direct et plus efficace.<\/li>\n<\/ul>\n\n<p><\/p>\n\n<p><strong>Prochaines \u00e9tapes :<\/strong><br\/><\/p>\n\n<p>Nous vous contacterons bient\u00f4t avec des instructions claires pour acc\u00e9der \u00e0 la nouvelle plateforme et \u00e0 vos ressources.<br\/>Si vous avez une question urgente concernant votre statut de certification, veuillez nous contacter \u00e0 l&#8217;adresse <strong>training@wallbox.com<\/strong>.<br\/><\/p>\n\n<p>Nous vous remercions de votre patience pendant cette p\u00e9riode de transition.<\/p>\n","protected":false},"excerpt":{"rendered":"<p>Nous sommes en train de simplifier l&#8217;acc\u00e8s \u00e0 vos formations et certifications. Dans le cadre de la transition de notre&#8230;<\/p>\n","protected":false},"author":33,"featured_media":0,"parent":0,"menu_order":0,"comment_status":"closed","ping_status":"closed","template":"","meta":{"inline_featured_image":false,"footnotes":""},"class_list":["post-207037","page","type-page","status-publish","hentry"],"acf":[],"yoast_head":"<!-- This site is optimized with the Yoast SEO plugin v18.6 - https:\/\/yoast.com\/wordpress\/plugins\/seo\/ -->\n<title>Une nouvelle plateforme de formation est en pr\u00e9paration - Wallbox Help Center<\/title>\n<meta name=\"robots\" content=\"index, follow, max-snippet:-1, max-image-preview:large, max-video-preview:-1\" \/>\n<link rel=\"canonical\" href=\"https:\/\/support.wallbox.com\/fr\/une-nouvelle-plateforme-de-formation-est-en-preparation\/\" \/>\n<meta property=\"og:locale\" content=\"fr_FR\" \/>\n<meta property=\"og:type\" content=\"article\" \/>\n<meta property=\"og:title\" content=\"Une nouvelle plateforme de formation est en pr\u00e9paration - Wallbox Help Center\" \/>\n<meta property=\"og:description\" content=\"Nous sommes en train de simplifier l&#8217;acc\u00e8s \u00e0 vos formations et certifications. Dans le cadre de la transition de notre...\" \/>\n<meta property=\"og:url\" content=\"https:\/\/support.wallbox.com\/fr\/une-nouvelle-plateforme-de-formation-est-en-preparation\/\" \/>\n<meta property=\"og:site_name\" content=\"Wallbox Help Center\" \/>\n<meta property=\"article:modified_time\" content=\"2025-10-23T06:58:41+00:00\" \/>\n<meta name=\"twitter:card\" content=\"summary_large_image\" \/>\n<meta name=\"twitter:label1\" content=\"Est. reading time\" \/>\n\t<meta name=\"twitter:data1\" content=\"1 minute\" \/>\n<script type=\"application\/ld+json\" class=\"yoast-schema-graph\">{\"@context\":\"https:\/\/schema.org\",\"@graph\":[{\"@type\":\"WebSite\",\"@id\":\"https:\/\/support.wallbox.com\/fr\/#website\",\"url\":\"https:\/\/support.wallbox.com\/fr\/\",\"name\":\"Wallbox Help Center\",\"description\":\"Get help for our products &amp; digital solutions\",\"potentialAction\":[{\"@type\":\"SearchAction\",\"target\":{\"@type\":\"EntryPoint\",\"urlTemplate\":\"https:\/\/support.wallbox.com\/fr\/?s={search_term_string}\"},\"query-input\":\"required name=search_term_string\"}],\"inLanguage\":\"fr-FR\"},{\"@type\":\"WebPage\",\"@id\":\"https:\/\/support.wallbox.com\/fr\/une-nouvelle-plateforme-de-formation-est-en-preparation\/#webpage\",\"url\":\"https:\/\/support.wallbox.com\/fr\/une-nouvelle-plateforme-de-formation-est-en-preparation\/\",\"name\":\"Une nouvelle plateforme de formation est en pr\u00e9paration - Wallbox Help Center\",\"isPartOf\":{\"@id\":\"https:\/\/support.wallbox.com\/fr\/#website\"},\"datePublished\":\"2025-10-23T06:51:01+00:00\",\"dateModified\":\"2025-10-23T06:58:41+00:00\",\"breadcrumb\":{\"@id\":\"https:\/\/support.wallbox.com\/fr\/une-nouvelle-plateforme-de-formation-est-en-preparation\/#breadcrumb\"},\"inLanguage\":\"fr-FR\",\"potentialAction\":[{\"@type\":\"ReadAction\",\"target\":[\"https:\/\/support.wallbox.com\/fr\/une-nouvelle-plateforme-de-formation-est-en-preparation\/\"]}]},{\"@type\":\"BreadcrumbList\",\"@id\":\"https:\/\/support.wallbox.com\/fr\/une-nouvelle-plateforme-de-formation-est-en-preparation\/#breadcrumb\",\"itemListElement\":[{\"@type\":\"ListItem\",\"position\":1,\"name\":\"Home\",\"item\":\"https:\/\/support.wallbox.com\/fr\/\"},{\"@type\":\"ListItem\",\"position\":2,\"name\":\"Une nouvelle plateforme de formation est en pr\u00e9paration\"}]}]}<\/script>\n<!-- \/ Yoast SEO plugin. -->","yoast_head_json":{"title":"Une nouvelle plateforme de formation est en pr\u00e9paration - Wallbox Help Center","robots":{"index":"index","follow":"follow","max-snippet":"max-snippet:-1","max-image-preview":"max-image-preview:large","max-video-preview":"max-video-preview:-1"},"canonical":"https:\/\/support.wallbox.com\/fr\/une-nouvelle-plateforme-de-formation-est-en-preparation\/","og_locale":"fr_FR","og_type":"article","og_title":"Une nouvelle plateforme de formation est en pr\u00e9paration - Wallbox Help Center","og_description":"Nous sommes en train de simplifier l&#8217;acc\u00e8s \u00e0 vos formations et certifications. Dans le cadre de la transition de notre...","og_url":"https:\/\/support.wallbox.com\/fr\/une-nouvelle-plateforme-de-formation-est-en-preparation\/","og_site_name":"Wallbox Help Center","article_modified_time":"2025-10-23T06:58:41+00:00","twitter_card":"summary_large_image","twitter_misc":{"Est. reading time":"1 minute"},"schema":{"@context":"https:\/\/schema.org","@graph":[{"@type":"WebSite","@id":"https:\/\/support.wallbox.com\/fr\/#website","url":"https:\/\/support.wallbox.com\/fr\/","name":"Wallbox Help Center","description":"Get help for our products &amp; digital solutions","potentialAction":[{"@type":"SearchAction","target":{"@type":"EntryPoint","urlTemplate":"https:\/\/support.wallbox.com\/fr\/?s={search_term_string}"},"query-input":"required name=search_term_string"}],"inLanguage":"fr-FR"},{"@type":"WebPage","@id":"https:\/\/support.wallbox.com\/fr\/une-nouvelle-plateforme-de-formation-est-en-preparation\/#webpage","url":"https:\/\/support.wallbox.com\/fr\/une-nouvelle-plateforme-de-formation-est-en-preparation\/","name":"Une nouvelle plateforme de formation est en pr\u00e9paration - Wallbox Help Center","isPartOf":{"@id":"https:\/\/support.wallbox.com\/fr\/#website"},"datePublished":"2025-10-23T06:51:01+00:00","dateModified":"2025-10-23T06:58:41+00:00","breadcrumb":{"@id":"https:\/\/support.wallbox.com\/fr\/une-nouvelle-plateforme-de-formation-est-en-preparation\/#breadcrumb"},"inLanguage":"fr-FR","potentialAction":[{"@type":"ReadAction","target":["https:\/\/support.wallbox.com\/fr\/une-nouvelle-plateforme-de-formation-est-en-preparation\/"]}]},{"@type":"BreadcrumbList","@id":"https:\/\/support.wallbox.com\/fr\/une-nouvelle-plateforme-de-formation-est-en-preparation\/#breadcrumb","itemListElement":[{"@type":"ListItem","position":1,"name":"Home","item":"https:\/\/support.wallbox.com\/fr\/"},{"@type":"ListItem","position":2,"name":"Une nouvelle plateforme de formation est en pr\u00e9paration"}]}]}},"_links":{"self":[{"href":"https:\/\/support.wallbox.com\/fr\/wp-json\/wp\/v2\/pages\/207037","targetHints":{"allow":["GET"]}}],"collection":[{"href":"https:\/\/support.wallbox.com\/fr\/wp-json\/wp\/v2\/pages"}],"about":[{"href":"https:\/\/support.wallbox.com\/fr\/wp-json\/wp\/v2\/types\/page"}],"author":[{"embeddable":true,"href":"https:\/\/support.wallbox.com\/fr\/wp-json\/wp\/v2\/users\/33"}],"replies":[{"embeddable":true,"href":"https:\/\/support.wallbox.com\/fr\/wp-json\/wp\/v2\/comments?post=207037"}],"version-history":[{"count":1,"href":"https:\/\/support.wallbox.com\/fr\/wp-json\/wp\/v2\/pages\/207037\/revisions"}],"predecessor-version":[{"id":207038,"href":"https:\/\/support.wallbox.com\/fr\/wp-json\/wp\/v2\/pages\/207037\/revisions\/207038"}],"wp:attachment":[{"href":"https:\/\/support.wallbox.com\/fr\/wp-json\/wp\/v2\/media?parent=207037"}],"curies":[{"name":"wp","href":"https:\/\/api.w.org\/{rel}","templated":true}]}}