

{"id":18319,"date":"2020-06-09T17:28:33","date_gmt":"2020-06-09T15:28:33","guid":{"rendered":"https:\/\/support.wallbox.com\/thank-you\/"},"modified":"2021-08-06T10:14:20","modified_gmt":"2021-08-06T08:14:20","slug":"thank-you","status":"publish","type":"page","link":"https:\/\/support.wallbox.com\/fr\/thank-you\/","title":{"rendered":"Merci"},"content":{"rendered":"\t\t<div data-elementor-type=\"wp-page\" data-elementor-id=\"18319\" class=\"elementor elementor-18319 elementor-18313\" data-elementor-post-type=\"page\">\n\t\t\t\t\t\t<section class=\"elementor-section elementor-top-section elementor-element elementor-element-a9642aa elementor-section-boxed elementor-section-height-default elementor-section-height-default\" data-id=\"a9642aa\" data-element_type=\"section\">\n\t\t\t\t\t\t<div class=\"elementor-container elementor-column-gap-default\">\n\t\t\t\t\t<div class=\"elementor-column elementor-col-100 elementor-top-column elementor-element elementor-element-a0ce28e\" data-id=\"a0ce28e\" data-element_type=\"column\">\n\t\t\t<div class=\"elementor-widget-wrap elementor-element-populated\">\n\t\t\t\t\t\t<div class=\"elementor-element elementor-element-9c41155 elementor-widget elementor-widget-text-editor\" data-id=\"9c41155\" data-element_type=\"widget\" data-widget_type=\"text-editor.default\">\n\t\t\t\t<div class=\"elementor-widget-container\">\n\t\t\t\t\t\t\t<p>Merci d&#8217;avoir contact\u00e9 le support Wallbox !<\/p><p>Nous analysons actuellement votre requ\u00eate et nous vous r\u00e9pondrons prochainement.<\/p><p>Vous pouvez \u00e9galement trouver plus d&#8217;informations dans la\u00a0<a class=\"c-link\" href=\"https:\/\/support.pre.wallbox.com\/fr\/article-tags\/articles-fr\/\" target=\"_blank\" rel=\"noopener noreferrer\" data-sk=\"tooltip_parent\" aria-describedby=\"sk-tooltip-55345\">Articles <\/a>de la Wallbox Academy.<\/p><p><b data-stringify-type=\"bold\">L&#8217;\u00e9quipe de service Wallbox<\/b><\/p>\t\t\t\t\t\t<\/div>\n\t\t\t\t<\/div>\n\t\t\t\t\t<\/div>\n\t\t<\/div>\n\t\t\t\t\t<\/div>\n\t\t<\/section>\n\t\t\t\t<\/div>\n\t\t","protected":false},"excerpt":{"rendered":"<p>Merci d&#8217;avoir contact\u00e9 le support Wallbox ! Nous analysons actuellement votre requ\u00eate et nous vous r\u00e9pondrons prochainement. Vous pouvez \u00e9galement&#8230;<\/p>\n","protected":false},"author":23,"featured_media":0,"parent":0,"menu_order":0,"comment_status":"closed","ping_status":"closed","template":"","meta":{"inline_featured_image":false,"footnotes":""},"class_list":["post-18319","page","type-page","status-publish","hentry"],"acf":[],"yoast_head":"<!-- This site is optimized with the Yoast SEO plugin v18.6 - https:\/\/yoast.com\/wordpress\/plugins\/seo\/ -->\n<title>Merci - Wallbox Help Center<\/title>\n<meta name=\"robots\" content=\"index, follow, max-snippet:-1, max-image-preview:large, max-video-preview:-1\" \/>\n<link rel=\"canonical\" href=\"https:\/\/support.wallbox.com\/fr\/thank-you\/\" \/>\n<meta property=\"og:locale\" content=\"fr_FR\" \/>\n<meta property=\"og:type\" content=\"article\" \/>\n<meta property=\"og:title\" content=\"Merci - Wallbox Help Center\" \/>\n<meta property=\"og:description\" content=\"Merci d&#8217;avoir contact\u00e9 le support Wallbox ! Nous analysons actuellement votre requ\u00eate et nous vous r\u00e9pondrons prochainement. Vous pouvez \u00e9galement...\" \/>\n<meta property=\"og:url\" content=\"https:\/\/support.wallbox.com\/fr\/thank-you\/\" \/>\n<meta property=\"og:site_name\" content=\"Wallbox Help Center\" \/>\n<meta property=\"article:modified_time\" content=\"2021-08-06T08:14:20+00:00\" \/>\n<meta name=\"twitter:card\" content=\"summary_large_image\" \/>\n<meta name=\"twitter:label1\" content=\"Est. reading time\" \/>\n\t<meta name=\"twitter:data1\" content=\"1 minute\" \/>\n<script type=\"application\/ld+json\" class=\"yoast-schema-graph\">{\"@context\":\"https:\/\/schema.org\",\"@graph\":[{\"@type\":\"WebSite\",\"@id\":\"https:\/\/support.wallbox.com\/fr\/#website\",\"url\":\"https:\/\/support.wallbox.com\/fr\/\",\"name\":\"Wallbox Help Center\",\"description\":\"Get help for our products &amp; digital solutions\",\"potentialAction\":[{\"@type\":\"SearchAction\",\"target\":{\"@type\":\"EntryPoint\",\"urlTemplate\":\"https:\/\/support.wallbox.com\/fr\/?s={search_term_string}\"},\"query-input\":\"required name=search_term_string\"}],\"inLanguage\":\"fr-FR\"},{\"@type\":\"WebPage\",\"@id\":\"https:\/\/support.wallbox.com\/fr\/thank-you\/#webpage\",\"url\":\"https:\/\/support.wallbox.com\/fr\/thank-you\/\",\"name\":\"Merci - Wallbox Help Center\",\"isPartOf\":{\"@id\":\"https:\/\/support.wallbox.com\/fr\/#website\"},\"datePublished\":\"2020-06-09T15:28:33+00:00\",\"dateModified\":\"2021-08-06T08:14:20+00:00\",\"breadcrumb\":{\"@id\":\"https:\/\/support.wallbox.com\/fr\/thank-you\/#breadcrumb\"},\"inLanguage\":\"fr-FR\",\"potentialAction\":[{\"@type\":\"ReadAction\",\"target\":[\"https:\/\/support.wallbox.com\/fr\/thank-you\/\"]}]},{\"@type\":\"BreadcrumbList\",\"@id\":\"https:\/\/support.wallbox.com\/fr\/thank-you\/#breadcrumb\",\"itemListElement\":[{\"@type\":\"ListItem\",\"position\":1,\"name\":\"Home\",\"item\":\"https:\/\/support.wallbox.com\/fr\/\"},{\"@type\":\"ListItem\",\"position\":2,\"name\":\"Merci\"}]}]}<\/script>\n<!-- \/ Yoast SEO plugin. -->","yoast_head_json":{"title":"Merci - Wallbox Help Center","robots":{"index":"index","follow":"follow","max-snippet":"max-snippet:-1","max-image-preview":"max-image-preview:large","max-video-preview":"max-video-preview:-1"},"canonical":"https:\/\/support.wallbox.com\/fr\/thank-you\/","og_locale":"fr_FR","og_type":"article","og_title":"Merci - Wallbox Help Center","og_description":"Merci d&#8217;avoir contact\u00e9 le support Wallbox ! Nous analysons actuellement votre requ\u00eate et nous vous r\u00e9pondrons prochainement. Vous pouvez \u00e9galement...","og_url":"https:\/\/support.wallbox.com\/fr\/thank-you\/","og_site_name":"Wallbox Help Center","article_modified_time":"2021-08-06T08:14:20+00:00","twitter_card":"summary_large_image","twitter_misc":{"Est. reading time":"1 minute"},"schema":{"@context":"https:\/\/schema.org","@graph":[{"@type":"WebSite","@id":"https:\/\/support.wallbox.com\/fr\/#website","url":"https:\/\/support.wallbox.com\/fr\/","name":"Wallbox Help Center","description":"Get help for our products &amp; digital solutions","potentialAction":[{"@type":"SearchAction","target":{"@type":"EntryPoint","urlTemplate":"https:\/\/support.wallbox.com\/fr\/?s={search_term_string}"},"query-input":"required name=search_term_string"}],"inLanguage":"fr-FR"},{"@type":"WebPage","@id":"https:\/\/support.wallbox.com\/fr\/thank-you\/#webpage","url":"https:\/\/support.wallbox.com\/fr\/thank-you\/","name":"Merci - Wallbox Help Center","isPartOf":{"@id":"https:\/\/support.wallbox.com\/fr\/#website"},"datePublished":"2020-06-09T15:28:33+00:00","dateModified":"2021-08-06T08:14:20+00:00","breadcrumb":{"@id":"https:\/\/support.wallbox.com\/fr\/thank-you\/#breadcrumb"},"inLanguage":"fr-FR","potentialAction":[{"@type":"ReadAction","target":["https:\/\/support.wallbox.com\/fr\/thank-you\/"]}]},{"@type":"BreadcrumbList","@id":"https:\/\/support.wallbox.com\/fr\/thank-you\/#breadcrumb","itemListElement":[{"@type":"ListItem","position":1,"name":"Home","item":"https:\/\/support.wallbox.com\/fr\/"},{"@type":"ListItem","position":2,"name":"Merci"}]}]}},"_links":{"self":[{"href":"https:\/\/support.wallbox.com\/fr\/wp-json\/wp\/v2\/pages\/18319","targetHints":{"allow":["GET"]}}],"collection":[{"href":"https:\/\/support.wallbox.com\/fr\/wp-json\/wp\/v2\/pages"}],"about":[{"href":"https:\/\/support.wallbox.com\/fr\/wp-json\/wp\/v2\/types\/page"}],"author":[{"embeddable":true,"href":"https:\/\/support.wallbox.com\/fr\/wp-json\/wp\/v2\/users\/23"}],"replies":[{"embeddable":true,"href":"https:\/\/support.wallbox.com\/fr\/wp-json\/wp\/v2\/comments?post=18319"}],"version-history":[{"count":0,"href":"https:\/\/support.wallbox.com\/fr\/wp-json\/wp\/v2\/pages\/18319\/revisions"}],"wp:attachment":[{"href":"https:\/\/support.wallbox.com\/fr\/wp-json\/wp\/v2\/media?parent=18319"}],"curies":[{"name":"wp","href":"https:\/\/api.w.org\/{rel}","templated":true}]}}