

{"id":8611,"date":"2019-06-20T14:09:04","date_gmt":"2019-06-20T12:09:04","guid":{"rendered":"https:\/\/support.wallbox.com\/contacto\/"},"modified":"2026-03-31T12:37:57","modified_gmt":"2026-03-31T10:37:57","slug":"contacto","status":"publish","type":"page","link":"https:\/\/support.wallbox.com\/es\/contacto\/","title":{"rendered":"Contacto"},"content":{"rendered":"\t\t<div data-elementor-type=\"wp-post\" data-elementor-id=\"8611\" class=\"elementor elementor-8611 elementor-18\" data-elementor-post-type=\"page\">\n\t\t\t\t\t\t<section class=\"elementor-section elementor-top-section elementor-element elementor-element-552dd23 newWeb elementor-section-boxed elementor-section-height-default elementor-section-height-default\" data-id=\"552dd23\" data-element_type=\"section\">\n\t\t\t\t\t\t<div class=\"elementor-container elementor-column-gap-default\">\n\t\t\t\t\t<div class=\"elementor-column elementor-col-100 elementor-top-column elementor-element elementor-element-85ae957\" data-id=\"85ae957\" data-element_type=\"column\">\n\t\t\t<div class=\"elementor-widget-wrap elementor-element-populated\">\n\t\t\t\t\t\t<div class=\"elementor-element elementor-element-0f0e5a3 h2 elementor-widget elementor-widget-heading\" data-id=\"0f0e5a3\" data-element_type=\"widget\" data-widget_type=\"heading.default\">\n\t\t\t\t<div class=\"elementor-widget-container\">\n\t\t\t<h2 class=\"elementor-heading-title elementor-size-default\">Cont\u00e1ctanos<\/h2>\t\t<\/div>\n\t\t\t\t<\/div>\n\t\t\t\t\t<\/div>\n\t\t<\/div>\n\t\t\t\t\t<\/div>\n\t\t<\/section>\n\t\t\t\t<section class=\"elementor-section elementor-top-section elementor-element elementor-element-3e266e2 newWeb elementor-section-boxed elementor-section-height-default elementor-section-height-default\" data-id=\"3e266e2\" data-element_type=\"section\">\n\t\t\t\t\t\t<div class=\"elementor-container elementor-column-gap-default\">\n\t\t\t\t\t<div class=\"elementor-column elementor-col-100 elementor-top-column elementor-element elementor-element-e842c0f\" data-id=\"e842c0f\" data-element_type=\"column\">\n\t\t\t<div class=\"elementor-widget-wrap elementor-element-populated\">\n\t\t\t\t\t\t<div class=\"elementor-element elementor-element-64ba88c elementor-tabs-view-horizontal elementor-widget elementor-widget-tabs\" data-id=\"64ba88c\" data-element_type=\"widget\" data-widget_type=\"tabs.default\">\n\t\t\t\t<div class=\"elementor-widget-container\">\n\t\t\t\t\t<div class=\"elementor-tabs\">\n\t\t\t<div class=\"elementor-tabs-wrapper\" role=\"tablist\" >\n\t\t\t\t\t\t\t\t\t<div id=\"elementor-tab-title-1051\" class=\"elementor-tab-title elementor-tab-desktop-title\" aria-selected=\"true\" data-tab=\"1\" role=\"tab\" tabindex=\"0\" aria-controls=\"elementor-tab-content-1051\" aria-expanded=\"false\">Servicio al cliente\/consultas<\/div>\n\t\t\t\t\t\t\t<\/div>\n\t\t\t<div class=\"elementor-tabs-content-wrapper\" role=\"tablist\" aria-orientation=\"vertical\">\n\t\t\t\t\t\t\t\t\t<div class=\"elementor-tab-title elementor-tab-mobile-title\" aria-selected=\"true\" data-tab=\"1\" role=\"tab\" tabindex=\"0\" aria-controls=\"elementor-tab-content-1051\" aria-expanded=\"false\">Servicio al cliente\/consultas<\/div>\n\t\t\t\t\t<div id=\"elementor-tab-content-1051\" class=\"elementor-tab-content elementor-clearfix\" data-tab=\"1\" role=\"tabpanel\" aria-labelledby=\"elementor-tab-title-1051\" tabindex=\"0\" hidden=\"false\"><p><strong>\u00a1Estamos aqu\u00ed para ayudarte!<\/strong><\/p><p>Para procesar tu solicitud lo m\u00e1s r\u00e1pido posible, hemos optimizado nuestro proceso de servicio.<\/p><p>A partir de ahora, <strong>solo podr\u00e1s crear tickets de soporte a trav\u00e9s de nuestro chatbot.<\/strong><\/p><p>Es muy f\u00e1cil:<\/p><p><strong>Haz clic en el icono de chat en la esquina inferior izquierda.<\/strong> Nuestro chatbot te guiar\u00e1 a trav\u00e9s de las preguntas m\u00e1s importantes para que tu ticket llegue directamente al experto adecuado. Esto ahorra tiempo y garantiza una resoluci\u00f3n m\u00e1s r\u00e1pida.<\/p><p>Una vez creado tu ticket, nuestro equipo de servicio se pondr\u00e1 en contacto contigo lo antes posible.<\/p><p>\u00a1Gracias por tu apoyo!<\/p><p><strong>Tu equipo de ABL y Wallbox<\/strong><\/p><\/div>\n\t\t\t\t\t\t\t<\/div>\n\t\t<\/div>\n\t\t\t\t<\/div>\n\t\t\t\t<\/div>\n\t\t\t\t\t<\/div>\n\t\t<\/div>\n\t\t\t\t\t<\/div>\n\t\t<\/section>\n\t\t\t\t<\/div>\n\t\t","protected":false},"excerpt":{"rendered":"<p>Cont\u00e1ctanos Servicio al cliente\/consultas Servicio al cliente\/consultas \u00a1Estamos aqu\u00ed para ayudarte! Para procesar tu solicitud lo m\u00e1s r\u00e1pido posible, hemos&#8230;<\/p>\n","protected":false},"author":23,"featured_media":0,"parent":0,"menu_order":0,"comment_status":"closed","ping_status":"closed","template":"elementor_header_footer","meta":{"inline_featured_image":false,"footnotes":""},"class_list":["post-8611","page","type-page","status-publish","hentry"],"acf":[],"yoast_head":"<!-- This site is optimized with the Yoast SEO plugin v18.6 - https:\/\/yoast.com\/wordpress\/plugins\/seo\/ -->\n<title>Contacto - Wallbox Help Center<\/title>\n<meta name=\"robots\" content=\"index, follow, max-snippet:-1, max-image-preview:large, max-video-preview:-1\" \/>\n<link rel=\"canonical\" href=\"https:\/\/support.wallbox.com\/es\/contacto\/\" \/>\n<meta property=\"og:locale\" content=\"es_ES\" \/>\n<meta property=\"og:type\" content=\"article\" \/>\n<meta property=\"og:title\" content=\"Contacto - Wallbox Help Center\" \/>\n<meta property=\"og:description\" content=\"Cont\u00e1ctanos Servicio al cliente\/consultas Servicio al cliente\/consultas \u00a1Estamos aqu\u00ed para ayudarte! Para procesar tu solicitud lo m\u00e1s r\u00e1pido posible, hemos...\" \/>\n<meta property=\"og:url\" content=\"https:\/\/support.wallbox.com\/es\/contacto\/\" \/>\n<meta property=\"og:site_name\" content=\"Wallbox Help Center\" \/>\n<meta property=\"article:modified_time\" content=\"2026-03-31T10:37:57+00:00\" \/>\n<meta name=\"twitter:card\" content=\"summary_large_image\" \/>\n<meta name=\"twitter:label1\" content=\"Est. reading time\" \/>\n\t<meta name=\"twitter:data1\" content=\"1 minute\" \/>\n<script type=\"application\/ld+json\" class=\"yoast-schema-graph\">{\"@context\":\"https:\/\/schema.org\",\"@graph\":[{\"@type\":\"WebSite\",\"@id\":\"https:\/\/support.wallbox.com\/es\/#website\",\"url\":\"https:\/\/support.wallbox.com\/es\/\",\"name\":\"Wallbox Help Center\",\"description\":\"Get help for our products &amp; digital solutions\",\"potentialAction\":[{\"@type\":\"SearchAction\",\"target\":{\"@type\":\"EntryPoint\",\"urlTemplate\":\"https:\/\/support.wallbox.com\/es\/?s={search_term_string}\"},\"query-input\":\"required name=search_term_string\"}],\"inLanguage\":\"es-ES\"},{\"@type\":\"WebPage\",\"@id\":\"https:\/\/support.wallbox.com\/es\/contacto\/#webpage\",\"url\":\"https:\/\/support.wallbox.com\/es\/contacto\/\",\"name\":\"Contacto - Wallbox Help Center\",\"isPartOf\":{\"@id\":\"https:\/\/support.wallbox.com\/es\/#website\"},\"datePublished\":\"2019-06-20T12:09:04+00:00\",\"dateModified\":\"2026-03-31T10:37:57+00:00\",\"breadcrumb\":{\"@id\":\"https:\/\/support.wallbox.com\/es\/contacto\/#breadcrumb\"},\"inLanguage\":\"es-ES\",\"potentialAction\":[{\"@type\":\"ReadAction\",\"target\":[\"https:\/\/support.wallbox.com\/es\/contacto\/\"]}]},{\"@type\":\"BreadcrumbList\",\"@id\":\"https:\/\/support.wallbox.com\/es\/contacto\/#breadcrumb\",\"itemListElement\":[{\"@type\":\"ListItem\",\"position\":1,\"name\":\"Home\",\"item\":\"https:\/\/support.wallbox.com\/es\/\"},{\"@type\":\"ListItem\",\"position\":2,\"name\":\"Contacto\"}]}]}<\/script>\n<!-- \/ Yoast SEO plugin. -->","yoast_head_json":{"title":"Contacto - Wallbox Help Center","robots":{"index":"index","follow":"follow","max-snippet":"max-snippet:-1","max-image-preview":"max-image-preview:large","max-video-preview":"max-video-preview:-1"},"canonical":"https:\/\/support.wallbox.com\/es\/contacto\/","og_locale":"es_ES","og_type":"article","og_title":"Contacto - Wallbox Help Center","og_description":"Cont\u00e1ctanos Servicio al cliente\/consultas Servicio al cliente\/consultas \u00a1Estamos aqu\u00ed para ayudarte! Para procesar tu solicitud lo m\u00e1s r\u00e1pido posible, hemos...","og_url":"https:\/\/support.wallbox.com\/es\/contacto\/","og_site_name":"Wallbox Help Center","article_modified_time":"2026-03-31T10:37:57+00:00","twitter_card":"summary_large_image","twitter_misc":{"Est. reading time":"1 minute"},"schema":{"@context":"https:\/\/schema.org","@graph":[{"@type":"WebSite","@id":"https:\/\/support.wallbox.com\/es\/#website","url":"https:\/\/support.wallbox.com\/es\/","name":"Wallbox Help Center","description":"Get help for our products &amp; digital solutions","potentialAction":[{"@type":"SearchAction","target":{"@type":"EntryPoint","urlTemplate":"https:\/\/support.wallbox.com\/es\/?s={search_term_string}"},"query-input":"required name=search_term_string"}],"inLanguage":"es-ES"},{"@type":"WebPage","@id":"https:\/\/support.wallbox.com\/es\/contacto\/#webpage","url":"https:\/\/support.wallbox.com\/es\/contacto\/","name":"Contacto - Wallbox Help Center","isPartOf":{"@id":"https:\/\/support.wallbox.com\/es\/#website"},"datePublished":"2019-06-20T12:09:04+00:00","dateModified":"2026-03-31T10:37:57+00:00","breadcrumb":{"@id":"https:\/\/support.wallbox.com\/es\/contacto\/#breadcrumb"},"inLanguage":"es-ES","potentialAction":[{"@type":"ReadAction","target":["https:\/\/support.wallbox.com\/es\/contacto\/"]}]},{"@type":"BreadcrumbList","@id":"https:\/\/support.wallbox.com\/es\/contacto\/#breadcrumb","itemListElement":[{"@type":"ListItem","position":1,"name":"Home","item":"https:\/\/support.wallbox.com\/es\/"},{"@type":"ListItem","position":2,"name":"Contacto"}]}]}},"_links":{"self":[{"href":"https:\/\/support.wallbox.com\/es\/wp-json\/wp\/v2\/pages\/8611","targetHints":{"allow":["GET"]}}],"collection":[{"href":"https:\/\/support.wallbox.com\/es\/wp-json\/wp\/v2\/pages"}],"about":[{"href":"https:\/\/support.wallbox.com\/es\/wp-json\/wp\/v2\/types\/page"}],"author":[{"embeddable":true,"href":"https:\/\/support.wallbox.com\/es\/wp-json\/wp\/v2\/users\/23"}],"replies":[{"embeddable":true,"href":"https:\/\/support.wallbox.com\/es\/wp-json\/wp\/v2\/comments?post=8611"}],"version-history":[{"count":3,"href":"https:\/\/support.wallbox.com\/es\/wp-json\/wp\/v2\/pages\/8611\/revisions"}],"predecessor-version":[{"id":207348,"href":"https:\/\/support.wallbox.com\/es\/wp-json\/wp\/v2\/pages\/8611\/revisions\/207348"}],"wp:attachment":[{"href":"https:\/\/support.wallbox.com\/es\/wp-json\/wp\/v2\/media?parent=8611"}],"curies":[{"name":"wp","href":"https:\/\/api.w.org\/{rel}","templated":true}]}}