

{"id":207028,"date":"2025-10-23T08:51:01","date_gmt":"2025-10-23T06:51:01","guid":{"rendered":"https:\/\/support.wallbox.com\/?page_id=207028"},"modified":"2025-10-23T08:51:59","modified_gmt":"2025-10-23T06:51:59","slug":"nueva-plataforma-formacion","status":"publish","type":"page","link":"https:\/\/support.wallbox.com\/es\/nueva-plataforma-formacion\/","title":{"rendered":"Llega una nueva plataforma de formaci\u00f3n"},"content":{"rendered":"\n<h2 class=\"wp-block-heading\">Estamos implementando una forma m\u00e1s sencilla de acceder a su formaci\u00f3n y certificaciones.<\/h2>\n\n\n\n<p>Como parte de nuestra transici\u00f3n de sistemas, la plataforma de formaci\u00f3n no est\u00e1 disponible temporalmente. Este cambio planificado facilitar\u00e1 el acceso a los materiales de formaci\u00f3n y la gesti\u00f3n de las certificaciones.<\/p>\n\n\n\n<p><strong>Qu\u00e9 significa esto para usted:<\/strong><\/p>\n\n\n\n<ul class=\"wp-block-list\">\n<li><strong>Sus certificaciones est\u00e1n a salvo:<\/strong> Todos los registros siguen siendo v\u00e1lidos y est\u00e1n seguros.<\/li>\n\n\n\n<li><strong>Su historial de formaci\u00f3n est\u00e1 guardado:<\/strong> No se perder\u00e1 nada.<\/li>\n\n\n\n<li><strong>Una experiencia m\u00e1s sencilla:<\/strong> El acceso ser\u00e1 m\u00e1s directo y eficiente.<\/li>\n<\/ul>\n\n\n\n<p><strong>Pr\u00f3ximos pasos:<\/strong><\/p>\n\n\n\n<p>Pronto nos pondremos en contacto con usted para darle instrucciones claras sobre c\u00f3mo acceder a la nueva plataforma y a sus recursos.<\/p>\n\n\n\n<p>Si tiene alguna pregunta urgente sobre el estado de su certificaci\u00f3n, p\u00f3ngase en contacto con nosotros en training@wallbox.com.<\/p>\n\n\n\n<p>Gracias por su paciencia durante esta transici\u00f3n.<\/p>\n\n\n\n<p><\/p>\n","protected":false},"excerpt":{"rendered":"<p>Estamos implementando una forma m\u00e1s sencilla de acceder a su formaci\u00f3n y certificaciones. Como parte de nuestra transici\u00f3n de sistemas,&#8230;<\/p>\n","protected":false},"author":33,"featured_media":0,"parent":0,"menu_order":0,"comment_status":"closed","ping_status":"closed","template":"","meta":{"inline_featured_image":false,"footnotes":""},"class_list":["post-207028","page","type-page","status-publish","hentry"],"acf":[],"yoast_head":"<!-- This site is optimized with the Yoast SEO plugin v18.6 - https:\/\/yoast.com\/wordpress\/plugins\/seo\/ -->\n<title>Llega una nueva plataforma de formaci\u00f3n - Wallbox Help Center<\/title>\n<meta name=\"robots\" content=\"index, follow, max-snippet:-1, max-image-preview:large, max-video-preview:-1\" \/>\n<link rel=\"canonical\" href=\"https:\/\/support.wallbox.com\/es\/nueva-plataforma-formacion\/\" \/>\n<meta property=\"og:locale\" content=\"es_ES\" \/>\n<meta property=\"og:type\" content=\"article\" \/>\n<meta property=\"og:title\" content=\"Llega una nueva plataforma de formaci\u00f3n - Wallbox Help Center\" \/>\n<meta property=\"og:description\" content=\"Estamos implementando una forma m\u00e1s sencilla de acceder a su formaci\u00f3n y certificaciones. Como parte de nuestra transici\u00f3n de sistemas,...\" \/>\n<meta property=\"og:url\" content=\"https:\/\/support.wallbox.com\/es\/nueva-plataforma-formacion\/\" \/>\n<meta property=\"og:site_name\" content=\"Wallbox Help Center\" \/>\n<meta property=\"article:modified_time\" content=\"2025-10-23T06:51:59+00:00\" \/>\n<meta name=\"twitter:card\" content=\"summary_large_image\" \/>\n<meta name=\"twitter:label1\" content=\"Est. reading time\" \/>\n\t<meta name=\"twitter:data1\" content=\"35 minutes\" \/>\n<script type=\"application\/ld+json\" class=\"yoast-schema-graph\">{\"@context\":\"https:\/\/schema.org\",\"@graph\":[{\"@type\":\"WebSite\",\"@id\":\"https:\/\/support.wallbox.com\/es\/#website\",\"url\":\"https:\/\/support.wallbox.com\/es\/\",\"name\":\"Wallbox Help Center\",\"description\":\"Get help for our products &amp; digital solutions\",\"potentialAction\":[{\"@type\":\"SearchAction\",\"target\":{\"@type\":\"EntryPoint\",\"urlTemplate\":\"https:\/\/support.wallbox.com\/es\/?s={search_term_string}\"},\"query-input\":\"required name=search_term_string\"}],\"inLanguage\":\"es-ES\"},{\"@type\":\"WebPage\",\"@id\":\"https:\/\/support.wallbox.com\/es\/nueva-plataforma-formacion\/#webpage\",\"url\":\"https:\/\/support.wallbox.com\/es\/nueva-plataforma-formacion\/\",\"name\":\"Llega una nueva plataforma de formaci\u00f3n - Wallbox Help Center\",\"isPartOf\":{\"@id\":\"https:\/\/support.wallbox.com\/es\/#website\"},\"datePublished\":\"2025-10-23T06:51:01+00:00\",\"dateModified\":\"2025-10-23T06:51:59+00:00\",\"breadcrumb\":{\"@id\":\"https:\/\/support.wallbox.com\/es\/nueva-plataforma-formacion\/#breadcrumb\"},\"inLanguage\":\"es-ES\",\"potentialAction\":[{\"@type\":\"ReadAction\",\"target\":[\"https:\/\/support.wallbox.com\/es\/nueva-plataforma-formacion\/\"]}]},{\"@type\":\"BreadcrumbList\",\"@id\":\"https:\/\/support.wallbox.com\/es\/nueva-plataforma-formacion\/#breadcrumb\",\"itemListElement\":[{\"@type\":\"ListItem\",\"position\":1,\"name\":\"Home\",\"item\":\"https:\/\/support.wallbox.com\/es\/\"},{\"@type\":\"ListItem\",\"position\":2,\"name\":\"Llega una nueva plataforma de formaci\u00f3n\"}]}]}<\/script>\n<!-- \/ Yoast SEO plugin. -->","yoast_head_json":{"title":"Llega una nueva plataforma de formaci\u00f3n - Wallbox Help Center","robots":{"index":"index","follow":"follow","max-snippet":"max-snippet:-1","max-image-preview":"max-image-preview:large","max-video-preview":"max-video-preview:-1"},"canonical":"https:\/\/support.wallbox.com\/es\/nueva-plataforma-formacion\/","og_locale":"es_ES","og_type":"article","og_title":"Llega una nueva plataforma de formaci\u00f3n - Wallbox Help Center","og_description":"Estamos implementando una forma m\u00e1s sencilla de acceder a su formaci\u00f3n y certificaciones. Como parte de nuestra transici\u00f3n de sistemas,...","og_url":"https:\/\/support.wallbox.com\/es\/nueva-plataforma-formacion\/","og_site_name":"Wallbox Help Center","article_modified_time":"2025-10-23T06:51:59+00:00","twitter_card":"summary_large_image","twitter_misc":{"Est. reading time":"35 minutes"},"schema":{"@context":"https:\/\/schema.org","@graph":[{"@type":"WebSite","@id":"https:\/\/support.wallbox.com\/es\/#website","url":"https:\/\/support.wallbox.com\/es\/","name":"Wallbox Help Center","description":"Get help for our products &amp; digital solutions","potentialAction":[{"@type":"SearchAction","target":{"@type":"EntryPoint","urlTemplate":"https:\/\/support.wallbox.com\/es\/?s={search_term_string}"},"query-input":"required name=search_term_string"}],"inLanguage":"es-ES"},{"@type":"WebPage","@id":"https:\/\/support.wallbox.com\/es\/nueva-plataforma-formacion\/#webpage","url":"https:\/\/support.wallbox.com\/es\/nueva-plataforma-formacion\/","name":"Llega una nueva plataforma de formaci\u00f3n - Wallbox Help Center","isPartOf":{"@id":"https:\/\/support.wallbox.com\/es\/#website"},"datePublished":"2025-10-23T06:51:01+00:00","dateModified":"2025-10-23T06:51:59+00:00","breadcrumb":{"@id":"https:\/\/support.wallbox.com\/es\/nueva-plataforma-formacion\/#breadcrumb"},"inLanguage":"es-ES","potentialAction":[{"@type":"ReadAction","target":["https:\/\/support.wallbox.com\/es\/nueva-plataforma-formacion\/"]}]},{"@type":"BreadcrumbList","@id":"https:\/\/support.wallbox.com\/es\/nueva-plataforma-formacion\/#breadcrumb","itemListElement":[{"@type":"ListItem","position":1,"name":"Home","item":"https:\/\/support.wallbox.com\/es\/"},{"@type":"ListItem","position":2,"name":"Llega una nueva plataforma de formaci\u00f3n"}]}]}},"_links":{"self":[{"href":"https:\/\/support.wallbox.com\/es\/wp-json\/wp\/v2\/pages\/207028","targetHints":{"allow":["GET"]}}],"collection":[{"href":"https:\/\/support.wallbox.com\/es\/wp-json\/wp\/v2\/pages"}],"about":[{"href":"https:\/\/support.wallbox.com\/es\/wp-json\/wp\/v2\/types\/page"}],"author":[{"embeddable":true,"href":"https:\/\/support.wallbox.com\/es\/wp-json\/wp\/v2\/users\/33"}],"replies":[{"embeddable":true,"href":"https:\/\/support.wallbox.com\/es\/wp-json\/wp\/v2\/comments?post=207028"}],"version-history":[{"count":2,"href":"https:\/\/support.wallbox.com\/es\/wp-json\/wp\/v2\/pages\/207028\/revisions"}],"predecessor-version":[{"id":207031,"href":"https:\/\/support.wallbox.com\/es\/wp-json\/wp\/v2\/pages\/207028\/revisions\/207031"}],"wp:attachment":[{"href":"https:\/\/support.wallbox.com\/es\/wp-json\/wp\/v2\/media?parent=207028"}],"curies":[{"name":"wp","href":"https:\/\/api.w.org\/{rel}","templated":true}]}}