

{"id":8921,"date":"2019-06-20T14:09:04","date_gmt":"2019-06-20T12:09:04","guid":{"rendered":"https:\/\/support.wallbox.com\/kontaktieren-sie-uns\/"},"modified":"2026-02-26T16:26:13","modified_gmt":"2026-02-26T15:26:13","slug":"kontaktieren-sie-uns","status":"publish","type":"page","link":"https:\/\/support.wallbox.com\/de\/kontaktieren-sie-uns\/","title":{"rendered":"Kontaktieren Sie uns"},"content":{"rendered":"\t\t<div data-elementor-type=\"wp-post\" data-elementor-id=\"8921\" class=\"elementor elementor-8921 elementor-18\" data-elementor-post-type=\"page\">\n\t\t\t\t\t\t<section class=\"elementor-section elementor-top-section elementor-element elementor-element-2982d87 newWeb elementor-section-boxed elementor-section-height-default elementor-section-height-default\" data-id=\"2982d87\" data-element_type=\"section\">\n\t\t\t\t\t\t<div class=\"elementor-container elementor-column-gap-default\">\n\t\t\t\t\t<div class=\"elementor-column elementor-col-100 elementor-top-column elementor-element elementor-element-6bc1e5b\" data-id=\"6bc1e5b\" data-element_type=\"column\">\n\t\t\t<div class=\"elementor-widget-wrap elementor-element-populated\">\n\t\t\t\t\t\t<div class=\"elementor-element elementor-element-e5eda11 h2 elementor-widget elementor-widget-heading\" data-id=\"e5eda11\" data-element_type=\"widget\" data-widget_type=\"heading.default\">\n\t\t\t\t<div class=\"elementor-widget-container\">\n\t\t\t<h2 class=\"elementor-heading-title elementor-size-default\">Kontaktieren Sie uns<\/h2>\t\t<\/div>\n\t\t\t\t<\/div>\n\t\t\t\t<div class=\"elementor-element elementor-element-c25b85c elementor-tabs-view-horizontal elementor-widget elementor-widget-tabs\" data-id=\"c25b85c\" data-element_type=\"widget\" data-widget_type=\"tabs.default\">\n\t\t\t\t<div class=\"elementor-widget-container\">\n\t\t\t\t\t<div class=\"elementor-tabs\">\n\t\t\t<div class=\"elementor-tabs-wrapper\" role=\"tablist\" >\n\t\t\t\t\t\t\t\t\t<div id=\"elementor-tab-title-2031\" class=\"elementor-tab-title elementor-tab-desktop-title\" aria-selected=\"true\" data-tab=\"1\" role=\"tab\" tabindex=\"0\" aria-controls=\"elementor-tab-content-2031\" aria-expanded=\"false\">Kundendienst\/Anfrage<\/div>\n\t\t\t\t\t\t\t<\/div>\n\t\t\t<div class=\"elementor-tabs-content-wrapper\" role=\"tablist\" aria-orientation=\"vertical\">\n\t\t\t\t\t\t\t\t\t<div class=\"elementor-tab-title elementor-tab-mobile-title\" aria-selected=\"true\" data-tab=\"1\" role=\"tab\" tabindex=\"0\" aria-controls=\"elementor-tab-content-2031\" aria-expanded=\"false\">Kundendienst\/Anfrage<\/div>\n\t\t\t\t\t<div id=\"elementor-tab-content-2031\" class=\"elementor-tab-content elementor-clearfix\" data-tab=\"1\" role=\"tabpanel\" aria-labelledby=\"elementor-tab-title-2031\" tabindex=\"0\" hidden=\"false\"><p><b>Wir sind f\u00fcr Sie da!<span style=\"display: none;\"><\/span><\/b><br><span style=\"display: none;\"><\/span><b><br><span style=\"display: none;\"><\/span><\/b>Um Ihr Anliegen so schnell wie m\u00f6glich bearbeiten zu k\u00f6nnen, haben wir unseren Service-Prozess optimiert. <span style=\"display: none;\"><\/span><b>Die Erstellung von Support-Tickets erfolgt ab sofort ausschlie\u00dflich \u00fcber unseren Chatbot.<span style=\"display: none;\"><\/span><\/b><br><span style=\"display: none;\"><\/span><b><br>So einfach geht\u2019s:<span style=\"display: none;\"><\/span><\/b><br>Klicken Sie links unten auf das Chat-Symbol. Unser Chatbot f\u00fchrt Sie durch die wichtigsten Fragen, damit Ihr Ticket direkt beim richtigen Experten landet. Das spart Zeit und sorgt f\u00fcr eine schnellere L\u00f6sung.<br><br>Sobald Ihr Ticket erstellt wurde, wird sich unser Serviceteam schnellstm\u00f6glich mit Ihnen in Verbindung setzen.<br><br>Vielen Dank f\u00fcr Ihre Unterst\u00fctzung!<br><br>Ihr Team von ABL und Wallbox<\/p><\/div>\n\t\t\t\t\t\t\t<\/div>\n\t\t<\/div>\n\t\t\t\t<\/div>\n\t\t\t\t<\/div>\n\t\t\t\t\t<\/div>\n\t\t<\/div>\n\t\t\t\t\t<\/div>\n\t\t<\/section>\n\t\t\t\t<\/div>\n\t\t","protected":false},"excerpt":{"rendered":"<p>Kontaktieren Sie uns Kundendienst\/Anfrage Kundendienst\/Anfrage Wir sind f\u00fcr Sie da!Um Ihr Anliegen so schnell wie m\u00f6glich bearbeiten zu k\u00f6nnen, haben&#8230;<\/p>\n","protected":false},"author":23,"featured_media":0,"parent":0,"menu_order":0,"comment_status":"closed","ping_status":"closed","template":"elementor_header_footer","meta":{"inline_featured_image":false,"footnotes":""},"class_list":["post-8921","page","type-page","status-publish","hentry"],"acf":[],"yoast_head":"<!-- This site is optimized with the Yoast SEO plugin v18.6 - https:\/\/yoast.com\/wordpress\/plugins\/seo\/ -->\n<title>Kontaktieren Sie uns - Wallbox Help Center<\/title>\n<meta name=\"robots\" content=\"index, follow, max-snippet:-1, max-image-preview:large, max-video-preview:-1\" \/>\n<link rel=\"canonical\" href=\"https:\/\/support.wallbox.com\/de\/kontaktieren-sie-uns\/\" \/>\n<meta property=\"og:locale\" content=\"de_DE\" \/>\n<meta property=\"og:type\" content=\"article\" \/>\n<meta property=\"og:title\" content=\"Kontaktieren Sie uns - Wallbox Help Center\" \/>\n<meta property=\"og:description\" content=\"Kontaktieren Sie uns Kundendienst\/Anfrage Kundendienst\/Anfrage Wir sind f\u00fcr Sie da!Um Ihr Anliegen so schnell wie m\u00f6glich bearbeiten zu k\u00f6nnen, haben...\" \/>\n<meta property=\"og:url\" content=\"https:\/\/support.wallbox.com\/de\/kontaktieren-sie-uns\/\" \/>\n<meta property=\"og:site_name\" content=\"Wallbox Help Center\" \/>\n<meta property=\"article:modified_time\" content=\"2026-02-26T15:26:13+00:00\" \/>\n<meta name=\"twitter:card\" content=\"summary_large_image\" \/>\n<meta name=\"twitter:label1\" content=\"Est. reading time\" \/>\n\t<meta name=\"twitter:data1\" content=\"1 minute\" \/>\n<script type=\"application\/ld+json\" class=\"yoast-schema-graph\">{\"@context\":\"https:\/\/schema.org\",\"@graph\":[{\"@type\":\"WebSite\",\"@id\":\"https:\/\/support.wallbox.com\/de\/#website\",\"url\":\"https:\/\/support.wallbox.com\/de\/\",\"name\":\"Wallbox Help Center\",\"description\":\"Get help for our products &amp; digital solutions\",\"potentialAction\":[{\"@type\":\"SearchAction\",\"target\":{\"@type\":\"EntryPoint\",\"urlTemplate\":\"https:\/\/support.wallbox.com\/de\/?s={search_term_string}\"},\"query-input\":\"required name=search_term_string\"}],\"inLanguage\":\"de-DE\"},{\"@type\":\"WebPage\",\"@id\":\"https:\/\/support.wallbox.com\/de\/kontaktieren-sie-uns\/#webpage\",\"url\":\"https:\/\/support.wallbox.com\/de\/kontaktieren-sie-uns\/\",\"name\":\"Kontaktieren Sie uns - Wallbox Help Center\",\"isPartOf\":{\"@id\":\"https:\/\/support.wallbox.com\/de\/#website\"},\"datePublished\":\"2019-06-20T12:09:04+00:00\",\"dateModified\":\"2026-02-26T15:26:13+00:00\",\"breadcrumb\":{\"@id\":\"https:\/\/support.wallbox.com\/de\/kontaktieren-sie-uns\/#breadcrumb\"},\"inLanguage\":\"de-DE\",\"potentialAction\":[{\"@type\":\"ReadAction\",\"target\":[\"https:\/\/support.wallbox.com\/de\/kontaktieren-sie-uns\/\"]}]},{\"@type\":\"BreadcrumbList\",\"@id\":\"https:\/\/support.wallbox.com\/de\/kontaktieren-sie-uns\/#breadcrumb\",\"itemListElement\":[{\"@type\":\"ListItem\",\"position\":1,\"name\":\"Home\",\"item\":\"https:\/\/support.wallbox.com\/de\/\"},{\"@type\":\"ListItem\",\"position\":2,\"name\":\"Kontaktieren Sie uns\"}]}]}<\/script>\n<!-- \/ Yoast SEO plugin. -->","yoast_head_json":{"title":"Kontaktieren Sie uns - Wallbox Help Center","robots":{"index":"index","follow":"follow","max-snippet":"max-snippet:-1","max-image-preview":"max-image-preview:large","max-video-preview":"max-video-preview:-1"},"canonical":"https:\/\/support.wallbox.com\/de\/kontaktieren-sie-uns\/","og_locale":"de_DE","og_type":"article","og_title":"Kontaktieren Sie uns - Wallbox Help Center","og_description":"Kontaktieren Sie uns Kundendienst\/Anfrage Kundendienst\/Anfrage Wir sind f\u00fcr Sie da!Um Ihr Anliegen so schnell wie m\u00f6glich bearbeiten zu k\u00f6nnen, haben...","og_url":"https:\/\/support.wallbox.com\/de\/kontaktieren-sie-uns\/","og_site_name":"Wallbox Help Center","article_modified_time":"2026-02-26T15:26:13+00:00","twitter_card":"summary_large_image","twitter_misc":{"Est. reading time":"1 minute"},"schema":{"@context":"https:\/\/schema.org","@graph":[{"@type":"WebSite","@id":"https:\/\/support.wallbox.com\/de\/#website","url":"https:\/\/support.wallbox.com\/de\/","name":"Wallbox Help Center","description":"Get help for our products &amp; digital solutions","potentialAction":[{"@type":"SearchAction","target":{"@type":"EntryPoint","urlTemplate":"https:\/\/support.wallbox.com\/de\/?s={search_term_string}"},"query-input":"required name=search_term_string"}],"inLanguage":"de-DE"},{"@type":"WebPage","@id":"https:\/\/support.wallbox.com\/de\/kontaktieren-sie-uns\/#webpage","url":"https:\/\/support.wallbox.com\/de\/kontaktieren-sie-uns\/","name":"Kontaktieren Sie uns - Wallbox Help Center","isPartOf":{"@id":"https:\/\/support.wallbox.com\/de\/#website"},"datePublished":"2019-06-20T12:09:04+00:00","dateModified":"2026-02-26T15:26:13+00:00","breadcrumb":{"@id":"https:\/\/support.wallbox.com\/de\/kontaktieren-sie-uns\/#breadcrumb"},"inLanguage":"de-DE","potentialAction":[{"@type":"ReadAction","target":["https:\/\/support.wallbox.com\/de\/kontaktieren-sie-uns\/"]}]},{"@type":"BreadcrumbList","@id":"https:\/\/support.wallbox.com\/de\/kontaktieren-sie-uns\/#breadcrumb","itemListElement":[{"@type":"ListItem","position":1,"name":"Home","item":"https:\/\/support.wallbox.com\/de\/"},{"@type":"ListItem","position":2,"name":"Kontaktieren Sie uns"}]}]}},"_links":{"self":[{"href":"https:\/\/support.wallbox.com\/de\/wp-json\/wp\/v2\/pages\/8921","targetHints":{"allow":["GET"]}}],"collection":[{"href":"https:\/\/support.wallbox.com\/de\/wp-json\/wp\/v2\/pages"}],"about":[{"href":"https:\/\/support.wallbox.com\/de\/wp-json\/wp\/v2\/types\/page"}],"author":[{"embeddable":true,"href":"https:\/\/support.wallbox.com\/de\/wp-json\/wp\/v2\/users\/23"}],"replies":[{"embeddable":true,"href":"https:\/\/support.wallbox.com\/de\/wp-json\/wp\/v2\/comments?post=8921"}],"version-history":[{"count":4,"href":"https:\/\/support.wallbox.com\/de\/wp-json\/wp\/v2\/pages\/8921\/revisions"}],"predecessor-version":[{"id":207330,"href":"https:\/\/support.wallbox.com\/de\/wp-json\/wp\/v2\/pages\/8921\/revisions\/207330"}],"wp:attachment":[{"href":"https:\/\/support.wallbox.com\/de\/wp-json\/wp\/v2\/media?parent=8921"}],"curies":[{"name":"wp","href":"https:\/\/api.w.org\/{rel}","templated":true}]}}