

{"id":207043,"date":"2025-10-23T08:51:01","date_gmt":"2025-10-23T06:51:01","guid":{"rendered":"https:\/\/support.wallbox.com\/eine-neue-schulungsplattform-ist-im-kommen\/"},"modified":"2025-10-23T08:59:33","modified_gmt":"2025-10-23T06:59:33","slug":"eine-neue-schulungsplattform-ist-im-kommen","status":"publish","type":"page","link":"https:\/\/support.wallbox.com\/de\/eine-neue-schulungsplattform-ist-im-kommen\/","title":{"rendered":"Eine neue Schulungsplattform ist im Kommen"},"content":{"rendered":"\n<h2 class=\"wp-block-heading\">Wir stellen auf eine einfachere Art und Weise um, um auf Ihre Schulungen und Zertifizierungen zuzugreifen.<\/h2>\n\n<p>Im Rahmen der Umstellung unseres Systems ist die Schulungsplattform vor\u00fcbergehend offline. Diese geplante \u00c4nderung wird den Zugriff auf Schulungsmaterialien und die Verwaltung von Zertifizierungen erleichtern. <br\/><\/p>\n\n<p><strong>Was das f\u00fcr Sie bedeutet:<\/strong><\/p>\n\n<ul class=\"wp-block-list\">\n<li><strong>Ihre Zertifizierungen sind sicher:<\/strong> Alle Aufzeichnungen bleiben g\u00fcltig und sicher.<\/li>\n\n\n\n<li><strong>Ihr Trainingsverlauf wird gespeichert:<\/strong> Nichts wird verloren gehen.<\/li>\n\n\n\n<li><strong>Ein einfacheres Erlebnis steht bevor:<\/strong> Der Zugang wird direkter und effizienter sein.<\/li>\n<\/ul>\n\n<p><\/p>\n\n<p><strong>Was kommt als N\u00e4chstes?<\/strong><br\/><\/p>\n\n<p>Wir werden uns in K\u00fcrze mit klaren Anweisungen zum Zugriff auf die neue Plattform und Ihre Ressourcen bei Ihnen melden.<br\/>Wenn Sie eine dringende Frage zu Ihrem Zertifizierungsstatus haben, kontaktieren Sie uns bitte unter <strong>training@wallbox.com.<\/strong><br\/><\/p>\n\n<p>Wir danken Ihnen f\u00fcr Ihre Geduld w\u00e4hrend dieser \u00dcbergangsphase.<\/p>\n","protected":false},"excerpt":{"rendered":"<p>Wir stellen auf eine einfachere Art und Weise um, um auf Ihre Schulungen und Zertifizierungen zuzugreifen. Im Rahmen der Umstellung&#8230;<\/p>\n","protected":false},"author":33,"featured_media":0,"parent":0,"menu_order":0,"comment_status":"closed","ping_status":"closed","template":"","meta":{"inline_featured_image":false,"footnotes":""},"class_list":["post-207043","page","type-page","status-publish","hentry"],"acf":[],"yoast_head":"<!-- This site is optimized with the Yoast SEO plugin v18.6 - https:\/\/yoast.com\/wordpress\/plugins\/seo\/ -->\n<title>Eine neue Schulungsplattform ist im Kommen - Wallbox Help Center<\/title>\n<meta name=\"robots\" content=\"index, follow, max-snippet:-1, max-image-preview:large, max-video-preview:-1\" \/>\n<link rel=\"canonical\" href=\"https:\/\/support.wallbox.com\/de\/eine-neue-schulungsplattform-ist-im-kommen\/\" \/>\n<meta property=\"og:locale\" content=\"de_DE\" \/>\n<meta property=\"og:type\" content=\"article\" \/>\n<meta property=\"og:title\" content=\"Eine neue Schulungsplattform ist im Kommen - Wallbox Help Center\" \/>\n<meta property=\"og:description\" content=\"Wir stellen auf eine einfachere Art und Weise um, um auf Ihre Schulungen und Zertifizierungen zuzugreifen. Im Rahmen der Umstellung...\" \/>\n<meta property=\"og:url\" content=\"https:\/\/support.wallbox.com\/de\/eine-neue-schulungsplattform-ist-im-kommen\/\" \/>\n<meta property=\"og:site_name\" content=\"Wallbox Help Center\" \/>\n<meta property=\"article:modified_time\" content=\"2025-10-23T06:59:33+00:00\" \/>\n<meta name=\"twitter:card\" content=\"summary_large_image\" \/>\n<meta name=\"twitter:label1\" content=\"Est. reading time\" \/>\n\t<meta name=\"twitter:data1\" content=\"1 minute\" \/>\n<script type=\"application\/ld+json\" class=\"yoast-schema-graph\">{\"@context\":\"https:\/\/schema.org\",\"@graph\":[{\"@type\":\"WebSite\",\"@id\":\"https:\/\/support.wallbox.com\/de\/#website\",\"url\":\"https:\/\/support.wallbox.com\/de\/\",\"name\":\"Wallbox Help Center\",\"description\":\"Get help for our products &amp; digital solutions\",\"potentialAction\":[{\"@type\":\"SearchAction\",\"target\":{\"@type\":\"EntryPoint\",\"urlTemplate\":\"https:\/\/support.wallbox.com\/de\/?s={search_term_string}\"},\"query-input\":\"required name=search_term_string\"}],\"inLanguage\":\"de-DE\"},{\"@type\":\"WebPage\",\"@id\":\"https:\/\/support.wallbox.com\/de\/eine-neue-schulungsplattform-ist-im-kommen\/#webpage\",\"url\":\"https:\/\/support.wallbox.com\/de\/eine-neue-schulungsplattform-ist-im-kommen\/\",\"name\":\"Eine neue Schulungsplattform ist im Kommen - Wallbox Help Center\",\"isPartOf\":{\"@id\":\"https:\/\/support.wallbox.com\/de\/#website\"},\"datePublished\":\"2025-10-23T06:51:01+00:00\",\"dateModified\":\"2025-10-23T06:59:33+00:00\",\"breadcrumb\":{\"@id\":\"https:\/\/support.wallbox.com\/de\/eine-neue-schulungsplattform-ist-im-kommen\/#breadcrumb\"},\"inLanguage\":\"de-DE\",\"potentialAction\":[{\"@type\":\"ReadAction\",\"target\":[\"https:\/\/support.wallbox.com\/de\/eine-neue-schulungsplattform-ist-im-kommen\/\"]}]},{\"@type\":\"BreadcrumbList\",\"@id\":\"https:\/\/support.wallbox.com\/de\/eine-neue-schulungsplattform-ist-im-kommen\/#breadcrumb\",\"itemListElement\":[{\"@type\":\"ListItem\",\"position\":1,\"name\":\"Home\",\"item\":\"https:\/\/support.wallbox.com\/de\/\"},{\"@type\":\"ListItem\",\"position\":2,\"name\":\"Eine neue Schulungsplattform ist im Kommen\"}]}]}<\/script>\n<!-- \/ Yoast SEO plugin. -->","yoast_head_json":{"title":"Eine neue Schulungsplattform ist im Kommen - Wallbox Help Center","robots":{"index":"index","follow":"follow","max-snippet":"max-snippet:-1","max-image-preview":"max-image-preview:large","max-video-preview":"max-video-preview:-1"},"canonical":"https:\/\/support.wallbox.com\/de\/eine-neue-schulungsplattform-ist-im-kommen\/","og_locale":"de_DE","og_type":"article","og_title":"Eine neue Schulungsplattform ist im Kommen - Wallbox Help Center","og_description":"Wir stellen auf eine einfachere Art und Weise um, um auf Ihre Schulungen und Zertifizierungen zuzugreifen. Im Rahmen der Umstellung...","og_url":"https:\/\/support.wallbox.com\/de\/eine-neue-schulungsplattform-ist-im-kommen\/","og_site_name":"Wallbox Help Center","article_modified_time":"2025-10-23T06:59:33+00:00","twitter_card":"summary_large_image","twitter_misc":{"Est. reading time":"1 minute"},"schema":{"@context":"https:\/\/schema.org","@graph":[{"@type":"WebSite","@id":"https:\/\/support.wallbox.com\/de\/#website","url":"https:\/\/support.wallbox.com\/de\/","name":"Wallbox Help Center","description":"Get help for our products &amp; digital solutions","potentialAction":[{"@type":"SearchAction","target":{"@type":"EntryPoint","urlTemplate":"https:\/\/support.wallbox.com\/de\/?s={search_term_string}"},"query-input":"required name=search_term_string"}],"inLanguage":"de-DE"},{"@type":"WebPage","@id":"https:\/\/support.wallbox.com\/de\/eine-neue-schulungsplattform-ist-im-kommen\/#webpage","url":"https:\/\/support.wallbox.com\/de\/eine-neue-schulungsplattform-ist-im-kommen\/","name":"Eine neue Schulungsplattform ist im Kommen - Wallbox Help Center","isPartOf":{"@id":"https:\/\/support.wallbox.com\/de\/#website"},"datePublished":"2025-10-23T06:51:01+00:00","dateModified":"2025-10-23T06:59:33+00:00","breadcrumb":{"@id":"https:\/\/support.wallbox.com\/de\/eine-neue-schulungsplattform-ist-im-kommen\/#breadcrumb"},"inLanguage":"de-DE","potentialAction":[{"@type":"ReadAction","target":["https:\/\/support.wallbox.com\/de\/eine-neue-schulungsplattform-ist-im-kommen\/"]}]},{"@type":"BreadcrumbList","@id":"https:\/\/support.wallbox.com\/de\/eine-neue-schulungsplattform-ist-im-kommen\/#breadcrumb","itemListElement":[{"@type":"ListItem","position":1,"name":"Home","item":"https:\/\/support.wallbox.com\/de\/"},{"@type":"ListItem","position":2,"name":"Eine neue Schulungsplattform ist im Kommen"}]}]}},"_links":{"self":[{"href":"https:\/\/support.wallbox.com\/de\/wp-json\/wp\/v2\/pages\/207043","targetHints":{"allow":["GET"]}}],"collection":[{"href":"https:\/\/support.wallbox.com\/de\/wp-json\/wp\/v2\/pages"}],"about":[{"href":"https:\/\/support.wallbox.com\/de\/wp-json\/wp\/v2\/types\/page"}],"author":[{"embeddable":true,"href":"https:\/\/support.wallbox.com\/de\/wp-json\/wp\/v2\/users\/33"}],"replies":[{"embeddable":true,"href":"https:\/\/support.wallbox.com\/de\/wp-json\/wp\/v2\/comments?post=207043"}],"version-history":[{"count":1,"href":"https:\/\/support.wallbox.com\/de\/wp-json\/wp\/v2\/pages\/207043\/revisions"}],"predecessor-version":[{"id":207044,"href":"https:\/\/support.wallbox.com\/de\/wp-json\/wp\/v2\/pages\/207043\/revisions\/207044"}],"wp:attachment":[{"href":"https:\/\/support.wallbox.com\/de\/wp-json\/wp\/v2\/media?parent=207043"}],"curies":[{"name":"wp","href":"https:\/\/api.w.org\/{rel}","templated":true}]}}