

{"id":44780,"date":"2019-06-20T14:09:04","date_gmt":"2019-06-20T12:09:04","guid":{"rendered":"https:\/\/support.wallbox.com\/kontakt-os\/"},"modified":"2026-04-01T13:24:37","modified_gmt":"2026-04-01T11:24:37","slug":"kontakt-os","status":"publish","type":"page","link":"https:\/\/support.wallbox.com\/da\/kontakt-os\/","title":{"rendered":"Kontakt os"},"content":{"rendered":"\t\t<div data-elementor-type=\"wp-post\" data-elementor-id=\"44780\" class=\"elementor elementor-44780 elementor-18\" data-elementor-post-type=\"page\">\n\t\t\t\t\t\t<section class=\"elementor-section elementor-top-section elementor-element elementor-element-8a53ace newWeb elementor-section-boxed elementor-section-height-default elementor-section-height-default\" data-id=\"8a53ace\" data-element_type=\"section\">\n\t\t\t\t\t\t<div class=\"elementor-container elementor-column-gap-default\">\n\t\t\t\t\t<div class=\"elementor-column elementor-col-100 elementor-top-column elementor-element elementor-element-d462932\" data-id=\"d462932\" data-element_type=\"column\">\n\t\t\t<div class=\"elementor-widget-wrap elementor-element-populated\">\n\t\t\t\t\t\t<div class=\"elementor-element elementor-element-614565e h2 elementor-widget elementor-widget-heading\" data-id=\"614565e\" data-element_type=\"widget\" data-widget_type=\"heading.default\">\n\t\t\t\t<div class=\"elementor-widget-container\">\n\t\t\t<h2 class=\"elementor-heading-title elementor-size-default\">Kontakt os<\/h2>\t\t<\/div>\n\t\t\t\t<\/div>\n\t\t\t\t\t<\/div>\n\t\t<\/div>\n\t\t\t\t\t<\/div>\n\t\t<\/section>\n\t\t\t\t<section class=\"elementor-section elementor-top-section elementor-element elementor-element-d305bed newWeb elementor-section-boxed elementor-section-height-default elementor-section-height-default\" data-id=\"d305bed\" data-element_type=\"section\">\n\t\t\t\t\t\t<div class=\"elementor-container elementor-column-gap-default\">\n\t\t\t\t\t<div class=\"elementor-column elementor-col-100 elementor-top-column elementor-element elementor-element-d4283ea\" data-id=\"d4283ea\" data-element_type=\"column\">\n\t\t\t<div class=\"elementor-widget-wrap elementor-element-populated\">\n\t\t\t\t\t\t<div class=\"elementor-element elementor-element-f48b45e elementor-tabs-view-horizontal elementor-widget elementor-widget-tabs\" data-id=\"f48b45e\" data-element_type=\"widget\" data-widget_type=\"tabs.default\">\n\t\t\t\t<div class=\"elementor-widget-container\">\n\t\t\t\t\t<div class=\"elementor-tabs\">\n\t\t\t<div class=\"elementor-tabs-wrapper\" role=\"tablist\" >\n\t\t\t\t\t\t\t\t\t<div id=\"elementor-tab-title-2561\" class=\"elementor-tab-title elementor-tab-desktop-title\" aria-selected=\"true\" data-tab=\"1\" role=\"tab\" tabindex=\"0\" aria-controls=\"elementor-tab-content-2561\" aria-expanded=\"false\">Kundeservice\/foresp\u00f8rgsel<\/div>\n\t\t\t\t\t\t\t<\/div>\n\t\t\t<div class=\"elementor-tabs-content-wrapper\" role=\"tablist\" aria-orientation=\"vertical\">\n\t\t\t\t\t\t\t\t\t<div class=\"elementor-tab-title elementor-tab-mobile-title\" aria-selected=\"true\" data-tab=\"1\" role=\"tab\" tabindex=\"0\" aria-controls=\"elementor-tab-content-2561\" aria-expanded=\"false\">Kundeservice\/foresp\u00f8rgsel<\/div>\n\t\t\t\t\t<div id=\"elementor-tab-content-2561\" class=\"elementor-tab-content elementor-clearfix\" data-tab=\"1\" role=\"tabpanel\" aria-labelledby=\"elementor-tab-title-2561\" tabindex=\"0\" hidden=\"false\"><p><strong>Vi er her for dig!<\/strong><\/p><p>For at behandle din anmodning s\u00e5 hurtigt som muligt har vi optimeret vores serviceproces.<br \/><strong>Fra nu af kan supportsager kun oprettes via vores chatbot.<\/strong><\/p><p>Det er nemt:<\/p><p><strong>Klik p\u00e5 chatikonet i nederste venstre hj\u00f8rne.<\/strong> Vores chatbot vil guide dig gennem de vigtigste sp\u00f8rgsm\u00e5l, s\u00e5 din sag g\u00e5r direkte til den rette ekspert. Dette sparer tid og sikrer en hurtigere l\u00f8sning.<\/p><p>N\u00e5r din sag er oprettet, vil vores serviceteam kontakte dig hurtigst muligt.<\/p><p>Tak for din st\u00f8tte!<\/p><p><strong>Dit ABL- og Wallbox-team<\/strong><\/p><\/div>\n\t\t\t\t\t\t\t<\/div>\n\t\t<\/div>\n\t\t\t\t<\/div>\n\t\t\t\t<\/div>\n\t\t\t\t\t<\/div>\n\t\t<\/div>\n\t\t\t\t\t<\/div>\n\t\t<\/section>\n\t\t\t\t<\/div>\n\t\t","protected":false},"excerpt":{"rendered":"<p>Kontakt os Kundeservice\/foresp\u00f8rgsel Kundeservice\/foresp\u00f8rgsel Vi er her for dig! For at behandle din anmodning s\u00e5 hurtigt som muligt har vi&#8230;<\/p>\n","protected":false},"author":23,"featured_media":0,"parent":0,"menu_order":0,"comment_status":"closed","ping_status":"closed","template":"elementor_header_footer","meta":{"inline_featured_image":false,"footnotes":""},"class_list":["post-44780","page","type-page","status-publish","hentry"],"acf":[],"yoast_head":"<!-- This site is optimized with the Yoast SEO plugin v18.6 - https:\/\/yoast.com\/wordpress\/plugins\/seo\/ -->\n<title>Kontakt os - Wallbox Help Center<\/title>\n<meta name=\"robots\" content=\"index, follow, max-snippet:-1, max-image-preview:large, max-video-preview:-1\" \/>\n<link rel=\"canonical\" href=\"https:\/\/support.wallbox.com\/da\/kontakt-os\/\" \/>\n<meta property=\"og:locale\" content=\"da_DK\" \/>\n<meta property=\"og:type\" content=\"article\" \/>\n<meta property=\"og:title\" content=\"Kontakt os - Wallbox Help Center\" \/>\n<meta property=\"og:description\" content=\"Kontakt os Kundeservice\/foresp\u00f8rgsel Kundeservice\/foresp\u00f8rgsel Vi er her for dig! For at behandle din anmodning s\u00e5 hurtigt som muligt har vi...\" \/>\n<meta property=\"og:url\" content=\"https:\/\/support.wallbox.com\/da\/kontakt-os\/\" \/>\n<meta property=\"og:site_name\" content=\"Wallbox Help Center\" \/>\n<meta property=\"article:modified_time\" content=\"2026-04-01T11:24:37+00:00\" \/>\n<meta name=\"twitter:card\" content=\"summary_large_image\" \/>\n<meta name=\"twitter:label1\" content=\"Est. reading time\" \/>\n\t<meta name=\"twitter:data1\" content=\"1 minute\" \/>\n<script type=\"application\/ld+json\" class=\"yoast-schema-graph\">{\"@context\":\"https:\/\/schema.org\",\"@graph\":[{\"@type\":\"WebSite\",\"@id\":\"https:\/\/support.wallbox.com\/da\/#website\",\"url\":\"https:\/\/support.wallbox.com\/da\/\",\"name\":\"Wallbox Help Center\",\"description\":\"Get help for our products &amp; digital solutions\",\"potentialAction\":[{\"@type\":\"SearchAction\",\"target\":{\"@type\":\"EntryPoint\",\"urlTemplate\":\"https:\/\/support.wallbox.com\/da\/?s={search_term_string}\"},\"query-input\":\"required name=search_term_string\"}],\"inLanguage\":\"da-DK\"},{\"@type\":\"WebPage\",\"@id\":\"https:\/\/support.wallbox.com\/da\/kontakt-os\/#webpage\",\"url\":\"https:\/\/support.wallbox.com\/da\/kontakt-os\/\",\"name\":\"Kontakt os - Wallbox Help Center\",\"isPartOf\":{\"@id\":\"https:\/\/support.wallbox.com\/da\/#website\"},\"datePublished\":\"2019-06-20T12:09:04+00:00\",\"dateModified\":\"2026-04-01T11:24:37+00:00\",\"breadcrumb\":{\"@id\":\"https:\/\/support.wallbox.com\/da\/kontakt-os\/#breadcrumb\"},\"inLanguage\":\"da-DK\",\"potentialAction\":[{\"@type\":\"ReadAction\",\"target\":[\"https:\/\/support.wallbox.com\/da\/kontakt-os\/\"]}]},{\"@type\":\"BreadcrumbList\",\"@id\":\"https:\/\/support.wallbox.com\/da\/kontakt-os\/#breadcrumb\",\"itemListElement\":[{\"@type\":\"ListItem\",\"position\":1,\"name\":\"Home\",\"item\":\"https:\/\/support.wallbox.com\/da\/\"},{\"@type\":\"ListItem\",\"position\":2,\"name\":\"Kontakt os\"}]}]}<\/script>\n<!-- \/ Yoast SEO plugin. -->","yoast_head_json":{"title":"Kontakt os - Wallbox Help Center","robots":{"index":"index","follow":"follow","max-snippet":"max-snippet:-1","max-image-preview":"max-image-preview:large","max-video-preview":"max-video-preview:-1"},"canonical":"https:\/\/support.wallbox.com\/da\/kontakt-os\/","og_locale":"da_DK","og_type":"article","og_title":"Kontakt os - Wallbox Help Center","og_description":"Kontakt os Kundeservice\/foresp\u00f8rgsel Kundeservice\/foresp\u00f8rgsel Vi er her for dig! For at behandle din anmodning s\u00e5 hurtigt som muligt har vi...","og_url":"https:\/\/support.wallbox.com\/da\/kontakt-os\/","og_site_name":"Wallbox Help Center","article_modified_time":"2026-04-01T11:24:37+00:00","twitter_card":"summary_large_image","twitter_misc":{"Est. reading time":"1 minute"},"schema":{"@context":"https:\/\/schema.org","@graph":[{"@type":"WebSite","@id":"https:\/\/support.wallbox.com\/da\/#website","url":"https:\/\/support.wallbox.com\/da\/","name":"Wallbox Help Center","description":"Get help for our products &amp; digital solutions","potentialAction":[{"@type":"SearchAction","target":{"@type":"EntryPoint","urlTemplate":"https:\/\/support.wallbox.com\/da\/?s={search_term_string}"},"query-input":"required name=search_term_string"}],"inLanguage":"da-DK"},{"@type":"WebPage","@id":"https:\/\/support.wallbox.com\/da\/kontakt-os\/#webpage","url":"https:\/\/support.wallbox.com\/da\/kontakt-os\/","name":"Kontakt os - Wallbox Help Center","isPartOf":{"@id":"https:\/\/support.wallbox.com\/da\/#website"},"datePublished":"2019-06-20T12:09:04+00:00","dateModified":"2026-04-01T11:24:37+00:00","breadcrumb":{"@id":"https:\/\/support.wallbox.com\/da\/kontakt-os\/#breadcrumb"},"inLanguage":"da-DK","potentialAction":[{"@type":"ReadAction","target":["https:\/\/support.wallbox.com\/da\/kontakt-os\/"]}]},{"@type":"BreadcrumbList","@id":"https:\/\/support.wallbox.com\/da\/kontakt-os\/#breadcrumb","itemListElement":[{"@type":"ListItem","position":1,"name":"Home","item":"https:\/\/support.wallbox.com\/da\/"},{"@type":"ListItem","position":2,"name":"Kontakt os"}]}]}},"_links":{"self":[{"href":"https:\/\/support.wallbox.com\/da\/wp-json\/wp\/v2\/pages\/44780","targetHints":{"allow":["GET"]}}],"collection":[{"href":"https:\/\/support.wallbox.com\/da\/wp-json\/wp\/v2\/pages"}],"about":[{"href":"https:\/\/support.wallbox.com\/da\/wp-json\/wp\/v2\/types\/page"}],"author":[{"embeddable":true,"href":"https:\/\/support.wallbox.com\/da\/wp-json\/wp\/v2\/users\/23"}],"replies":[{"embeddable":true,"href":"https:\/\/support.wallbox.com\/da\/wp-json\/wp\/v2\/comments?post=44780"}],"version-history":[{"count":3,"href":"https:\/\/support.wallbox.com\/da\/wp-json\/wp\/v2\/pages\/44780\/revisions"}],"predecessor-version":[{"id":207367,"href":"https:\/\/support.wallbox.com\/da\/wp-json\/wp\/v2\/pages\/44780\/revisions\/207367"}],"wp:attachment":[{"href":"https:\/\/support.wallbox.com\/da\/wp-json\/wp\/v2\/media?parent=44780"}],"curies":[{"name":"wp","href":"https:\/\/api.w.org\/{rel}","templated":true}]}}